{"id":1220,"date":"2018-03-09T11:05:02","date_gmt":"2018-03-09T11:05:02","guid":{"rendered":"http:\/\/tonda.select-themes.com\/?page_id=1220"},"modified":"2022-06-02T13:43:28","modified_gmt":"2022-06-02T12:43:28","slug":"contact-us","status":"publish","type":"page","link":"https:\/\/ceramicart.be\/nl\/contact-us\/","title":{"rendered":"Contact Us"},"content":{"rendered":"<div class=\"wpb-content-wrapper\"><div class=\"qodef-row-grid-section-wrapper \"  ><div class=\"qodef-row-grid-section\"><div class=\"vc_row wpb_row vc_row-fluid vc_custom_1521629503723\" ><div class=\"wpb_column vc_column_container vc_col-sm-5\"><div class=\"vc_column-inner\"><div class=\"wpb_wrapper\"><div class=\"qodef-section-title-holder   qodef-st-enable-text-separator qodef-st-text-available \" >\n\t<div class=\"qodef-st-inner\">\n\t\t\t\t\t<h2 class=\"qodef-st-title\" >\n\t\t\t\tContactez-moi\t\t\t<\/h2>\n\t\t\t\t<div class=\"qodef-st-text-holder clearfix\" style=\"margin-top: 16px;margin-bottom: 32px\">\n\t\t\t\t\t\t\t<span class=\"qodef-st-separator\"><\/span>\n\t\t\t\t\t\t\t\t\t\t<p class=\"qodef-st-text\" >\n\t\t\t\t\tVous avez envie de commander une pi\u00e8ce unique en c\u00e9ramique ou de troquer votre clavier contre un peu de terre?<br \/>\nJe r\u00e9ponds avec plaisir \u00e0 vos questions.\t\t\t\t<\/p>\n\t\t\t\t\t<\/div>\n\t\t\t<\/div>\n<\/div><div class=\"vc_empty_space\"   style=\"height: 32px\"><span class=\"vc_empty_space_inner\"><\/span><\/div>\n\t<div class=\"wpb_text_column wpb_content_element vc_custom_1620379847747\" >\n\t\t<div class=\"wpb_wrapper\">\n\t\t\t<h5><strong>C\u00e9cile Rochus<\/strong><\/h5>\n<h5><a href=\"https:\/\/www.google.com\/maps\/place\/Warandelaan+137,+1800+Vilvoorde\/data=!4m2!3m1!1s0x47c3c2f5eb690319:0xde871c47723b019c?sa=X&amp;ved=2ahUKEwjDt4LuqenrAhUGyxoKHajHCEMQ8gEwAHoECAsQAQ\">Warandelaan 137 .<br \/>\n1800 Vilvoorde &#8211; Belgium<\/a><br \/>\n<a href=\"tel:+32 479 29 28 36\"> +32 479 29 28 36 <\/a><br \/>\ninfo \u00ab\u00a0AT@\u00a0\u00bb ceramicart.be<\/h5>\n\n\t\t<\/div>\n\t<\/div>\n    <span class=\"qodef-icon-shortcode qodef-normal   qodef-icon-small\"  >\n                    <a itemprop=\"url\" class=\"\" href=\"https:\/\/www.facebook.com\/ceramicartcecilerochus\" target=\"_blank\">\n                    <i class=\"qodef-icon-font-awesome fa fa-facebook qodef-icon-element\" style=\"font-size:18px\" ><\/i>                    <\/a>\n            <\/span>\n    <span class=\"qodef-icon-shortcode qodef-normal   qodef-icon-small\" style=\"margin: 0 25px 0 25px\" >\n                    <a itemprop=\"url\" class=\"\" href=\"https:\/\/www.instagram.com\/ceramicartcecilerochus\/?hl=fr\" target=\"_blank\">\n                    <i class=\"qodef-icon-font-awesome fa fa-instagram qodef-icon-element\" style=\"font-size:18px\" ><\/i>                    <\/a>\n            <\/span>\n    <span class=\"qodef-icon-shortcode qodef-normal   qodef-icon-small\" style=\"margin: 0 25px 0 25px\" >\n                    <a itemprop=\"url\" class=\"\" href=\"https:\/\/www.youtube.com\/channel\/UCThQYiafiMOOIq6QJFsAsvA?view_as=subscriber\" target=\"_blank\">\n                    <i class=\"qodef-icon-font-awesome fa fa-youtube qodef-icon-element\" style=\"font-size:18px\" ><\/i>                    <\/a>\n            <\/span>\n    <span class=\"qodef-icon-shortcode qodef-normal   qodef-icon-small\" style=\"margin: 0 25px 0 25px\" >\n                    <a itemprop=\"url\" class=\"\" href=\"https:\/\/www.linkedin.com\/in\/cecile-rochus-7570792\/\" target=\"_blank\">\n                    <i class=\"qodef-icon-font-awesome fa fa-linkedin qodef-icon-element\" style=\"font-size:18px\" ><\/i>                    <\/a>\n            <\/span>\n<\/div><\/div><\/div><div class=\"wpb_column vc_column_container vc_col-sm-7\"><div class=\"vc_column-inner\"><div class=\"wpb_wrapper\"><div class=\"qodef-elements-holder   qodef-one-column  qodef-responsive-mode-768 \" ><div class=\"qodef-eh-item    \"  data-item-class=\"qodef-eh-custom-9628\" data-1024-1366=\"137px 0 0\">\n\t<div class=\"qodef-eh-item-inner\">\n\t\t<div class=\"qodef-eh-item-content qodef-eh-custom-9628\" style=\"padding: 118px 0 0\">\n\t\t\t\n<div class=\"wpcf7 no-js\" id=\"wpcf7-f3678-o1\" lang=\"en-US\" dir=\"ltr\" data-wpcf7-id=\"3678\">\n<div class=\"screen-reader-response\"><p role=\"status\" aria-live=\"polite\" aria-atomic=\"true\"><\/p> <ul><\/ul><\/div>\n<form action=\"\/nl\/wp-json\/wp\/v2\/pages\/1220#wpcf7-f3678-o1\" method=\"post\" class=\"wpcf7-form init cf7_custom_style_1\" aria-label=\"Contact form\" novalidate=\"novalidate\" data-status=\"init\">\n<div style=\"display: none;\">\n<input type=\"hidden\" name=\"_wpcf7\" value=\"3678\" \/>\n<input type=\"hidden\" name=\"_wpcf7_version\" value=\"6.0.6\" \/>\n<input type=\"hidden\" name=\"_wpcf7_locale\" value=\"en_US\" \/>\n<input type=\"hidden\" name=\"_wpcf7_unit_tag\" value=\"wpcf7-f3678-o1\" \/>\n<input type=\"hidden\" name=\"_wpcf7_container_post\" value=\"0\" \/>\n<input type=\"hidden\" name=\"_wpcf7_posted_data_hash\" value=\"\" \/>\n<input type=\"hidden\" name=\"_wpcf7_recaptcha_response\" value=\"\" \/>\n<\/div>\n<div class=\"qodef-grid-row qodef-grid-small-gutter\">\n\t<div class=\"qodef-grid-col-6\">\n\t\t<p><span class=\"wpcf7-form-control-wrap\" data-name=\"your-name\"><input size=\"40\" maxlength=\"400\" class=\"wpcf7-form-control wpcf7-text wpcf7-validates-as-required\" aria-required=\"true\" aria-invalid=\"false\" placeholder=\"NAME\" value=\"\" type=\"text\" name=\"your-name\" \/><\/span>\n\t\t<\/p>\n\t<\/div>\n\t<div class=\"qodef-grid-col-6\">\n\t\t<p><span class=\"wpcf7-form-control-wrap\" data-name=\"your-email\"><input size=\"40\" maxlength=\"400\" class=\"wpcf7-form-control wpcf7-email wpcf7-validates-as-required wpcf7-text wpcf7-validates-as-email\" aria-required=\"true\" aria-invalid=\"false\" placeholder=\"EMAIL\" value=\"\" type=\"email\" name=\"your-email\" \/><\/span>\n\t\t<\/p>\n\t<\/div>\n<\/div>\n<p style=\"text-align: right;\"><br \/>\n<span class=\"wpcf7-form-control-wrap\" data-name=\"your-message\"><textarea cols=\"40\" rows=\"10\" maxlength=\"2000\" class=\"wpcf7-form-control wpcf7-textarea\" aria-invalid=\"false\" placeholder=\"MESSAGE\" name=\"your-message\"><\/textarea><\/span><input class=\"wpcf7-form-control wpcf7-submit has-spinner qodef-cf7-hover\" type=\"submit\" value=\"Send\" \/>\n<\/p><div class=\"wpcf7-response-output\" aria-hidden=\"true\"><\/div>\n<\/form>\n<\/div>\n\t\t<\/div>\n\t<\/div>\n<\/div><\/div><\/div><\/div><\/div><\/div><\/div><\/div><div class=\"qodef-row-grid-section-wrapper \"  ><div class=\"qodef-row-grid-section\"><div class=\"vc_row wpb_row vc_row-fluid\" ><div class=\"wpb_column vc_column_container vc_col-sm-12\"><div class=\"vc_column-inner\"><div class=\"wpb_wrapper\"><div class=\"qodef-section-title-holder   qodef-st-enable-text-separator  \" >\n\t<div class=\"qodef-st-inner\">\n\t\t\t\t\t<h2 class=\"qodef-st-title\" >\n\t\t\t\tStores\t\t\t<\/h2>\n\t\t\t\t<div class=\"qodef-st-text-holder clearfix\" style=\"margin-top: 16px;margin-bottom: 32px;color: #000000\">\n\t\t\t\t\t\t\t<span class=\"qodef-st-separator\"><\/span>\n\t\t\t\t\t\t\t\t<\/div>\n\t\t\t<\/div>\n<\/div><\/div><\/div><\/div><\/div><\/div><\/div><div class=\"qodef-row-grid-section-wrapper \"  ><div class=\"qodef-row-grid-section\"><div class=\"vc_row wpb_row vc_row-fluid vc_custom_1521105889341\" ><div class=\"wpb_column vc_column_container vc_col-sm-6 vc_col-lg-3\"><div class=\"vc_column-inner\"><div class=\"wpb_wrapper\"><div class=\"qodef-image-with-text-holder    \">\n    <div class=\"qodef-iwt-image\">\n\t                                                <img fetchpriority=\"high\" decoding=\"async\" width=\"800\" height=\"800\" src=\"https:\/\/ceramicart.be\/wp-content\/uploads\/2022\/06\/20220204_122510.jpg\" class=\"attachment-full size-full\" alt=\"\" srcset=\"https:\/\/ceramicart.be\/wp-content\/uploads\/2022\/06\/20220204_122510.jpg 800w, https:\/\/ceramicart.be\/wp-content\/uploads\/2022\/06\/20220204_122510-300x300.jpg 300w, https:\/\/ceramicart.be\/wp-content\/uploads\/2022\/06\/20220204_122510-150x150.jpg 150w, https:\/\/ceramicart.be\/wp-content\/uploads\/2022\/06\/20220204_122510-768x768.jpg 768w, https:\/\/ceramicart.be\/wp-content\/uploads\/2022\/06\/20220204_122510-12x12.jpg 12w, https:\/\/ceramicart.be\/wp-content\/uploads\/2022\/06\/20220204_122510-550x550.jpg 550w, https:\/\/ceramicart.be\/wp-content\/uploads\/2022\/06\/20220204_122510-600x600.jpg 600w, https:\/\/ceramicart.be\/wp-content\/uploads\/2022\/06\/20220204_122510-100x100.jpg 100w\" sizes=\"(max-width: 800px) 100vw, 800px\" \/>                                <\/div>\n    <div class=\"qodef-iwt-text-holder\">\n                    <h4 class=\"qodef-iwt-title\" >Les \u00e9ph\u00e9m\u00e8res<\/h4>\n        \t\t    <\/div>\n<\/div>\n\t<div class=\"wpb_text_column wpb_content_element\" >\n\t\t<div class=\"wpb_wrapper\">\n\t\t\t<p><a href=\"https:\/\/www.google.com\/maps\/place\/Les+Eph%C3%A9m%C3%A8res+ASBL\/@50.8378554,4.3498736,15z\/data=!4m5!3m4!1s0x0:0xde9614507d14000d!8m2!3d50.8378669!4d4.3498577\">Rue Haute 184,<\/a><\/p>\n<p>1000 Bruxelles<\/p>\n\n\t\t<\/div>\n\t<\/div>\n<div class=\"vc_empty_space\"   style=\"height: 32px\"><span class=\"vc_empty_space_inner\"><\/span><\/div><\/div><\/div><\/div><div class=\"wpb_column vc_column_container vc_col-sm-6 vc_col-lg-3\"><div class=\"vc_column-inner\"><div class=\"wpb_wrapper\"><div class=\"qodef-image-with-text-holder    \">\n    <div class=\"qodef-iwt-image\">\n\t                                <\/div>\n    <div class=\"qodef-iwt-text-holder\">\n                    <h4 class=\"qodef-iwt-title\" >...<\/h4>\n        \t\t    <\/div>\n<\/div>\n\t<div class=\"wpb_text_column wpb_content_element\" >\n\t\t<div class=\"wpb_wrapper\">\n\t\t\t\n\t\t<\/div>\n\t<\/div>\n<div class=\"vc_empty_space\"   style=\"height: 32px\"><span class=\"vc_empty_space_inner\"><\/span><\/div><\/div><\/div><\/div><div class=\"wpb_column vc_column_container vc_col-sm-6 vc_col-lg-3\"><div class=\"vc_column-inner\"><div class=\"wpb_wrapper\"><div class=\"qodef-image-with-text-holder    \">\n    <div class=\"qodef-iwt-image\">\n\t                                <\/div>\n    <div class=\"qodef-iwt-text-holder\">\n                    <h4 class=\"qodef-iwt-title\" >...<\/h4>\n        \t\t    <\/div>\n<\/div>\n\t<div class=\"wpb_text_column wpb_content_element\" >\n\t\t<div class=\"wpb_wrapper\">\n\t\t\t\n\t\t<\/div>\n\t<\/div>\n<div class=\"vc_empty_space\"   style=\"height: 32px\"><span class=\"vc_empty_space_inner\"><\/span><\/div><\/div><\/div><\/div><\/div><\/div><\/div><div class=\"vc_row wpb_row vc_row-fluid\" ><div class=\"wpb_column vc_column_container vc_col-sm-12\"><div class=\"vc_column-inner\"><div class=\"wpb_wrapper\"><div class=\"qodef-google-map-holder\">\n\t<div class=\"qodef-google-map\" id=\"qodef-map-2463357\" data-addresses='[\"137 warandelaan\"]' data-custom-map-style=no data-color-overlay=#393939 data-saturation=-100 data-lightness=-60 data-zoom=12 data-pin=https:\/\/ceramicart.be\/wp-content\/uploads\/2018\/03\/google-pin.png data-unique-id=2463357 data-scroll-wheel=no data-height=415 data-snazzy-map-style=yes><\/div>\n\t        \t\t<input type=\"hidden\" class=\"qodef-snazzy-map\" value=\"`{`\n{\n``featureType``: ``administrative``,\n``elementType``: ``labels.text.fill``,\n``stylers``: `{`\n{\n``color``: ``#444444``\n}\n`}`\n},\n{\n``featureType``: ``administrative.country``,\n``elementType``: ``geometry.fill``,\n``stylers``: `{`\n{\n``saturation``: ``17``\n}\n`}`\n},\n{\n``featureType``: ``landscape``,\n``elementType``: ``all``,\n``stylers``: `{`\n{\n``color``: ``#f2f2f2``\n}\n`}`\n},\n{\n``featureType``: ``poi``,\n``elementType``: ``all``,\n``stylers``: `{`\n{\n``visibility``: ``off``\n}\n`}`\n},\n{\n``featureType``: ``road``,\n``elementType``: ``all``,\n``stylers``: `{`\n{\n``saturation``: -100\n},\n{\n``lightness``: 45\n}\n`}`\n},\n{\n``featureType``: ``road.highway``,\n``elementType``: ``all``,\n``stylers``: `{`\n{\n``visibility``: ``simplified``\n}\n`}`\n},\n{\n``featureType``: ``road.arterial``,\n``elementType``: ``labels.icon``,\n``stylers``: `{`\n{\n``visibility``: ``off``\n}\n`}`\n},\n{\n``featureType``: ``transit``,\n``elementType``: ``all``,\n``stylers``: `{`\n{\n``visibility``: ``off``\n}\n`}`\n},\n{\n``featureType``: ``water``,\n``elementType``: ``all``,\n``stylers``: `{`\n{\n``color``: ``#f8ded9``\n},\n{\n``visibility``: ``on``\n}\n`}`\n}\n`}`\" \/>\n\t\t\t\t<div class=\"qodef-google-map-overlay\"><\/div>\n\t<\/div>\n<\/div><\/div><\/div><\/div>\n<\/div>","protected":false},"excerpt":{"rendered":"Contactez-moi Vous avez envie de commander une pi\u00e8ce unique en c\u00e9ramique ou de troquer votre clavier contre un peu de terre? Je r\u00e9ponds avec plaisir \u00e0 vos questions. C\u00e9cile Rochus Warandelaan 137 . 1800 Vilvoorde - Belgium +32 479 29 [...]","protected":false},"author":1,"featured_media":0,"parent":0,"menu_order":0,"comment_status":"closed","ping_status":"closed","template":"full-width.php","meta":{"footnotes":""},"class_list":["post-1220","page","type-page","status-publish","hentry"],"jetpack_sharing_enabled":true,"_links":{"self":[{"href":"https:\/\/ceramicart.be\/nl\/wp-json\/wp\/v2\/pages\/1220"}],"collection":[{"href":"https:\/\/ceramicart.be\/nl\/wp-json\/wp\/v2\/pages"}],"about":[{"href":"https:\/\/ceramicart.be\/nl\/wp-json\/wp\/v2\/types\/page"}],"author":[{"embeddable":true,"href":"https:\/\/ceramicart.be\/nl\/wp-json\/wp\/v2\/users\/1"}],"replies":[{"embeddable":true,"href":"https:\/\/ceramicart.be\/nl\/wp-json\/wp\/v2\/comments?post=1220"}],"version-history":[{"count":25,"href":"https:\/\/ceramicart.be\/nl\/wp-json\/wp\/v2\/pages\/1220\/revisions"}],"predecessor-version":[{"id":7516,"href":"https:\/\/ceramicart.be\/nl\/wp-json\/wp\/v2\/pages\/1220\/revisions\/7516"}],"wp:attachment":[{"href":"https:\/\/ceramicart.be\/nl\/wp-json\/wp\/v2\/media?parent=1220"}],"curies":[{"name":"wp","href":"https:\/\/api.w.org\/{rel}","templated":true}]}}