{"id":1249,"date":"2018-03-09T12:43:08","date_gmt":"2018-03-09T11:43:08","guid":{"rendered":"http:\/\/tonda.select-themes.com\/?page_id=1249"},"modified":"2023-06-09T13:23:10","modified_gmt":"2023-06-09T12:23:10","slug":"about-me","status":"publish","type":"page","link":"https:\/\/ceramicart.be\/nl\/about-me\/","title":{"rendered":"About Me"},"content":{"rendered":"<div class=\"wpb-content-wrapper\"><div class=\"vc_row wpb_row vc_row-fluid vc_custom_1520600088392 vc_row-o-equal-height vc_row-flex\" ><div class=\"wpb_column vc_column_container vc_col-sm-8 vc_col-lg-offset-0 vc_col-lg-6 vc_col-md-offset-0 vc_col-md-12 vc_col-sm-offset-0\"><div class=\"vc_column-inner\"><div class=\"wpb_wrapper\"><div class=\"qodef-elements-holder   qodef-one-column  qodef-responsive-mode-768\" ><div class=\"qodef-eh-item\"  data-item-class=\"qodef-eh-custom-6913\" data-1366-1600=\"56px 0 0 33.7%\" data-1024-1366=\"43px 0 0 19%\" data-768-1024=\"0px 0 73px 11.6%\" data-680-768=\"0px 0 73px 9.9%\" data-680=\"0px 0 73px 9.9%\">\n\t<div class=\"qodef-eh-item-inner\">\n\t\t<div class=\"qodef-eh-item-content qodef-eh-custom-6913\" style=\"padding: 119px 0 0 32%\">\n\t\t\t<div class=\"qodef-section-title-holder   qodef-st-enable-text-separator\" >\n\t<div class=\"qodef-st-inner\">\n\t\t\t\t\t<h1 class=\"qodef-st-title\" >\n\t\t\t\tC\u00e9cile<br \/> Rochus\t\t\t<\/h1>\n\t\t\t\t<div class=\"qodef-st-text-holder clearfix\" style=\"margin-top: 16px;margin-bottom: 29px;color: #000000\">\n\t\t\t\t\t\t\t<span class=\"qodef-st-separator\"><\/span>\n\t\t\t\t\t\t\t\t<\/div>\n\t\t\t<\/div>\n<\/div><div class=\"qodef-section-title-holder\" >\n\t<div class=\"qodef-st-inner\">\n\t\t\t\t\t<h2 class=\"qodef-st-title\" >\n\t\t\t\tKeramiste van emoties\t\t\t<\/h2>\n\t\t\t\t<div class=\"qodef-st-text-holder clearfix\" style=\"margin-top: 0px;margin-bottom: 0px\">\n\t\t\t\t\t\t\t\t<\/div>\n\t\t\t<\/div>\n<\/div>\n\t<div class=\"wpb_text_column wpb_content_element\" >\n\t\t<div class=\"wpb_wrapper\">\n\t\t\t<p>Lange tijd ben ik op zoek geweest naar wat keramiek in mij openbaarde. Door klei leerde ik dat wanneer ik mijzelf centraal stelde, ik uit een bolletje klei een uniek voorwerp kon scheppen. Werken met klei leert me nog steeds geduld en traagheid op te brengen. Het onthult ook onze gebreken en zwakheden, maar bovenal sublimeert het de diepte van onze ziel.<\/p>\n\n\t\t<\/div>\n\t<\/div>\n<div class=\"vc_empty_space\"   style=\"height: 24px\"><span class=\"vc_empty_space_inner\"><\/span><\/div>    <span class=\"qodef-icon-shortcode qodef-normal   qodef-icon-small\" style=\"margin: 0 0 0 2px\" >\n                    <a itemprop=\"url\" class=\"\" href=\"https:\/\/www.facebook.com\/ceramicartcecilerochus\" target=\"_blank\">\n                    <i class=\"qodef-icon-font-awesome fa fa-facebook qodef-icon-element\" style=\"font-size:18px\" ><\/i>                    <\/a>\n            <\/span>\n    <span class=\"qodef-icon-shortcode qodef-normal   qodef-icon-small\" style=\"margin: 0 0 0 2px\" >\n                    <a itemprop=\"url\" class=\"\" href=\"https:\/\/www.facebook.com\/groups\/297558914693661\" target=\"_blank\">\n                    <i class=\"qodef-icon-font-awesome fa fa-user-circle qodef-icon-element\" style=\"font-size:18px\" ><\/i>                    <\/a>\n            <\/span>\n    <span class=\"qodef-icon-shortcode qodef-normal   qodef-icon-small\"  >\n                    <a itemprop=\"url\" class=\"\" href=\"http:\/\/www.instagram.com\/ceramicartcecilerochus\/\" target=\"_blank\">\n                    <i class=\"qodef-icon-font-awesome fa fa-instagram qodef-icon-element\" style=\"font-size:18px\" ><\/i>                    <\/a>\n            <\/span>\n    <span class=\"qodef-icon-shortcode qodef-normal   qodef-icon-small\"  >\n                    <a itemprop=\"url\" class=\"\" href=\"https:\/\/www.youtube.com\/channel\/UCThQYiafiMOOIq6QJFsAsvA?view_as=subscriber\" target=\"_blank\">\n                    <i class=\"qodef-icon-font-awesome fa fa-youtube qodef-icon-element\" style=\"font-size:18px\" ><\/i>                    <\/a>\n            <\/span>\n    <span class=\"qodef-icon-shortcode qodef-normal   qodef-icon-small\"  >\n                    <a itemprop=\"url\" class=\"\" href=\"https:\/\/www.linkedin.com\/in\/cecile-rochus-7570792\/\" target=\"_blank\">\n                    <i class=\"qodef-icon-font-awesome fa fa-linkedin qodef-icon-element\" style=\"font-size:18px\" ><\/i>                    <\/a>\n            <\/span>\n\t\t<\/div>\n\t<\/div>\n<\/div><\/div><\/div><\/div><\/div><div class=\"wpb_column vc_column_container vc_col-sm-4 vc_col-lg-offset-0 vc_col-lg-6 vc_col-md-offset-0 vc_col-md-12 vc_col-sm-offset-0\"><div class=\"vc_column-inner\"><div class=\"wpb_wrapper\"><div class=\"qodef-elements-holder   qodef-one-column  qodef-responsive-mode-768\" ><div class=\"qodef-eh-item   qodef-horizontal-alignment-right\"  data-item-class=\"qodef-eh-custom-7550\" data-1024-1366=\"0 0 0 15px\" data-768-1024=\"0 12% 0 12%\" data-680-768=\"0 9.9% 9.9%\">\n\t<div class=\"qodef-eh-item-inner\">\n\t\t<div class=\"qodef-eh-item-content qodef-eh-custom-7550\" >\n\t\t\t<div class=\"qodef-single-image-holder\">\n    <div class=\"qodef-si-inner\" >\n                                    <img fetchpriority=\"high\" decoding=\"async\" width=\"799\" height=\"600\" src=\"https:\/\/ceramicart.be\/wp-content\/uploads\/2020\/09\/IMG_6964-scaled-e1605611411736.jpg\" class=\"attachment-large size-large\" alt=\"Cecile Rochus Portrait\" \/>                        <\/div>\n<\/div>\t\t<\/div>\n\t<\/div>\n<\/div><\/div><\/div><\/div><\/div><\/div><div class=\"vc_row wpb_row vc_row-fluid vc_custom_1520602549226 vc_row-o-equal-height vc_row-flex\" ><div class=\"wpb_column vc_column_container vc_col-sm-3 vc_col-lg-offset-0 vc_col-lg-6 vc_col-md-offset-0 vc_col-md-12 vc_col-sm-offset-0\"><div class=\"vc_column-inner\"><div class=\"wpb_wrapper\"><div class=\"qodef-elements-holder   qodef-one-column  qodef-responsive-mode-768\" ><div class=\"qodef-eh-item\"  data-item-class=\"qodef-eh-custom-7296\"  data-768-1024=\"0 12% 0 12%\" data-680-768=\"0 9.9% 9.9%\">\n\t<div class=\"qodef-eh-item-inner\">\n\t\t<div class=\"qodef-eh-item-content qodef-eh-custom-7296\" >\n\t\t\t<div class=\"qodef-single-image-holder\">\n    <div class=\"qodef-si-inner\" >\n                                    <img decoding=\"async\" width=\"1024\" height=\"769\" src=\"https:\/\/ceramicart.be\/wp-content\/uploads\/2020\/10\/IMG_6976-1024x769.jpg\" class=\"attachment-large size-large\" alt=\"Pixie avec un mug\" srcset=\"https:\/\/ceramicart.be\/wp-content\/uploads\/2020\/10\/IMG_6976-1024x769.jpg 1024w, https:\/\/ceramicart.be\/wp-content\/uploads\/2020\/10\/IMG_6976-300x225.jpg 300w, https:\/\/ceramicart.be\/wp-content\/uploads\/2020\/10\/IMG_6976-768x577.jpg 768w, https:\/\/ceramicart.be\/wp-content\/uploads\/2020\/10\/IMG_6976-1536x1154.jpg 1536w, https:\/\/ceramicart.be\/wp-content\/uploads\/2020\/10\/IMG_6976-600x451.jpg 600w, https:\/\/ceramicart.be\/wp-content\/uploads\/2020\/10\/IMG_6976-scaled-e1605446929107.jpg 800w\" sizes=\"(max-width: 1024px) 100vw, 1024px\" \/>                        <\/div>\n<\/div>\t\t<\/div>\n\t<\/div>\n<\/div><\/div><\/div><\/div><\/div><div class=\"wpb_column vc_column_container vc_col-sm-9 vc_col-lg-offset-0 vc_col-lg-6 vc_col-md-offset-0 vc_col-md-12 vc_col-sm-offset-0\"><div class=\"vc_column-inner\"><div class=\"wpb_wrapper\"><div class=\"qodef-elements-holder   qodef-one-column  qodef-responsive-mode-768\" ><div class=\"qodef-eh-item\"  data-item-class=\"qodef-eh-custom-4659\" data-1366-1600=\"33px 39% 0 0\" data-1024-1366=\"29px 24% 0 3%\" data-768-1024=\"71px 21% 0 12%\" data-680-768=\"71px 21% 0 10.3%\" data-680=\"71px 6% 0 10.3%\">\n\t<div class=\"qodef-eh-item-inner\">\n\t\t<div class=\"qodef-eh-item-content qodef-eh-custom-4659\" style=\"padding: 95px 39% 0 0\">\n\t\t\t<div class=\"qodef-section-title-holder\" >\n\t<div class=\"qodef-st-inner\">\n\t\t\t\t\t<h4 class=\"qodef-st-title\" >\n\t\t\t\tKLEI EN IK\t\t\t<\/h4>\n\t\t\t\t<div class=\"qodef-st-text-holder clearfix\" style=\"margin-top: 0px;margin-bottom: 0px\">\n\t\t\t\t\t\t\t\t<\/div>\n\t\t\t<\/div>\n<\/div>\n\t<div class=\"wpb_text_column wpb_content_element vc_custom_1654174288271 qodef-custom-text-link\" >\n\t\t<div class=\"wpb_wrapper\">\n\t\t\t<p>Mijn handen hebben voor het eerst klei bewerkt in 1997, tijdens mijn uitwisselingsjaar in Minnesota. Ik wist meteen dat ik er meer mee zou doen. Het was een kwestie van intu\u00eftie! Maar pas een paar jaar later ontdekte ik tijdens een rondleiding een keramist bij mij in de straat. Was het toeval? Nee, ik geloof het niet. Het was het universum dat me terug op het pad van keramiek zette. Er volgde een periode waarin mijn 10 vingers niet volstonden om alles wat ik in mijn hoofd had te cre\u00ebren. Klei werd mijn uitlaatklep, mijn middel van expressie! Ik moest me kunnen uitdrukken zonder tussenkomst van verstand of woorden. En toch heeft klei me soms gepijnigd door me eraan te herinneren dat ze niet liegt. De aarde draagt de herinnering aan elk van onze handbewegingen. Het is de klei die mij meesleept in het plezier van het ontdekken van gewaarwordingen, het plezier van het spelen en het verkennen van de materie, en het is ook de klei die mij in staat stelt mij opnieuw te verbinden met mijzelf en met anderen. Door middel van klei neem ik kinderen en volwassenen mee in de ontdekking van de wereld en zichzelf: geduld, doorzettingsvermogen, concentratie, veerkracht, loslaten, verankeren, maar bovenal het verbinden van het hart met de handen.<br \/>\nHet is om al deze redenen dat ik klei heb gekozen (of liever dat zij mij heeft gekozen) om vrij te cre\u00ebren, om mij zonder grenzen uit te drukken, om mij opnieuw met mijn ziel te verbinden.<\/p>\n\n\t\t<\/div>\n\t<\/div>\n<div class=\"vc_empty_space\"   style=\"height: 39px\"><span class=\"vc_empty_space_inner\"><\/span><\/div>\t\t<\/div>\n\t<\/div>\n<\/div><\/div><\/div><\/div><\/div><\/div><div class=\"qodef-row-grid-section-wrapper\"  ><div class=\"qodef-row-grid-section\"><div class=\"vc_row wpb_row vc_row-fluid vc_custom_1522411265376\" ><div class=\"wpb_column vc_column_container vc_col-sm-12\"><div class=\"vc_column-inner\"><div class=\"wpb_wrapper\"><div class=\"qodef-elements-holder   qodef-one-column  qodef-responsive-mode-768\" ><div class=\"qodef-eh-item   qodef-horizontal-alignment-center\" style=\"background-image: url(https:\/\/ceramicart.be\/wp-content\/uploads\/2022\/11\/20221113_141706-e1669574829699.jpg)\" data-item-class=\"qodef-eh-custom-4956\" data-1024-1366=\"133px 22% 140px 0\">\n\t<div class=\"qodef-eh-item-inner\">\n\t\t<div class=\"qodef-eh-item-content qodef-eh-custom-4956\" style=\"padding: 50px 0% 50px 0\">\n\t\t\t<div class=\"qodef-section-title-holder   qodef-st-enable-text-separator\" >\n\t<div class=\"qodef-st-inner\">\n\t\t\t\t\t<h2 class=\"qodef-st-title\" style=\"color: #ffffff\">\n\t\t\t\tWil je ook<br \/> een deel van je verhaal vertellen?\t\t\t<\/h2>\n\t\t\t\t<div class=\"qodef-st-text-holder clearfix\" >\n\t\t\t\t\t\t\t<span class=\"qodef-st-separator\"><\/span>\n\t\t\t\t\t\t\t\t<\/div>\n\t\t\t<\/div>\n<\/div><a itemprop=\"url\" href=\"https:\/\/ceramicart.be\/nl\/contact-us\/\" target=\"_blank\"  class=\"qodef-btn qodef-btn-medium qodef-btn-solid qodef-dir-aware-hover\"  >\n    <span class=\"qodef-btn-text\">Neem contact met me op<\/span>\n            \t<span class=\"qodef-btn-background-holder\">\n\t\t    <span class=\"qodef-btn-background\"><\/span>\n\t   <\/span>\n    <\/a>\t\t<\/div>\n\t<\/div>\n<\/div><\/div><\/div><\/div><\/div><\/div><\/div><\/div>\n<\/div>","protected":false},"excerpt":{"rendered":"C\u00e9cile Rochus C\u00e9ramiste d'\u00e9motions J\u2019ai longtemps cherch\u00e9 ce que la c\u00e9ramique a r\u00e9v\u00e9l\u00e9 en moi. Au travers de la terre, j\u2019ai appris que lorsque j\u2019\u00e9tais centr\u00e9e sur moi-m\u00eame, je pouvais faire na\u00eetre d\u2019une boule de terre un objet unique. Le [...]","protected":false},"author":1,"featured_media":0,"parent":0,"menu_order":0,"comment_status":"closed","ping_status":"closed","template":"","meta":{"footnotes":""},"class_list":["post-1249","page","type-page","status-publish","hentry"],"jetpack_sharing_enabled":true,"_links":{"self":[{"href":"https:\/\/ceramicart.be\/nl\/wp-json\/wp\/v2\/pages\/1249"}],"collection":[{"href":"https:\/\/ceramicart.be\/nl\/wp-json\/wp\/v2\/pages"}],"about":[{"href":"https:\/\/ceramicart.be\/nl\/wp-json\/wp\/v2\/types\/page"}],"author":[{"embeddable":true,"href":"https:\/\/ceramicart.be\/nl\/wp-json\/wp\/v2\/users\/1"}],"replies":[{"embeddable":true,"href":"https:\/\/ceramicart.be\/nl\/wp-json\/wp\/v2\/comments?post=1249"}],"version-history":[{"count":17,"href":"https:\/\/ceramicart.be\/nl\/wp-json\/wp\/v2\/pages\/1249\/revisions"}],"predecessor-version":[{"id":8131,"href":"https:\/\/ceramicart.be\/nl\/wp-json\/wp\/v2\/pages\/1249\/revisions\/8131"}],"wp:attachment":[{"href":"https:\/\/ceramicart.be\/nl\/wp-json\/wp\/v2\/media?parent=1249"}],"curies":[{"name":"wp","href":"https:\/\/api.w.org\/{rel}","templated":true}]}}