{"id":1370,"date":"2018-03-12T13:38:36","date_gmt":"2018-03-12T13:38:36","guid":{"rendered":"http:\/\/tonda.select-themes.com\/?page_id=1370"},"modified":"2020-09-22T08:58:22","modified_gmt":"2020-09-22T07:58:22","slug":"coming-soon-page","status":"publish","type":"page","link":"https:\/\/ceramicart.be\/nl\/coming-soon-page\/","title":{"rendered":"Coming Soon Page"},"content":{"rendered":"<div class=\"wpb-content-wrapper\"><div class=\"qodef-row-grid-section-wrapper\"  style=\"background-image: url(https:\/\/ceramicart.be\/wp-content\/uploads\/2018\/03\/coming-soon-img.jpg)\"><div class=\"qodef-row-grid-section\"><div class=\"vc_row wpb_row vc_row-fluid vc_row-o-full-height vc_row-o-columns-middle vc_row-flex\" ><div class=\"wpb_column vc_column_container vc_col-sm-12\"><div class=\"vc_column-inner\"><div class=\"wpb_wrapper\"><div class=\"qodef-elements-holder   qodef-one-column  qodef-responsive-mode-768\" ><div class=\"qodef-eh-item\"  data-item-class=\"qodef-eh-custom-9266\" data-1366-1600=\"160px 0 0\" data-1024-1366=\"140px 0 0\" data-768-1024=\"50px 0 0\" data-680-768=\"0px 0 0\">\n\t<div class=\"qodef-eh-item-inner\">\n\t\t<div class=\"qodef-eh-item-content qodef-eh-custom-9266\" style=\"padding: 215px 0 0\">\n\t\t\t<div class=\"qodef-section-title-holder\" >\n\t<div class=\"qodef-st-inner\">\n\t\t\t\t\t<h1 class=\"qodef-st-title\" >\n\t\t\t\tCERAMICART<br \/> website coming soon\t\t\t<\/h1>\n\t\t\t\t<div class=\"qodef-st-text-holder clearfix\" style=\"margin-top: 0px;margin-bottom: 0px\">\n\t\t\t\t\t\t\t\t<\/div>\n\t\t\t<\/div>\n<\/div><h2 class=\"qodef-custom-font-holder  qodef-cf-3955\" style=\"font-family: Open Sans;font-size: 16px;font-weight: 400;font-style: normal;text-transform: none;color: #959594;margin: 0px\" data-item-class=\"qodef-cf-3955\">\n\t<\/h2>\n\t<div class=\"wpb_text_column wpb_content_element\" >\n\t\t<div class=\"wpb_wrapper\">\n\t\t\t<p>Je suis en train de vous concocter un tout nouveau site web avec mes derni\u00e8res cr\u00e9ations. Patience patience&#8230; En attendant, vous pouvez me suivre ici.<\/p>\n<p>&nbsp;<\/p>\n<ul>\n<li><a href=\"https:\/\/www.facebook.com\/ceramicartcecilerochus\">Page Facebook &#8211; C\u00e9ramicart<\/a><\/li>\n<li><a href=\"https:\/\/www.facebook.com\/groups\/297558914693661\">Groupe Facebook &#8211; Ceramic Art by C\u00e9cile Rochus<\/a><\/li>\n<li><a href=\"https:\/\/www.instagram.com\/ceramicartcecilerochus\/?hl=fr\">Instagram &#8211; Ceramicartcecilerochus<\/a><\/li>\n<li><a href=\"https:\/\/www.youtube.com\/channel\/UCThQYiafiMOOIq6QJFsAsvA?view_as=subscriber\">Chaine Youtube<\/a><\/li>\n<\/ul>\n\n\t\t<\/div>\n\t<\/div>\n\t\t<\/div>\n\t<\/div>\n<\/div><\/div><div class=\"qodef-elements-holder   qodef-one-column  qodef-responsive-mode-768\" ><div class=\"qodef-eh-item\"  data-item-class=\"qodef-eh-custom-8435\" data-1366-1600=\"85px 0 203px\" data-1024-1366=\"85px 0 118px\" data-768-1024=\"85px 0 159px\" data-680-768=\"85px 0 10px\">\n\t<div class=\"qodef-eh-item-inner\">\n\t\t<div class=\"qodef-eh-item-content qodef-eh-custom-8435\" style=\"padding: 85px 0 467px\">\n\t\t\t<div class=\"qodef-countdown\" id=\"countdown5241\" data-year=\"2020\" data-month=\"9\" data-day=\"30\" data-hour=\"1\" data-minute=\"25\" data-month-label=\"Months\" data-day-label=\"Days\" data-hour-label=\"Hours\" data-minute-label=\"Minutes\" data-second-label=\"Seconds\"  ><\/div>\t\t<\/div>\n\t<\/div>\n<\/div><\/div><\/div><\/div><\/div><\/div><\/div><\/div>\n<\/div>","protected":false},"excerpt":{"rendered":"CERAMICART website coming soon Je suis en train de vous concocter un tout nouveau site web avec mes derni\u00e8res cr\u00e9ations. Patience patience... En attendant, vous pouvez me suivre ici. &nbsp; Page Facebook - C\u00e9ramicart Groupe Facebook - Ceramic Art by [...]","protected":false},"author":1,"featured_media":0,"parent":0,"menu_order":0,"comment_status":"closed","ping_status":"closed","template":"full-width.php","meta":{"footnotes":""},"class_list":["post-1370","page","type-page","status-publish","hentry"],"jetpack_sharing_enabled":true,"_links":{"self":[{"href":"https:\/\/ceramicart.be\/nl\/wp-json\/wp\/v2\/pages\/1370"}],"collection":[{"href":"https:\/\/ceramicart.be\/nl\/wp-json\/wp\/v2\/pages"}],"about":[{"href":"https:\/\/ceramicart.be\/nl\/wp-json\/wp\/v2\/types\/page"}],"author":[{"embeddable":true,"href":"https:\/\/ceramicart.be\/nl\/wp-json\/wp\/v2\/users\/1"}],"replies":[{"embeddable":true,"href":"https:\/\/ceramicart.be\/nl\/wp-json\/wp\/v2\/comments?post=1370"}],"version-history":[{"count":7,"href":"https:\/\/ceramicart.be\/nl\/wp-json\/wp\/v2\/pages\/1370\/revisions"}],"predecessor-version":[{"id":3849,"href":"https:\/\/ceramicart.be\/nl\/wp-json\/wp\/v2\/pages\/1370\/revisions\/3849"}],"wp:attachment":[{"href":"https:\/\/ceramicart.be\/nl\/wp-json\/wp\/v2\/media?parent=1370"}],"curies":[{"name":"wp","href":"https:\/\/api.w.org\/{rel}","templated":true}]}}