{"id":3,"date":"2019-12-01T13:51:14","date_gmt":"2019-12-01T13:51:14","guid":{"rendered":"http:\/\/ceramicart.be\/WP\/?page_id=3"},"modified":"2020-11-09T17:22:26","modified_gmt":"2020-11-09T16:22:26","slug":"privacy-policy","status":"publish","type":"page","link":"https:\/\/ceramicart.be\/nl\/privacy-policy\/","title":{"rendered":"PRIVACY BELEID"},"content":{"rendered":"<h3 class=\"wp-block-heading\"><strong>Algemene Bepalingen<\/strong><\/h3><p><strong>1.<\/strong>&nbsp;Verantwoordelijk voor de verwerking van persoonsgegevens in overeenstemming met de GDPR (hierna de \"Verordening\" genoemd) is&nbsp;<strong>ceramicart<\/strong>, identificatienummer&nbsp;<strong>0733.723.341<\/strong>, gevestigd te 1800 <strong>Vilvoorde, Belgi\u00eb<\/strong>&nbsp;(hierna de \"Gegevensbeheerder\" genoemd);<\/p><p><strong>2.&nbsp;<\/strong>De contactgegevens van de verantwoordelijke voor de verwerking zijn: e-mailadres:&nbsp;<strong>info@Ceramicart.be<\/strong>, telefoonnummer:&nbsp;<a href=\"tel:+32479292836\">+32479292836<\/a>;<\/p><p><strong>3.&nbsp;<\/strong>Onder \"persoonsgegevens\" wordt verstaan iedere informatie betreffende een ge\u00efdentificeerde of identificeerbare natuurlijke persoon.<\/p><h3 class=\"wp-block-heading\"><strong>HET DOEL VAN DE GEGEVENSVERWERKING<\/strong><\/h3><p>De verantwoordelijke voor de verwerking verwerkt persoonsgegevens voor de volgende doeleinden:<\/p><p><strong>1.&nbsp;<\/strong>Registratie op de website www.ceramicart.be overeenkomstig hoofdstuk IV, afdeling 2, van de GDPR;<\/p><p><strong>2.&nbsp;<\/strong>Uitvoering van de door de klant geplaatste bestelling (naam, voornaam, postadres, e-mailadres, telefoonnummer);<\/p><p><strong>3.&nbsp;<\/strong>Om te voldoen aan de wet- en regelgeving die voortvloeit uit de contractuele relatie tussen de voor de verwerking verantwoordelijke en de klant;<\/p><p><strong>4.<\/strong>&nbsp;De persoonsgegevens zijn noodzakelijk voor de uitvoering van het koopcontract. Zonder persoonsgegevens kan de overeenkomst niet worden uitgevoerd.<\/p><h3 class=\"wp-block-heading\">WAT WIJ VERZAMELEN EN OPSLAAN<\/h3><p>Tijdens uw bezoek aan de site, traceren wij:<\/p><ul class=\"wp-block-list\"><li>Producten die u hebt gezien: we gebruiken deze om bijvoorbeeld producten weer te geven die u onlangs hebt gezien<\/li><li>Locatie, IP-adres en browsertype: wij gebruiken deze om heffingen en leveringskosten in te schatten<\/li><li>Leveringsadres: wij zullen u vragen dit in te vullen om de leveringskosten te ramen voordat u uw bestelling plaatst, en om de bestelling naar u op te sturen.<\/li><\/ul><p>Wij gebruiken cookies om de inhoud van het winkelwagentje te volgen terwijl u op onze site surft.<\/p><p>Wanneer u een aankoop doet op onze website, vragen wij u om informatie te verstrekken, waaronder uw naam, factuuradres, afleveradres, e-mailadres, telefoonnummer, betalings-\/creditcardgegevens en eventueel accountgegevens zoals gebruikersnaam en wachtwoord. Deze informatie zal worden gebruikt voor:<\/p><ul class=\"wp-block-list\"><li>Het versturen van informatie over uw rekening en bestelling<\/li><li>Het beantwoorden van verzoeken, inclusief terugbetalingen en klachten<\/li><li>Het verwerken van betalingen en het voorkomen van fraude<\/li><li>Het aanmaken van uw account voor onze winkel<\/li><li>Het voldoen aan alle wettelijke verplichtingen, zoals het berekenen van heffingen<\/li><li>Het verbeteren van ons winkelaanbod<\/li><li>U marketingberichten te sturen, als u daarvoor kiest<\/li><\/ul><p>Als u een account aanmaakt, slaan wij uw naam, adres, e-mail en telefoonnummer op. Deze zullen worden gebruikt om de ordervalidatie voor toekomstige bestellingen vooraf in te vullen.<\/p><p>Wij bewaren uw informatie in het algemeen zo lang als wij ze nodig hebben voor het doel waarvoor wij ze verzamelen en gebruiken, al zijn wij niet wettelijk verplicht om ze te blijven bewaren. Zo bewaren wij bijvoorbeeld bestelgegevens gedurende 5 jaar voor fiscale en boekhoudkundige doeleinden. Deze omvatten uw naam, e-mail en factuur- en afleveradres.<\/p><p>Wij slaan ook opmerkingen of beoordelingen op, als u ervoor kiest die te sturen.<\/p><h3 class=\"wp-block-heading\">WIE IN ONS TEAM TOEGANG HEEFT TOT DE GEGEVENS<\/h3><p>De leden van ons team hebben toegang tot de informatie die u ons verstrekt. Winkelbeheerders en managers bijvoorbeeld hebben toegang tot:<\/p><ul class=\"wp-block-list\"><li>Bestelinformatie, zoals wat er is gekocht, wanneer en waar het moet worden verzonden, en<\/li><li>Klantgegevens zoals uw naam, e-mailadres, en factuur- en verzendgegevens.<\/li><\/ul><p>Ons team heeft toegang tot deze informatie om bestellingen te verwerken, terugbetalingen uit te voeren en u te helpen.<\/p><h3 class=\"wp-block-heading\">WAT WE MET ANDEREN DELEN<\/h3><p>Wij delen gegevens met derden die ons helpen onze bestellingen en winkeldiensten te beheren. De diensten van de onderaannemer zijn essentieel voor de uitvoering van het koopcontract en de verwerking van de bestelling die de klant heeft geplaatst namens de verantwoordelijke voor de verwerking.<\/p><p>Onderaannemers van de verantwoordelijke voor de verwerking zijn:<\/p><p>BPost<\/p><p>Stripe (betalingsgateway)<\/p><p>Afgezien daarvan zullen de verzamelde gegevens in geen geval aan derden worden meegedeeld, tenzij dit uitdrukkelijk is bepaald voor een specifieke actie of indien de wet de mededeling van uw gegevens vereist, bijvoorbeeld op verzoek van de bevoegde gerechtelijke overheden in het kader van een gerechtelijk onderzoek.<\/p><p><\/p><h3 class=\"wp-block-heading\"><strong>UW RECHTEN<\/strong><\/h3><p>Overeenkomstig de verordening heeft de klant de volgende rechten:<\/p><p><strong>1.<\/strong>&nbsp;het recht op toegang tot gegevens;<\/p><p><strong>2.<\/strong>&nbsp;het recht om gegevens recht te zetten;<\/p><p><strong>3.<\/strong>&nbsp;het recht op het wissen van gegevens;<\/p><p><strong>4.<\/strong>&nbsp;het recht om bezwaar aan te tekenen tegen de verwerking van gegevens;<\/p><p><strong>5.<\/strong>&nbsp;het recht op gegevensoverdraagbaarheid;<\/p><p><strong>6.<\/strong>&nbsp;het recht om de toestemming voor de verwerking van gegevens in te trekken door ons een e-mail te sturen op het volgend adres:&nbsp;<strong>info@ceramicart.be<\/strong><\/p><p><strong>7.<\/strong>&nbsp;het recht om een klacht in te dienen bij de toezichthoudende overheid in geval van een vermeende inbreuk op de verordening.<\/p><p><\/p><h3 class=\"wp-block-heading\">WIJZIGINGEN IN ONS PRIVACYBELEID<\/h3><p>Ons privacybeleid kan worden gewijzigd naarmate onze activiteiten zich ontwikkelen. Wij raden u dan ook aan dit privacybeleid regelmatig te raadplegen.<\/p>","protected":false},"excerpt":{"rendered":"<p>Dispositions g\u00e9n\u00e9rales 1.&nbsp;Responsable du traitement des donn\u00e9es personnelles, conform\u00e9ment au RGPD (ci-apr\u00e8s d\u00e9nomm\u00e9e \u00ab R\u00e8glement \u00bb) est&nbsp;ceramicart, num\u00e9ro d&rsquo;identification&nbsp;0733.723.341, bas\u00e9e \u00e0 1800 Vilvoorde, Belgique&nbsp;(ci-apr\u00e8s d\u00e9nomm\u00e9e \u00ab Responsable du traitement \u00bb); 2.&nbsp;Les coordonn\u00e9es du responsable du traitement sont : adresse e-mail [&hellip;]<\/p>\n","protected":false},"author":1,"featured_media":0,"parent":0,"menu_order":0,"comment_status":"closed","ping_status":"open","template":"","meta":{"footnotes":""},"class_list":["post-3","page","type-page","status-publish","hentry"],"jetpack_sharing_enabled":true,"_links":{"self":[{"href":"https:\/\/ceramicart.be\/nl\/wp-json\/wp\/v2\/pages\/3"}],"collection":[{"href":"https:\/\/ceramicart.be\/nl\/wp-json\/wp\/v2\/pages"}],"about":[{"href":"https:\/\/ceramicart.be\/nl\/wp-json\/wp\/v2\/types\/page"}],"author":[{"embeddable":true,"href":"https:\/\/ceramicart.be\/nl\/wp-json\/wp\/v2\/users\/1"}],"replies":[{"embeddable":true,"href":"https:\/\/ceramicart.be\/nl\/wp-json\/wp\/v2\/comments?post=3"}],"version-history":[{"count":3,"href":"https:\/\/ceramicart.be\/nl\/wp-json\/wp\/v2\/pages\/3\/revisions"}],"predecessor-version":[{"id":4805,"href":"https:\/\/ceramicart.be\/nl\/wp-json\/wp\/v2\/pages\/3\/revisions\/4805"}],"wp:attachment":[{"href":"https:\/\/ceramicart.be\/nl\/wp-json\/wp\/v2\/media?parent=3"}],"curies":[{"name":"wp","href":"https:\/\/api.w.org\/{rel}","templated":true}]}}