{"id":4333,"date":"2020-10-21T19:36:42","date_gmt":"2020-10-21T18:36:42","guid":{"rendered":"http:\/\/192.168.0.51:8888\/?page_id=4333"},"modified":"2020-10-21T20:24:42","modified_gmt":"2020-10-21T19:24:42","slug":"bon-cadeau","status":"publish","type":"page","link":"https:\/\/ceramicart.be\/nl\/bon-cadeau\/","title":{"rendered":"Cadeaubon"},"content":{"rendered":"<p><\/p><div class=\"wp-block-columns is-layout-flex wp-container-core-columns-is-layout-1 wp-block-columns-is-layout-flex\"><div class=\"wp-block-column is-layout-flow wp-block-column-is-layout-flow\" style=\"flex-basis:33.33%\"><figure class=\"wp-block-image size-large\"><img fetchpriority=\"high\" decoding=\"async\" width=\"1024\" height=\"1024\" src=\"https:\/\/ceramicart.be\/wp-content\/uploads\/2020\/10\/118160111_2169178823226395_8263322081620615545_o-1024x1024.jpg\" alt=\"\" class=\"wp-image-4335\"\/><\/figure><\/div>\n\n<div class=\"wp-block-column is-layout-flow wp-block-column-is-layout-flow\" style=\"flex-basis:66.66%\"><p>Envie d&rsquo;offrir un cadeau ou une exp\u00e9rience unique?<\/p>\n\n<p>Offrez un bon cadeau pour une pi\u00e8ce unique ou un atelier d&rsquo;initiation.<\/p>\n\n<p>Contactez moi par t\u00e9l\u00e9phone ou via mon formulaire de contact.<\/p><\/div><\/div><div data-block-name=\"woocommerce\/product-category\" data-categories=\"[145]\" class=\"wc-block-grid wp-block-product-category wp-block-woocommerce-product-category wc-block-product-category has-3-columns has-multiple-rows\"><ul class=\"wc-block-grid__products\"><li class=\"wc-block-grid__product\">\n\t\t\t\t<a href=\"https:\/\/ceramicart.be\/nl\/shop-standard\/bon-cadeau\/bon-cadeau\/\" class=\"wc-block-grid__product-link\">\n\t\t\t\t\t\n\t\t\t\t\t<div class=\"wc-block-grid__product-image\"><img decoding=\"async\" width=\"300\" height=\"300\" src=\"https:\/\/ceramicart.be\/wp-content\/uploads\/2022\/05\/bon-cadeau-carre-2-300x300.png\" class=\"attachment-woocommerce_thumbnail size-woocommerce_thumbnail\" alt=\"Bon Cadeau\" srcset=\"https:\/\/ceramicart.be\/wp-content\/uploads\/2022\/05\/bon-cadeau-carre-2-300x300.png 300w, https:\/\/ceramicart.be\/wp-content\/uploads\/2022\/05\/bon-cadeau-carre-2-1024x1024.png 1024w, https:\/\/ceramicart.be\/wp-content\/uploads\/2022\/05\/bon-cadeau-carre-2-150x150.png 150w, https:\/\/ceramicart.be\/wp-content\/uploads\/2022\/05\/bon-cadeau-carre-2-768x768.png 768w, https:\/\/ceramicart.be\/wp-content\/uploads\/2022\/05\/bon-cadeau-carre-2-550x550.png 550w, https:\/\/ceramicart.be\/wp-content\/uploads\/2022\/05\/bon-cadeau-carre-2-600x600.png 600w, https:\/\/ceramicart.be\/wp-content\/uploads\/2022\/05\/bon-cadeau-carre-2-100x100.png 100w, https:\/\/ceramicart.be\/wp-content\/uploads\/2022\/05\/bon-cadeau-carre-2.png 1080w\" sizes=\"(max-width: 300px) 100vw, 300px\" \/><\/div>\n\t\t\t\t\t<div class=\"wc-block-grid__product-title\">Bon Cadeau<\/div>\n\t\t\t\t<\/a>\n\t\t\t\t<div class=\"wc-block-grid__product-price price\"><span class=\"woocommerce-Price-amount amount\"><span class=\"woocommerce-Price-currencySymbol\">&euro;<\/span>&nbsp;10,00<\/span> &ndash; <span class=\"woocommerce-Price-amount amount\"><span class=\"woocommerce-Price-currencySymbol\">&euro;<\/span>&nbsp;75,00<\/span><\/div>\n\t\t\t\t\n\t\t\t\t<div class=\"wp-block-button wc-block-grid__product-add-to-cart\"><a href=\"https:\/\/ceramicart.be\/nl\/shop-standard\/bon-cadeau\/bon-cadeau\/\" aria-label=\"Selecteer opties voor &#039;Bon Cadeau&#039;\" data-quantity=\"1\" data-product_id=\"4512\" data-product_sku=\"BC-GIFT\" data-price=\"10\" rel=\"nofollow\" class=\"wp-block-button__link  add_to_cart_button\">Opties selecteren<\/a><\/div>\n\t\t\t<\/li><\/ul><\/div><p><\/p>","protected":false},"excerpt":{"rendered":"<p>Envie d&rsquo;offrir un cadeau ou une exp\u00e9rience unique? Offrez un bon cadeau pour une pi\u00e8ce unique ou un atelier d&rsquo;initiation. Contactez moi par t\u00e9l\u00e9phone ou via mon formulaire de contact.<\/p>","protected":false},"author":2,"featured_media":0,"parent":0,"menu_order":0,"comment_status":"closed","ping_status":"closed","template":"","meta":{"footnotes":""},"class_list":["post-4333","page","type-page","status-publish","hentry"],"jetpack_sharing_enabled":true,"_links":{"self":[{"href":"https:\/\/ceramicart.be\/nl\/wp-json\/wp\/v2\/pages\/4333"}],"collection":[{"href":"https:\/\/ceramicart.be\/nl\/wp-json\/wp\/v2\/pages"}],"about":[{"href":"https:\/\/ceramicart.be\/nl\/wp-json\/wp\/v2\/types\/page"}],"author":[{"embeddable":true,"href":"https:\/\/ceramicart.be\/nl\/wp-json\/wp\/v2\/users\/2"}],"replies":[{"embeddable":true,"href":"https:\/\/ceramicart.be\/nl\/wp-json\/wp\/v2\/comments?post=4333"}],"version-history":[{"count":4,"href":"https:\/\/ceramicart.be\/nl\/wp-json\/wp\/v2\/pages\/4333\/revisions"}],"predecessor-version":[{"id":4349,"href":"https:\/\/ceramicart.be\/nl\/wp-json\/wp\/v2\/pages\/4333\/revisions\/4349"}],"wp:attachment":[{"href":"https:\/\/ceramicart.be\/nl\/wp-json\/wp\/v2\/media?parent=4333"}],"curies":[{"name":"wp","href":"https:\/\/api.w.org\/{rel}","templated":true}]}}