{"id":8051,"date":"2023-06-09T13:00:19","date_gmt":"2023-06-09T12:00:19","guid":{"rendered":"https:\/\/ceramicart.be\/?page_id=8051"},"modified":"2023-06-21T10:21:25","modified_gmt":"2023-06-21T09:21:25","slug":"reciterre","status":"publish","type":"page","link":"https:\/\/ceramicart.be\/nl\/reciterre\/","title":{"rendered":"Storyclaying"},"content":{"rendered":"<div class=\"wpb-content-wrapper\"><div class=\"vc_row wpb_row vc_row-fluid\" ><div class=\"wpb_column vc_column_container vc_col-sm-12\"><div class=\"vc_column-inner\"><div class=\"wpb_wrapper\"><div class=\"qodef-elements-holder   qodef-one-column  qodef-responsive-mode-768\" ><div class=\"qodef-eh-item   qodef-horizontal-alignment-center\" style=\"background-image: url(https:\/\/ceramicart.be\/wp-content\/uploads\/2023\/06\/Reciterre011\u00a9CecileRochus-scaled.jpg)\" data-item-class=\"qodef-eh-custom-5580\" data-1024-1366=\"133px 22% 140px 0\" data-680-768=\"0 0% 0 0\">\n\t<div class=\"qodef-eh-item-inner\">\n\t\t<div class=\"qodef-eh-item-content qodef-eh-custom-5580\" style=\"padding: 50px 0% 50px 0\">\n\t\t\t<div class=\"qodef-section-title-holder   qodef-st-enable-text-separator\" >\n\t<div class=\"qodef-st-inner\">\n\t\t\t\t\t<h2 class=\"qodef-st-title\" style=\"color: #ffffff\">\n\t\t\t\tWerken met een verhaal<br \/> om elke fase van het leven te vieren\t\t\t<\/h2>\n\t\t\t\t<div class=\"qodef-st-text-holder clearfix\" style=\"color: #ffffff\">\n\t\t\t\t\t\t\t<span class=\"qodef-st-separator\"><\/span>\n\t\t\t\t\t\t\t\t<\/div>\n\t\t\t<\/div>\n<\/div><div class=\"vc_empty_space\"   style=\"height: 32px\"><span class=\"vc_empty_space_inner\"><\/span><\/div>\t\t<\/div>\n\t<\/div>\n<\/div><\/div><\/div><\/div><\/div><\/div><div class=\"vc_row wpb_row vc_row-fluid\" ><div class=\"wpb_column vc_column_container vc_col-sm-12\"><div class=\"vc_column-inner\"><div class=\"wpb_wrapper\"><div class=\"vc_empty_space\"   style=\"height: 32px\"><span class=\"vc_empty_space_inner\"><\/span><\/div><\/div><\/div><\/div><\/div><div class=\"vc_row wpb_row vc_row-fluid\" ><div class=\"wpb_column vc_column_container vc_col-sm-8\"><div class=\"vc_column-inner\"><div class=\"wpb_wrapper\"><div class=\"qodef-elements-holder   qodef-one-column  qodef-responsive-mode-768\" ><div class=\"qodef-eh-item\"  data-item-class=\"qodef-eh-custom-4815\">\n\t<div class=\"qodef-eh-item-inner\">\n\t\t<div class=\"qodef-eh-item-content qodef-eh-custom-4815\" >\n\t\t\t\n\t<div class=\"wpb_text_column wpb_content_element\" >\n\t\t<div class=\"wpb_wrapper\">\n\t\t\t<p>Op een dag, gaf een vriendin me een lade met oude drukkerijletters. Ik begon, schuchter, op mijn creaties een woord hier en een woord daar te persen. Deze woorden alleen al hebben de kracht om de geest op te vrolijken op grijze dagen. En dan was een woord niet meer genoeg. Ik wilde mijn stukken laten spreken. Ik schreef liedjesteksten die op dat moment in me opkwamen. Maar ik wilde nog steeds meer! Ik had het gevoel dat ik iets anders te zeggen had. Ik realiseerde me de kracht van herinneringen. Jullie kennen allemaal Proust's madeleine, zelfs als je deze passage niet gelezen hebt. Omdat we allemaal van die herinneringen hebben die ons bijblijven en ons terugbrengen naar een prettig moment in ons leven. Deze momenten van geluk zijn belangrijk en ik wilde ze benadrukken in mijn creaties. Maar ik durfde niet te schrijven. Je kent ook het syndroom van de lege pagina! Door deel te nemen aan een schrijfwedstrijd heb ik me uiteindelijk verzoend met het schrijven. Door de magie van klei te combineren met die van woorden kon ik een betekenis geven aan de emotionele dimensie van mijn keramische creaties.<\/p>\n\n\t\t<\/div>\n\t<\/div>\n<div class=\"vc_empty_space\"   style=\"height: 32px\"><span class=\"vc_empty_space_inner\"><\/span><\/div><div class=\"qodef-text-marquee qodef-tm-9381\" style=\"font-size: 10 px;font-weight: 100\" data-item-class=\"qodef-tm-9381\">\n\t<span class=\"qodef-marquee-element qodef-original-text\">Hoe onze geschiedenis ook klinkt, ze is onze rijkdom. Haar verhullen is het amputeren van een deel van onszelf. FRANK DEBUE<\/span>\n\t<span class=\"qodef-marquee-element qodef-aux-text\">Hoe onze geschiedenis ook klinkt, ze is onze rijkdom. Haar verhullen is het amputeren van een deel van onszelf. FRANK DEBUE<\/span>\n<\/div>  \t\t<\/div>\n\t<\/div>\n<\/div><\/div><\/div><\/div><\/div><div class=\"wpb_column vc_column_container vc_col-sm-4\"><div class=\"vc_column-inner\"><div class=\"wpb_wrapper\">\n\t<div  class=\"wpb_single_image wpb_content_element vc_align_left wpb_content_element\">\n\t\t\n\t\t<figure class=\"wpb_wrapper vc_figure\">\n\t\t\t<div class=\"vc_single_image-wrapper   vc_box_border_grey\"><img fetchpriority=\"high\" decoding=\"async\" width=\"300\" height=\"225\" src=\"https:\/\/ceramicart.be\/wp-content\/uploads\/2023\/06\/Reciterre004\u00a9CecileRochus-300x225.jpg\" class=\"vc_single_image-img attachment-medium\" alt=\"\" title=\"Reciterre004\u00a9CecileRochus\" srcset=\"https:\/\/ceramicart.be\/wp-content\/uploads\/2023\/06\/Reciterre004\u00a9CecileRochus-300x225.jpg 300w, https:\/\/ceramicart.be\/wp-content\/uploads\/2023\/06\/Reciterre004\u00a9CecileRochus-1024x768.jpg 1024w, https:\/\/ceramicart.be\/wp-content\/uploads\/2023\/06\/Reciterre004\u00a9CecileRochus-768x576.jpg 768w, https:\/\/ceramicart.be\/wp-content\/uploads\/2023\/06\/Reciterre004\u00a9CecileRochus-1536x1152.jpg 1536w, https:\/\/ceramicart.be\/wp-content\/uploads\/2023\/06\/Reciterre004\u00a9CecileRochus-16x12.jpg 16w, https:\/\/ceramicart.be\/wp-content\/uploads\/2023\/06\/Reciterre004\u00a9CecileRochus-600x450.jpg 600w\" sizes=\"(max-width: 300px) 100vw, 300px\" \/><\/div>\n\t\t<\/figure>\n\t<\/div>\n<\/div><\/div><\/div><\/div><div class=\"vc_row wpb_row vc_row-fluid\" ><div class=\"wpb_column vc_column_container vc_col-sm-12\"><div class=\"vc_column-inner\"><div class=\"wpb_wrapper\"><div class=\"vc_empty_space\"   style=\"height: 32px\"><span class=\"vc_empty_space_inner\"><\/span><\/div><\/div><\/div><\/div><\/div><div class=\"vc_row wpb_row vc_row-fluid\" ><div class=\"wpb_column vc_column_container vc_col-sm-4\"><div class=\"vc_column-inner\"><div class=\"wpb_wrapper\"><div class=\"qodef-section-title-holder   qodef-st-enable-text-separator\" >\n\t<div class=\"qodef-st-inner\">\n\t\t\t\t\t<h4 class=\"qodef-st-title\" >\n\t\t\t\tHet wonder van een geboorte\t\t\t<\/h4>\n\t\t\t\t<div class=\"qodef-st-text-holder clearfix\" >\n\t\t\t\t\t\t\t<span class=\"qodef-st-separator\"><\/span>\n\t\t\t\t\t\t\t\t<\/div>\n\t\t\t<\/div>\n<\/div><\/div><\/div><\/div><div class=\"wpb_column vc_column_container vc_col-sm-4\"><div class=\"vc_column-inner\"><div class=\"wpb_wrapper\"><div class=\"qodef-section-title-holder   qodef-st-enable-text-separator\" >\n\t<div class=\"qodef-st-inner\">\n\t\t\t\t\t<h4 class=\"qodef-st-title\" >\n\t\t\t\tDe verbintenis van twee geliefden\t\t\t<\/h4>\n\t\t\t\t<div class=\"qodef-st-text-holder clearfix\" >\n\t\t\t\t\t\t\t<span class=\"qodef-st-separator\"><\/span>\n\t\t\t\t\t\t\t\t<\/div>\n\t\t\t<\/div>\n<\/div><\/div><\/div><\/div><div class=\"wpb_column vc_column_container vc_col-sm-4\"><div class=\"vc_column-inner\"><div class=\"wpb_wrapper\"><div class=\"qodef-section-title-holder   qodef-st-enable-text-separator\" >\n\t<div class=\"qodef-st-inner\">\n\t\t\t\t\t<h4 class=\"qodef-st-title\" >\n\t\t\t\tDe bruiloft en de reis van het leven met je geliefde\t\t\t<\/h4>\n\t\t\t\t<div class=\"qodef-st-text-holder clearfix\" >\n\t\t\t\t\t\t\t<span class=\"qodef-st-separator\"><\/span>\n\t\t\t\t\t\t\t\t<\/div>\n\t\t\t<\/div>\n<\/div><\/div><\/div><\/div><\/div><div class=\"vc_row wpb_row vc_row-fluid\" ><div class=\"wpb_column vc_column_container vc_col-sm-4\"><div class=\"vc_column-inner\"><div class=\"wpb_wrapper\">\n\t<div  class=\"wpb_single_image wpb_content_element vc_align_left wpb_content_element\">\n\t\t\n\t\t<figure class=\"wpb_wrapper vc_figure\">\n\t\t\t<a href=\"mailto: info@ceramicart.be\" target=\"_blank\" class=\"vc_single_image-wrapper   vc_box_border_grey\"><img decoding=\"async\" width=\"300\" height=\"300\" src=\"https:\/\/ceramicart.be\/wp-content\/uploads\/2023\/06\/untitled-21905-copie-e1686310297308-300x300.jpg\" class=\"vc_single_image-img attachment-medium\" alt=\"\" title=\"21905 copie\" srcset=\"https:\/\/ceramicart.be\/wp-content\/uploads\/2023\/06\/untitled-21905-copie-e1686310297308-300x300.jpg 300w, https:\/\/ceramicart.be\/wp-content\/uploads\/2023\/06\/untitled-21905-copie-e1686310297308-150x150.jpg 150w, https:\/\/ceramicart.be\/wp-content\/uploads\/2023\/06\/untitled-21905-copie-e1686310297308-12x12.jpg 12w, https:\/\/ceramicart.be\/wp-content\/uploads\/2023\/06\/untitled-21905-copie-e1686310297308-550x550.jpg 550w, https:\/\/ceramicart.be\/wp-content\/uploads\/2023\/06\/untitled-21905-copie-e1686310297308-100x100.jpg 100w, https:\/\/ceramicart.be\/wp-content\/uploads\/2023\/06\/untitled-21905-copie-e1686310297308.jpg 586w\" sizes=\"(max-width: 300px) 100vw, 300px\" \/><\/a>\n\t\t<\/figure>\n\t<\/div>\n<\/div><\/div><\/div><div class=\"wpb_column vc_column_container vc_col-sm-4\"><div class=\"vc_column-inner\"><div class=\"wpb_wrapper\">\n\t<div  class=\"wpb_single_image wpb_content_element vc_align_left wpb_content_element\">\n\t\t\n\t\t<figure class=\"wpb_wrapper vc_figure\">\n\t\t\t<a href=\"mailto: info@ceramicart.be\" target=\"_self\" class=\"vc_single_image-wrapper   vc_box_border_grey\"><img decoding=\"async\" width=\"300\" height=\"300\" src=\"https:\/\/ceramicart.be\/wp-content\/uploads\/2023\/06\/untitled-20540-copie-e1686310503801-300x300.jpg\" class=\"vc_single_image-img attachment-medium\" alt=\"\" title=\"20540 copie\" srcset=\"https:\/\/ceramicart.be\/wp-content\/uploads\/2023\/06\/untitled-20540-copie-e1686310503801-300x300.jpg 300w, https:\/\/ceramicart.be\/wp-content\/uploads\/2023\/06\/untitled-20540-copie-e1686310503801-150x150.jpg 150w, https:\/\/ceramicart.be\/wp-content\/uploads\/2023\/06\/untitled-20540-copie-e1686310503801-768x768.jpg 768w, https:\/\/ceramicart.be\/wp-content\/uploads\/2023\/06\/untitled-20540-copie-e1686310503801-12x12.jpg 12w, https:\/\/ceramicart.be\/wp-content\/uploads\/2023\/06\/untitled-20540-copie-e1686310503801-550x550.jpg 550w, https:\/\/ceramicart.be\/wp-content\/uploads\/2023\/06\/untitled-20540-copie-e1686310503801-600x600.jpg 600w, https:\/\/ceramicart.be\/wp-content\/uploads\/2023\/06\/untitled-20540-copie-e1686310503801-100x100.jpg 100w, https:\/\/ceramicart.be\/wp-content\/uploads\/2023\/06\/untitled-20540-copie-e1686310503801.jpg 885w\" sizes=\"(max-width: 300px) 100vw, 300px\" \/><\/a>\n\t\t<\/figure>\n\t<\/div>\n<\/div><\/div><\/div><div class=\"wpb_column vc_column_container vc_col-sm-4\"><div class=\"vc_column-inner\"><div class=\"wpb_wrapper\">\n\t<div  class=\"wpb_single_image wpb_content_element vc_align_left wpb_content_element\">\n\t\t\n\t\t<figure class=\"wpb_wrapper vc_figure\">\n\t\t\t<a href=\"mailto: info@ceramicart.be\" target=\"_blank\" class=\"vc_single_image-wrapper   vc_box_border_grey\"><img loading=\"lazy\" decoding=\"async\" width=\"300\" height=\"300\" src=\"https:\/\/ceramicart.be\/wp-content\/uploads\/2023\/06\/DSC_8281-copie-e1686310389415-300x300.jpg\" class=\"vc_single_image-img attachment-medium\" alt=\"\" title=\"DSC_8281 copie\" srcset=\"https:\/\/ceramicart.be\/wp-content\/uploads\/2023\/06\/DSC_8281-copie-e1686310389415-300x300.jpg 300w, https:\/\/ceramicart.be\/wp-content\/uploads\/2023\/06\/DSC_8281-copie-e1686310389415-150x150.jpg 150w, https:\/\/ceramicart.be\/wp-content\/uploads\/2023\/06\/DSC_8281-copie-e1686310389415-768x767.jpg 768w, https:\/\/ceramicart.be\/wp-content\/uploads\/2023\/06\/DSC_8281-copie-e1686310389415-12x12.jpg 12w, https:\/\/ceramicart.be\/wp-content\/uploads\/2023\/06\/DSC_8281-copie-e1686310389415-550x550.jpg 550w, https:\/\/ceramicart.be\/wp-content\/uploads\/2023\/06\/DSC_8281-copie-e1686310389415-600x599.jpg 600w, https:\/\/ceramicart.be\/wp-content\/uploads\/2023\/06\/DSC_8281-copie-e1686310389415-100x100.jpg 100w, https:\/\/ceramicart.be\/wp-content\/uploads\/2023\/06\/DSC_8281-copie-e1686310389415.jpg 959w\" sizes=\"(max-width: 300px) 100vw, 300px\" \/><\/a>\n\t\t<\/figure>\n\t<\/div>\n<\/div><\/div><\/div><\/div><div class=\"vc_row wpb_row vc_row-fluid\" ><div class=\"wpb_column vc_column_container vc_col-sm-12\"><div class=\"vc_column-inner\"><div class=\"wpb_wrapper\"><div class=\"vc_empty_space\"   style=\"height: 64px\"><span class=\"vc_empty_space_inner\"><\/span><\/div><\/div><\/div><\/div><\/div><div class=\"vc_row wpb_row vc_row-fluid\" ><div class=\"wpb_column vc_column_container vc_col-sm-4\"><div class=\"vc_column-inner\"><div class=\"wpb_wrapper\"><div class=\"qodef-section-title-holder   qodef-st-enable-text-separator\" >\n\t<div class=\"qodef-st-inner\">\n\t\t\t\t\t<h4 class=\"qodef-st-title\" >\n\t\t\t\tEen vriendschap die door de jaren heen heeft standgehouden\t\t\t<\/h4>\n\t\t\t\t<div class=\"qodef-st-text-holder clearfix\" >\n\t\t\t\t\t\t\t<span class=\"qodef-st-separator\"><\/span>\n\t\t\t\t\t\t\t\t<\/div>\n\t\t\t<\/div>\n<\/div><\/div><\/div><\/div><div class=\"wpb_column vc_column_container vc_col-sm-4\"><div class=\"vc_column-inner\"><div class=\"wpb_wrapper\"><div class=\"qodef-section-title-holder   qodef-st-enable-text-separator\" >\n\t<div class=\"qodef-st-inner\">\n\t\t\t\t\t<h4 class=\"qodef-st-title\" >\n\t\t\t\tHet laatste eerbetoon aan een dierbare (urnen en reliekschrijnen)\t\t\t<\/h4>\n\t\t\t\t<div class=\"qodef-st-text-holder clearfix\" >\n\t\t\t\t\t\t\t<span class=\"qodef-st-separator\"><\/span>\n\t\t\t\t\t\t\t\t<\/div>\n\t\t\t<\/div>\n<\/div><\/div><\/div><\/div><div class=\"wpb_column vc_column_container vc_col-sm-4\"><div class=\"vc_column-inner\"><div class=\"wpb_wrapper\"><div class=\"qodef-section-title-holder   qodef-st-enable-text-separator\" >\n\t<div class=\"qodef-st-inner\">\n\t\t\t\t\t<h4 class=\"qodef-st-title\" >\n\t\t\t\tEen welverdiende beloning\t\t\t<\/h4>\n\t\t\t\t<div class=\"qodef-st-text-holder clearfix\" >\n\t\t\t\t\t\t\t<span class=\"qodef-st-separator\"><\/span>\n\t\t\t\t\t\t\t\t<\/div>\n\t\t\t<\/div>\n<\/div><\/div><\/div><\/div><\/div><div class=\"vc_row wpb_row vc_row-fluid\" ><div class=\"wpb_column vc_column_container vc_col-sm-4\"><div class=\"vc_column-inner\"><div class=\"wpb_wrapper\">\n\t<div  class=\"wpb_single_image wpb_content_element vc_align_left wpb_content_element\">\n\t\t\n\t\t<figure class=\"wpb_wrapper vc_figure\">\n\t\t\t<a href=\"mailto: info@ceramicart.be\" target=\"_self\" class=\"vc_single_image-wrapper   vc_box_border_grey\"><img loading=\"lazy\" decoding=\"async\" width=\"300\" height=\"300\" src=\"https:\/\/ceramicart.be\/wp-content\/uploads\/2023\/06\/DSC_4173-copie-e1686310433113-300x300.jpg\" class=\"vc_single_image-img attachment-medium\" alt=\"\" title=\"DSC_4173 copie\" srcset=\"https:\/\/ceramicart.be\/wp-content\/uploads\/2023\/06\/DSC_4173-copie-e1686310433113-300x300.jpg 300w, https:\/\/ceramicart.be\/wp-content\/uploads\/2023\/06\/DSC_4173-copie-e1686310433113-1024x1024.jpg 1024w, https:\/\/ceramicart.be\/wp-content\/uploads\/2023\/06\/DSC_4173-copie-e1686310433113-150x150.jpg 150w, https:\/\/ceramicart.be\/wp-content\/uploads\/2023\/06\/DSC_4173-copie-e1686310433113-768x767.jpg 768w, https:\/\/ceramicart.be\/wp-content\/uploads\/2023\/06\/DSC_4173-copie-e1686310433113-12x12.jpg 12w, https:\/\/ceramicart.be\/wp-content\/uploads\/2023\/06\/DSC_4173-copie-e1686310433113-550x550.jpg 550w, https:\/\/ceramicart.be\/wp-content\/uploads\/2023\/06\/DSC_4173-copie-e1686310433113-600x599.jpg 600w, https:\/\/ceramicart.be\/wp-content\/uploads\/2023\/06\/DSC_4173-copie-e1686310433113-100x100.jpg 100w, https:\/\/ceramicart.be\/wp-content\/uploads\/2023\/06\/DSC_4173-copie-e1686310433113.jpg 1069w\" sizes=\"(max-width: 300px) 100vw, 300px\" \/><\/a>\n\t\t<\/figure>\n\t<\/div>\n<\/div><\/div><\/div><div class=\"wpb_column vc_column_container vc_col-sm-4\"><div class=\"vc_column-inner\"><div class=\"wpb_wrapper\">\n\t<div  class=\"wpb_single_image wpb_content_element vc_align_left wpb_content_element\">\n\t\t\n\t\t<figure class=\"wpb_wrapper vc_figure\">\n\t\t\t<a href=\"mailto: info@ceramicart.be\" target=\"_self\" class=\"vc_single_image-wrapper   vc_box_border_grey\"><img loading=\"lazy\" decoding=\"async\" width=\"300\" height=\"300\" src=\"https:\/\/ceramicart.be\/wp-content\/uploads\/2023\/06\/20230517_112032-e1686310352816-300x300.jpg\" class=\"vc_single_image-img attachment-medium\" alt=\"\" title=\"20230517_112032\" srcset=\"https:\/\/ceramicart.be\/wp-content\/uploads\/2023\/06\/20230517_112032-e1686310352816-300x300.jpg 300w, https:\/\/ceramicart.be\/wp-content\/uploads\/2023\/06\/20230517_112032-e1686310352816-150x150.jpg 150w, https:\/\/ceramicart.be\/wp-content\/uploads\/2023\/06\/20230517_112032-e1686310352816-768x768.jpg 768w, https:\/\/ceramicart.be\/wp-content\/uploads\/2023\/06\/20230517_112032-e1686310352816-12x12.jpg 12w, https:\/\/ceramicart.be\/wp-content\/uploads\/2023\/06\/20230517_112032-e1686310352816-550x550.jpg 550w, https:\/\/ceramicart.be\/wp-content\/uploads\/2023\/06\/20230517_112032-e1686310352816-600x600.jpg 600w, https:\/\/ceramicart.be\/wp-content\/uploads\/2023\/06\/20230517_112032-e1686310352816-100x100.jpg 100w, https:\/\/ceramicart.be\/wp-content\/uploads\/2023\/06\/20230517_112032-e1686310352816.jpg 797w\" sizes=\"(max-width: 300px) 100vw, 300px\" \/><\/a>\n\t\t<\/figure>\n\t<\/div>\n<\/div><\/div><\/div><div class=\"wpb_column vc_column_container vc_col-sm-4\"><div class=\"vc_column-inner\"><div class=\"wpb_wrapper\">\n\t<div  class=\"wpb_single_image wpb_content_element vc_align_left wpb_content_element\">\n\t\t\n\t\t<figure class=\"wpb_wrapper vc_figure\">\n\t\t\t<a href=\"mailto: info@ceramicart.be\" target=\"_self\" class=\"vc_single_image-wrapper   vc_box_border_grey\"><img loading=\"lazy\" decoding=\"async\" width=\"300\" height=\"300\" src=\"https:\/\/ceramicart.be\/wp-content\/uploads\/2023\/01\/Stebo-Awards-Bords-300x300.jpg\" class=\"vc_single_image-img attachment-medium\" alt=\"\" title=\"Stebo-Awards-Bords\" srcset=\"https:\/\/ceramicart.be\/wp-content\/uploads\/2023\/01\/Stebo-Awards-Bords-300x300.jpg 300w, https:\/\/ceramicart.be\/wp-content\/uploads\/2023\/01\/Stebo-Awards-Bords-150x150.jpg 150w, https:\/\/ceramicart.be\/wp-content\/uploads\/2023\/01\/Stebo-Awards-Bords-12x12.jpg 12w, https:\/\/ceramicart.be\/wp-content\/uploads\/2023\/01\/Stebo-Awards-Bords-550x550.jpg 550w, https:\/\/ceramicart.be\/wp-content\/uploads\/2023\/01\/Stebo-Awards-Bords-100x100.jpg 100w, https:\/\/ceramicart.be\/wp-content\/uploads\/2023\/01\/Stebo-Awards-Bords.jpg 567w\" sizes=\"(max-width: 300px) 100vw, 300px\" \/><\/a>\n\t\t<\/figure>\n\t<\/div>\n<\/div><\/div><\/div><\/div><div class=\"vc_row wpb_row vc_row-fluid\" ><div class=\"wpb_column vc_column_container vc_col-sm-12\"><div class=\"vc_column-inner\"><div class=\"wpb_wrapper\"><div class=\"vc_empty_space\"   style=\"height: 32px\"><span class=\"vc_empty_space_inner\"><\/span><\/div><\/div><\/div><\/div><\/div><div class=\"vc_row wpb_row vc_row-fluid\" ><div class=\"wpb_column vc_column_container vc_col-sm-12\"><div class=\"vc_column-inner\"><div class=\"wpb_wrapper\"><div class=\"qodef-elements-holder   qodef-one-column  qodef-responsive-mode-768\" ><div class=\"qodef-eh-item   qodef-horizontal-alignment-center\" style=\"background-image: url(https:\/\/ceramicart.be\/wp-content\/uploads\/2023\/06\/Reciterre007\u00a9CecileRochus-scaled.jpg)\" data-item-class=\"qodef-eh-custom-2240\" data-1024-1366=\"133px 22% 140px 0\" data-680-768=\"0 0% 0 0\">\n\t<div class=\"qodef-eh-item-inner\">\n\t\t<div class=\"qodef-eh-item-content qodef-eh-custom-2240\" style=\"padding: 50px 0% 50px 0\">\n\t\t\t<div class=\"qodef-section-title-holder   qodef-st-enable-text-separator qodef-st-text-available\" >\n\t<div class=\"qodef-st-inner\">\n\t\t\t\t\t<h2 class=\"qodef-st-title\" style=\"color: #ffffff\">\n\t\t\t\tStoryclaying, een deel van een k(l)eigoed verhaal<br \/> vereeuwigd in een unieke creatie.\t\t\t<\/h2>\n\t\t\t\t<div class=\"qodef-st-text-holder clearfix\" style=\"color: #ffffff\">\n\t\t\t\t\t\t\t<span class=\"qodef-st-separator\"><\/span>\n\t\t\t\t\t\t\t\t\t\t<p class=\"qodef-st-text\" >\n\t\t\t\t\tDe kracht van woorden combineren met de magie van klei\t\t\t\t<\/p>\n\t\t\t\t\t<\/div>\n\t\t\t<\/div>\n<\/div><div class=\"vc_empty_space\"   style=\"height: 32px\"><span class=\"vc_empty_space_inner\"><\/span><\/div><a itemprop=\"url\" href=\"https:\/\/ceramicart.be\/nl\/contact-us\/\" target=\"_self\"  class=\"qodef-btn qodef-btn-medium qodef-btn-solid qodef-dir-aware-hover\"  >\n    <span class=\"qodef-btn-text\">Neem contact met me op<\/span>\n            \t<span class=\"qodef-btn-background-holder\">\n\t\t    <span class=\"qodef-btn-background\"><\/span>\n\t   <\/span>\n    <\/a>\t\t<\/div>\n\t<\/div>\n<\/div><\/div><\/div><\/div><\/div><\/div>\n<\/div>","protected":false},"excerpt":{"rendered":"Des pi\u00e8ces \u00e0 \u00e9crire pour c\u00e9l\u00e9brer chaque \u00e9tape de la vie Un jour, j\u2019ai re\u00e7u d\u2019une amie un tiroir avec d\u2019anciennes lettres d\u2019imprimerie. J\u2019ai commenc\u00e9, timidement, \u00e0 imprimer sur mes pi\u00e8ces un mot par-ci un mot par-l\u00e0. Ces mots, \u00e0 [...]","protected":false},"author":1,"featured_media":8068,"parent":0,"menu_order":0,"comment_status":"closed","ping_status":"closed","template":"","meta":{"footnotes":""},"class_list":["post-8051","page","type-page","status-publish","has-post-thumbnail","hentry"],"jetpack_sharing_enabled":true,"_links":{"self":[{"href":"https:\/\/ceramicart.be\/nl\/wp-json\/wp\/v2\/pages\/8051"}],"collection":[{"href":"https:\/\/ceramicart.be\/nl\/wp-json\/wp\/v2\/pages"}],"about":[{"href":"https:\/\/ceramicart.be\/nl\/wp-json\/wp\/v2\/types\/page"}],"author":[{"embeddable":true,"href":"https:\/\/ceramicart.be\/nl\/wp-json\/wp\/v2\/users\/1"}],"replies":[{"embeddable":true,"href":"https:\/\/ceramicart.be\/nl\/wp-json\/wp\/v2\/comments?post=8051"}],"version-history":[{"count":55,"href":"https:\/\/ceramicart.be\/nl\/wp-json\/wp\/v2\/pages\/8051\/revisions"}],"predecessor-version":[{"id":8151,"href":"https:\/\/ceramicart.be\/nl\/wp-json\/wp\/v2\/pages\/8051\/revisions\/8151"}],"wp:featuredmedia":[{"embeddable":true,"href":"https:\/\/ceramicart.be\/nl\/wp-json\/wp\/v2\/media\/8068"}],"wp:attachment":[{"href":"https:\/\/ceramicart.be\/nl\/wp-json\/wp\/v2\/media?parent=8051"}],"curies":[{"name":"wp","href":"https:\/\/api.w.org\/{rel}","templated":true}]}}