{"id":2119,"date":"2018-03-20T11:49:38","date_gmt":"2018-03-20T10:49:38","guid":{"rendered":"http:\/\/tonda.select-themes.com\/?post_type=product&#038;p=2119"},"modified":"2022-11-06T16:13:38","modified_gmt":"2022-11-06T15:13:38","slug":"green-pottery","status":"publish","type":"product","link":"https:\/\/ceramicart.be\/nl\/shop-standard\/beurriers\/green-pottery\/","title":{"rendered":"Beurrier \u00e0 eau &#8211; TAILLE S &#8211; Goutte &#8211; Jaune"},"content":{"rendered":"<p>Beurrier de taille S &#8211; capacit\u00e9 environ 130g de beurre<\/p>\n<p>Ce beurrier \u00e0 eau vous permet de garder votre beurre en dehors du frigo. Fini les trous dans les tartines!<\/p>\n<p>L&rsquo;eau du bol est en contact direct avec le beurre et l&#8217;emp\u00eache donc de rancir. Gr\u00e2ce \u00e0 ce beurrier, vous limitez votre consommation d&rsquo;\u00e9nergie, vous avez un beurre mou et sans odeurs.<\/p>","protected":false},"excerpt":{"rendered":"<p>Beurrier de taille S &#8211; capacit\u00e9 environ 130g de beurre Ce beurrier \u00e0 eau vous permet de garder votre beurre en dehors du frigo. Fini les trous dans les tartines! L&rsquo;eau du bol est en contact direct avec le beurre [&hellip;]<\/p>\n","protected":false},"featured_media":3881,"template":"","meta":{"jetpack_publicize_message":"","jetpack_publicize_feature_enabled":true,"jetpack_social_post_already_shared":false,"jetpack_social_options":{"image_generator_settings":{"template":"highway","enabled":false},"version":2}},"product_brand":[],"product_cat":[52],"product_tag":[165,155,39,156,166],"class_list":{"0":"post-2119","1":"product","2":"type-product","3":"status-publish","4":"has-post-thumbnail","6":"product_cat-beurriers","7":"product_tag-beurrier","8":"product_tag-crawling","9":"product_tag-gres","10":"product_tag-jaune","11":"product_tag-vaisselle","13":"first","14":"outofstock","15":"shipping-taxable","16":"purchasable","17":"product-type-simple"},"jetpack_publicize_connections":[],"jetpack_sharing_enabled":true,"_links":{"self":[{"href":"https:\/\/ceramicart.be\/nl\/wp-json\/wp\/v2\/product\/2119"}],"collection":[{"href":"https:\/\/ceramicart.be\/nl\/wp-json\/wp\/v2\/product"}],"about":[{"href":"https:\/\/ceramicart.be\/nl\/wp-json\/wp\/v2\/types\/product"}],"wp:featuredmedia":[{"embeddable":true,"href":"https:\/\/ceramicart.be\/nl\/wp-json\/wp\/v2\/media\/3881"}],"wp:attachment":[{"href":"https:\/\/ceramicart.be\/nl\/wp-json\/wp\/v2\/media?parent=2119"}],"wp:term":[{"taxonomy":"product_brand","embeddable":true,"href":"https:\/\/ceramicart.be\/nl\/wp-json\/wp\/v2\/product_brand?post=2119"},{"taxonomy":"product_cat","embeddable":true,"href":"https:\/\/ceramicart.be\/nl\/wp-json\/wp\/v2\/product_cat?post=2119"},{"taxonomy":"product_tag","embeddable":true,"href":"https:\/\/ceramicart.be\/nl\/wp-json\/wp\/v2\/product_tag?post=2119"}],"curies":[{"name":"wp","href":"https:\/\/api.w.org\/{rel}","templated":true}]}}