{"id":4731,"date":"2020-11-07T14:23:25","date_gmt":"2020-11-07T13:23:25","guid":{"rendered":"http:\/\/192.168.0.51:8888\/shop-standard\/non%20class\u00e9\/beurrier-a-eau-goutte\/"},"modified":"2022-11-06T16:12:42","modified_gmt":"2022-11-06T15:12:42","slug":"beurrier-a-eau-goutte","status":"publish","type":"product","link":"https:\/\/ceramicart.be\/nl\/shop-standard\/beurriers\/beurrier-a-eau-goutte\/","title":{"rendered":"Beurrier \u00e0 eau &#8211; TAILLE S &#8211; Gris Brun"},"content":{"rendered":"<p>Beurrier de taille M &#8211; capacit\u00e9 environ 130g de beurre<\/p>","protected":false},"excerpt":{"rendered":"<p>Beurrier \u00e0 eau pour conserver son beurre \u00e0 l&rsquo;ext\u00e9rieur du frigo. Il reste tendre (donc facilement tartinable) et ne rancit pas! C&rsquo;est le contact de l&rsquo;eau avec le beurre qui l&#8217;emp\u00eache de rancir.<\/p>\n<p>Remplir le bol d&rsquo;eau. Ajouter \u00e9ventuellement une pinc\u00e9e de sel pour am\u00e9liorer la conservation. Changer l&rsquo;eau tous les 2-3 jours.<\/p>\n<p>Remplir le couvercle avec le beurre. Ouvrez votre paquet de beurre et pressez le couvercle dans la motte comme un emporte pi\u00e8ce. Au besoin poussez le beurre dans le fond du couvercle \u00e0 l&rsquo;aide d&rsquo;une fourchette.<\/p>\n<p>Votre beurrier \u00e0 eau ne craint pas le lave vaisselle.<\/p>","protected":false},"featured_media":5214,"template":"","meta":{"jetpack_publicize_message":"","jetpack_publicize_feature_enabled":true,"jetpack_social_post_already_shared":false,"jetpack_social_options":{"image_generator_settings":{"template":"highway","enabled":false},"version":2}},"product_brand":[],"product_cat":[52],"product_tag":[178,171,169,154],"class_list":{"0":"post-4731","1":"product","2":"type-product","3":"status-publish","4":"has-post-thumbnail","6":"product_cat-beurriers","7":"product_tag-beurriers","8":"product_tag-cuisine","9":"product_tag-gres-blanc","10":"product_tag-gris-brun","12":"first","13":"outofstock","14":"shipping-taxable","15":"purchasable","16":"product-type-simple"},"jetpack_publicize_connections":[],"jetpack_sharing_enabled":true,"_links":{"self":[{"href":"https:\/\/ceramicart.be\/nl\/wp-json\/wp\/v2\/product\/4731"}],"collection":[{"href":"https:\/\/ceramicart.be\/nl\/wp-json\/wp\/v2\/product"}],"about":[{"href":"https:\/\/ceramicart.be\/nl\/wp-json\/wp\/v2\/types\/product"}],"wp:featuredmedia":[{"embeddable":true,"href":"https:\/\/ceramicart.be\/nl\/wp-json\/wp\/v2\/media\/5214"}],"wp:attachment":[{"href":"https:\/\/ceramicart.be\/nl\/wp-json\/wp\/v2\/media?parent=4731"}],"wp:term":[{"taxonomy":"product_brand","embeddable":true,"href":"https:\/\/ceramicart.be\/nl\/wp-json\/wp\/v2\/product_brand?post=4731"},{"taxonomy":"product_cat","embeddable":true,"href":"https:\/\/ceramicart.be\/nl\/wp-json\/wp\/v2\/product_cat?post=4731"},{"taxonomy":"product_tag","embeddable":true,"href":"https:\/\/ceramicart.be\/nl\/wp-json\/wp\/v2\/product_tag?post=4731"}],"curies":[{"name":"wp","href":"https:\/\/api.w.org\/{rel}","templated":true}]}}