{"id":5284,"date":"2020-11-14T15:34:16","date_gmt":"2020-11-14T14:34:16","guid":{"rendered":"https:\/\/ceramicart.be\/?post_type=product&#038;p=5284"},"modified":"2020-11-28T14:39:57","modified_gmt":"2020-11-28T13:39:57","slug":"bol-empreintes-turquoise","status":"publish","type":"product","link":"https:\/\/ceramicart.be\/nl\/shop-standard\/bols\/bol-empreintes-turquoise\/","title":{"rendered":"BOL Empreintes &#8211; Turquoise"},"content":{"rendered":"","protected":false},"excerpt":{"rendered":"<p>BOL en porcelaine de couleur turquoise. Id\u00e9al pour y mettre vos gourmandises saines lors d&rsquo;ap\u00e9ro. Parfait aussi pour un bon th\u00e9 bien chaud. Peut aussi servir de photophore.<\/p>\n<p>Diam\u00e8tre: 9,5 cm. Hauteur de 8 cm<\/p>","protected":false},"featured_media":5221,"template":"","meta":{"jetpack_publicize_message":"","jetpack_publicize_feature_enabled":true,"jetpack_social_post_already_shared":false,"jetpack_social_options":{"image_generator_settings":{"template":"highway","enabled":false},"version":2}},"product_brand":[],"product_cat":[50],"product_tag":[198,180,171,84,160,166],"class_list":{"0":"post-5284","1":"product","2":"type-product","3":"status-publish","4":"has-post-thumbnail","6":"product_cat-bols","7":"product_tag-apero","8":"product_tag-bol","9":"product_tag-cuisine","10":"product_tag-porcelaine","11":"product_tag-turquoise","12":"product_tag-vaisselle","14":"first","15":"instock","16":"sale","17":"shipping-taxable","18":"purchasable","19":"product-type-simple"},"jetpack_publicize_connections":[],"jetpack_sharing_enabled":true,"_links":{"self":[{"href":"https:\/\/ceramicart.be\/nl\/wp-json\/wp\/v2\/product\/5284"}],"collection":[{"href":"https:\/\/ceramicart.be\/nl\/wp-json\/wp\/v2\/product"}],"about":[{"href":"https:\/\/ceramicart.be\/nl\/wp-json\/wp\/v2\/types\/product"}],"wp:featuredmedia":[{"embeddable":true,"href":"https:\/\/ceramicart.be\/nl\/wp-json\/wp\/v2\/media\/5221"}],"wp:attachment":[{"href":"https:\/\/ceramicart.be\/nl\/wp-json\/wp\/v2\/media?parent=5284"}],"wp:term":[{"taxonomy":"product_brand","embeddable":true,"href":"https:\/\/ceramicart.be\/nl\/wp-json\/wp\/v2\/product_brand?post=5284"},{"taxonomy":"product_cat","embeddable":true,"href":"https:\/\/ceramicart.be\/nl\/wp-json\/wp\/v2\/product_cat?post=5284"},{"taxonomy":"product_tag","embeddable":true,"href":"https:\/\/ceramicart.be\/nl\/wp-json\/wp\/v2\/product_tag?post=5284"}],"curies":[{"name":"wp","href":"https:\/\/api.w.org\/{rel}","templated":true}]}}