{"id":5615,"date":"2020-11-26T20:22:42","date_gmt":"2020-11-26T19:22:42","guid":{"rendered":"https:\/\/ceramicart.be\/?post_type=product&#038;p=5615"},"modified":"2020-11-26T20:31:11","modified_gmt":"2020-11-26T19:31:11","slug":"deco-equilibre-rouge-sur-noisetier-tortueux","status":"publish","type":"product","link":"https:\/\/ceramicart.be\/nl\/shop-standard\/decoration\/deco-equilibre-rouge-sur-noisetier-tortueux\/","title":{"rendered":"D\u00e9co \u00e9quilibre Rouge sur noisetier tortueux"},"content":{"rendered":"","protected":false},"excerpt":{"rendered":"<p>BOL d\u00e9coratif en porcelaine de couleur rouge. Le bol tient en \u00e9quilibre sur la branche de noisetier tortueux. L&rsquo;int\u00e9rieur du bol n&rsquo;est pas \u00e9maill\u00e9. Peut aussi servir de photophore.<\/p>\n<p>Diam\u00e8tre:\u00a0 cm. Hauteur de\u00a0 cm<\/p>\n<p>Le bol convient au lave vaisselle<\/p>","protected":false},"featured_media":5456,"template":"","meta":{"jetpack_publicize_message":"","jetpack_publicize_feature_enabled":true,"jetpack_social_post_already_shared":false,"jetpack_social_options":{"image_generator_settings":{"template":"highway","enabled":false},"version":2}},"product_brand":[],"product_cat":[48],"product_tag":[84,184],"class_list":{"0":"post-5615","1":"product","2":"type-product","3":"status-publish","4":"has-post-thumbnail","6":"product_cat-decoration","7":"product_tag-porcelaine","8":"product_tag-rouge","10":"first","11":"instock","12":"shipping-taxable","13":"purchasable","14":"product-type-simple"},"jetpack_publicize_connections":[],"jetpack_sharing_enabled":true,"_links":{"self":[{"href":"https:\/\/ceramicart.be\/nl\/wp-json\/wp\/v2\/product\/5615"}],"collection":[{"href":"https:\/\/ceramicart.be\/nl\/wp-json\/wp\/v2\/product"}],"about":[{"href":"https:\/\/ceramicart.be\/nl\/wp-json\/wp\/v2\/types\/product"}],"wp:featuredmedia":[{"embeddable":true,"href":"https:\/\/ceramicart.be\/nl\/wp-json\/wp\/v2\/media\/5456"}],"wp:attachment":[{"href":"https:\/\/ceramicart.be\/nl\/wp-json\/wp\/v2\/media?parent=5615"}],"wp:term":[{"taxonomy":"product_brand","embeddable":true,"href":"https:\/\/ceramicart.be\/nl\/wp-json\/wp\/v2\/product_brand?post=5615"},{"taxonomy":"product_cat","embeddable":true,"href":"https:\/\/ceramicart.be\/nl\/wp-json\/wp\/v2\/product_cat?post=5615"},{"taxonomy":"product_tag","embeddable":true,"href":"https:\/\/ceramicart.be\/nl\/wp-json\/wp\/v2\/product_tag?post=5615"}],"curies":[{"name":"wp","href":"https:\/\/api.w.org\/{rel}","templated":true}]}}