{"id":5715,"date":"2020-11-30T19:34:11","date_gmt":"2020-11-30T18:34:11","guid":{"rendered":"https:\/\/ceramicart.be\/?post_type=product&#038;p=5715"},"modified":"2023-01-23T12:03:27","modified_gmt":"2023-01-23T11:03:27","slug":"tasse-a-cafe-sur-commande","status":"publish","type":"product","link":"https:\/\/ceramicart.be\/nl\/shop-standard\/sur-commande\/tasse-a-cafe-sur-commande\/","title":{"rendered":"KOFFIE KOP - Wit steengoed - Grijs steengoed"},"content":{"rendered":"<p>Id\u00e9al comme id\u00e9e cadeau de fin d&rsquo;ann\u00e9e pour les entreprises.<\/p>","protected":false},"excerpt":{"rendered":"<p>Koffiekopje van wit steengoed uit Belgi\u00eb. Inhoud ca. 220 ml. Vaatwasmachinebestendig.<\/p>\n<p>De kopjes zijn standaard geglazuurd met een horizontale kleurband.<\/p>\n<p>De foto's van de kleuropties zijn alleen bedoeld als richtlijn om te laten zien hoe elke kleur er op de klei uitziet. <a href=\"https:\/\/youtu.be\/dGWS8LaD--I\">Bekijk de video om je te helpen de kleur van het glazuur te kiezen.<\/a><\/p>\n<p>&nbsp;<\/p>\n<p><strong>Reken op ongeveer 8 weken voor de levering.<\/strong><\/p>\n<p>Wil je meer weten over het creatieproces?  Lees de uitleg in onze <a href=\"https:\/\/ceramicart.be\/nl\/faq\/\">FAQ.<\/a><\/p>","protected":false},"featured_media":6898,"template":"","meta":{"jetpack_publicize_message":"","jetpack_publicize_feature_enabled":true,"jetpack_social_post_already_shared":true,"jetpack_social_options":{"image_generator_settings":{"template":"highway","enabled":false},"version":2}},"product_brand":[],"product_cat":[212],"product_tag":[171,169,211,207,166],"class_list":{"0":"post-5715","1":"product","2":"type-product","3":"status-publish","4":"has-post-thumbnail","6":"product_cat-sur-commande","7":"product_tag-cuisine","8":"product_tag-gres-blanc","9":"product_tag-sur-commande","10":"product_tag-tasse","11":"product_tag-vaisselle","13":"first","14":"onbackorder","15":"shipping-taxable","16":"purchasable","17":"product-type-variable"},"jetpack_publicize_connections":[],"jetpack_sharing_enabled":true,"_links":{"self":[{"href":"https:\/\/ceramicart.be\/nl\/wp-json\/wp\/v2\/product\/5715"}],"collection":[{"href":"https:\/\/ceramicart.be\/nl\/wp-json\/wp\/v2\/product"}],"about":[{"href":"https:\/\/ceramicart.be\/nl\/wp-json\/wp\/v2\/types\/product"}],"wp:featuredmedia":[{"embeddable":true,"href":"https:\/\/ceramicart.be\/nl\/wp-json\/wp\/v2\/media\/6898"}],"wp:attachment":[{"href":"https:\/\/ceramicart.be\/nl\/wp-json\/wp\/v2\/media?parent=5715"}],"wp:term":[{"taxonomy":"product_brand","embeddable":true,"href":"https:\/\/ceramicart.be\/nl\/wp-json\/wp\/v2\/product_brand?post=5715"},{"taxonomy":"product_cat","embeddable":true,"href":"https:\/\/ceramicart.be\/nl\/wp-json\/wp\/v2\/product_cat?post=5715"},{"taxonomy":"product_tag","embeddable":true,"href":"https:\/\/ceramicart.be\/nl\/wp-json\/wp\/v2\/product_tag?post=5715"}],"curies":[{"name":"wp","href":"https:\/\/api.w.org\/{rel}","templated":true}]}}