{"id":6345,"date":"2021-07-22T18:59:28","date_gmt":"2021-07-22T17:59:28","guid":{"rendered":"https:\/\/ceramicart.be\/?post_type=product&#038;p=6345"},"modified":"2023-01-24T14:35:57","modified_gmt":"2023-01-24T13:35:57","slug":"saladier-noir","status":"publish","type":"product","link":"https:\/\/ceramicart.be\/nl\/shop-standard\/art-de-la-table\/saladier-noir\/","title":{"rendered":"Saladier Noir"},"content":{"rendered":"<p>Grote slakom 22,5 cm diameter, 10 cm hoog<\/p>\n<p>Sur les photos ci-dessus, le saladier est en gr\u00e8s gris avec un \u00e9mail noir tachet\u00e9 \u00e0 l&rsquo;int\u00e9rieur.<\/p>\n<p>L&rsquo;ext\u00e9rieur du saladier est brut avec une texture de petits plis.<\/p>","protected":false},"excerpt":{"rendered":"<p>Nodig je graag vrienden uit voor een lekkere maaltijd? Sublimeer groene of quinoa salades in deze mooie handgemaakte schaal. Elk stuk is uniek en kan lichte variaties vertonen in vorm, kleur en dikte.<\/p>\n<p>De schotel is vaatwasmachinebestendig.<\/p>\n<p>Wil je meer weten over het creatieproces?  Lees de uitleg in onze <a href=\"https:\/\/ceramicart.be\/nl\/faq\/\">FAQ.<\/a><\/p>","protected":false},"featured_media":6335,"template":"","meta":{"jetpack_publicize_message":"","jetpack_publicize_feature_enabled":true,"jetpack_social_post_already_shared":false,"jetpack_social_options":{"image_generator_settings":{"template":"highway","enabled":false},"version":2}},"product_brand":[],"product_cat":[45,228],"product_tag":[176,125,246],"class_list":{"0":"post-6345","1":"product","2":"type-product","3":"status-publish","4":"has-post-thumbnail","6":"product_cat-art-de-la-table","7":"product_cat-collection-volcan","8":"product_tag-gres-gris","9":"product_tag-noir","10":"product_tag-saladier","12":"first","13":"outofstock","14":"shipping-taxable","15":"purchasable","16":"product-type-simple"},"jetpack_publicize_connections":[],"jetpack_sharing_enabled":true,"_links":{"self":[{"href":"https:\/\/ceramicart.be\/nl\/wp-json\/wp\/v2\/product\/6345"}],"collection":[{"href":"https:\/\/ceramicart.be\/nl\/wp-json\/wp\/v2\/product"}],"about":[{"href":"https:\/\/ceramicart.be\/nl\/wp-json\/wp\/v2\/types\/product"}],"wp:featuredmedia":[{"embeddable":true,"href":"https:\/\/ceramicart.be\/nl\/wp-json\/wp\/v2\/media\/6335"}],"wp:attachment":[{"href":"https:\/\/ceramicart.be\/nl\/wp-json\/wp\/v2\/media?parent=6345"}],"wp:term":[{"taxonomy":"product_brand","embeddable":true,"href":"https:\/\/ceramicart.be\/nl\/wp-json\/wp\/v2\/product_brand?post=6345"},{"taxonomy":"product_cat","embeddable":true,"href":"https:\/\/ceramicart.be\/nl\/wp-json\/wp\/v2\/product_cat?post=6345"},{"taxonomy":"product_tag","embeddable":true,"href":"https:\/\/ceramicart.be\/nl\/wp-json\/wp\/v2\/product_tag?post=6345"}],"curies":[{"name":"wp","href":"https:\/\/api.w.org\/{rel}","templated":true}]}}