{"id":6405,"date":"2021-09-28T08:26:42","date_gmt":"2021-09-28T07:26:42","guid":{"rendered":"https:\/\/ceramicart.be\/?post_type=product&#038;p=6405"},"modified":"2022-12-12T18:18:21","modified_gmt":"2022-12-12T17:18:21","slug":"tasse-expresso-coll-belgian-sky","status":"publish","type":"product","link":"https:\/\/ceramicart.be\/nl\/shop-standard\/art-de-la-table\/tasse-expresso-coll-belgian-sky\/","title":{"rendered":"Tasse Expresso &#8211; Coll BELGIAN SKY"},"content":{"rendered":"<p>Diam\u00e8tre de la tasse:\u00a0 6,5 cm. Hauteur de 6,5 cm<\/p>\n<p>Contenance 125 ml (approx)<\/p>\n<p>La collection BELGIAN SKY est une collection intemporelle de c\u00e9ramiques artisanales qui utilise du gr\u00e8s gris et un \u00e9mail blanc. Il fait r\u00e9f\u00e9rence \u00e0 la couleur de notre ciel belge.<\/p>","protected":false},"excerpt":{"rendered":"<p>Tasse \u00e0 expresso en gr\u00e8s gris de la collection BELGIAN SKY<\/p>\n<p>Chaque pi\u00e8ce est unique et peut avoir de l\u00e9g\u00e8res variations de forme, de couleur et d&rsquo;\u00e9paisseur.<\/p>\n<p>Votre tasse peut aller au lave-vaisselle.<\/p>","protected":false},"featured_media":6407,"template":"","meta":{"jetpack_publicize_message":"","jetpack_publicize_feature_enabled":true,"jetpack_social_post_already_shared":true,"jetpack_social_options":{"image_generator_settings":{"template":"highway","enabled":false},"version":2}},"product_brand":[],"product_cat":[45,239,54],"product_tag":[130,171,213,176,207,166],"class_list":{"0":"post-6405","1":"product","2":"type-product","3":"status-publish","4":"has-post-thumbnail","6":"product_cat-art-de-la-table","7":"product_cat-collection-belgian-sky","8":"product_cat-mugs-tasses","9":"product_tag-blanc","10":"product_tag-cuisine","11":"product_tag-expresso","12":"product_tag-gres-gris","13":"product_tag-tasse","14":"product_tag-vaisselle","16":"first","17":"outofstock","18":"shipping-taxable","19":"purchasable","20":"product-type-simple"},"jetpack_publicize_connections":[],"jetpack_sharing_enabled":true,"_links":{"self":[{"href":"https:\/\/ceramicart.be\/nl\/wp-json\/wp\/v2\/product\/6405"}],"collection":[{"href":"https:\/\/ceramicart.be\/nl\/wp-json\/wp\/v2\/product"}],"about":[{"href":"https:\/\/ceramicart.be\/nl\/wp-json\/wp\/v2\/types\/product"}],"wp:featuredmedia":[{"embeddable":true,"href":"https:\/\/ceramicart.be\/nl\/wp-json\/wp\/v2\/media\/6407"}],"wp:attachment":[{"href":"https:\/\/ceramicart.be\/nl\/wp-json\/wp\/v2\/media?parent=6405"}],"wp:term":[{"taxonomy":"product_brand","embeddable":true,"href":"https:\/\/ceramicart.be\/nl\/wp-json\/wp\/v2\/product_brand?post=6405"},{"taxonomy":"product_cat","embeddable":true,"href":"https:\/\/ceramicart.be\/nl\/wp-json\/wp\/v2\/product_cat?post=6405"},{"taxonomy":"product_tag","embeddable":true,"href":"https:\/\/ceramicart.be\/nl\/wp-json\/wp\/v2\/product_tag?post=6405"}],"curies":[{"name":"wp","href":"https:\/\/api.w.org\/{rel}","templated":true}]}}