{"id":6432,"date":"2021-10-12T10:29:46","date_gmt":"2021-10-12T09:29:46","guid":{"rendered":"https:\/\/ceramicart.be\/?post_type=product&#038;p=6432"},"modified":"2021-12-17T09:56:46","modified_gmt":"2021-12-17T08:56:46","slug":"bol-ramen-coll-volcano","status":"publish","type":"product","link":"https:\/\/ceramicart.be\/nl\/shop-standard\/art-de-la-table\/bol-ramen-coll-volcano\/","title":{"rendered":"Bol Ramen-Coll VOLCANO"},"content":{"rendered":"<p>Bol \u00e0 Ramen de la collection VOLCANO en gr\u00e8s blanc avec un \u00e9mail noir et beige. Id\u00e9al pour vos mets asiatiques<\/p>\n<p>&nbsp;<\/p>\n<p>&nbsp;<\/p>","protected":false},"excerpt":{"rendered":"<p>Vous aimez inviter des amis \u00e0 d\u00e9guster un savoureux repas? Sublimez vos salades vertes ou de quinoa dans ce magnifique plat artisanal.<\/p>\n<p>Diam\u00e8tre 16 cm, hauteur: 8-9 cm, contenance 900 ml (approx).Chaque pi\u00e8ce est unique et peut avoir de l\u00e9g\u00e8res variations de forme, de couleur et d&rsquo;\u00e9paisseur. Votre bol peut aller au lave-vaisselle.<\/p>\n<p>Wil je meer weten over het creatieproces?  Lees de uitleg in onze <a href=\"https:\/\/ceramicart.be\/nl\/faq\/\">FAQ.<\/a><\/p>","protected":false},"featured_media":6426,"template":"","meta":{"jetpack_publicize_message":"","jetpack_publicize_feature_enabled":true,"jetpack_social_post_already_shared":true,"jetpack_social_options":{"image_generator_settings":{"template":"highway","enabled":false},"version":2}},"product_brand":[],"product_cat":[45,50,228],"product_tag":[],"class_list":{"0":"post-6432","1":"product","2":"type-product","3":"status-publish","4":"has-post-thumbnail","6":"product_cat-art-de-la-table","7":"product_cat-bols","8":"product_cat-collection-volcan","10":"first","11":"outofstock","12":"shipping-taxable","13":"purchasable","14":"product-type-simple"},"jetpack_publicize_connections":[],"jetpack_sharing_enabled":true,"_links":{"self":[{"href":"https:\/\/ceramicart.be\/nl\/wp-json\/wp\/v2\/product\/6432"}],"collection":[{"href":"https:\/\/ceramicart.be\/nl\/wp-json\/wp\/v2\/product"}],"about":[{"href":"https:\/\/ceramicart.be\/nl\/wp-json\/wp\/v2\/types\/product"}],"wp:featuredmedia":[{"embeddable":true,"href":"https:\/\/ceramicart.be\/nl\/wp-json\/wp\/v2\/media\/6426"}],"wp:attachment":[{"href":"https:\/\/ceramicart.be\/nl\/wp-json\/wp\/v2\/media?parent=6432"}],"wp:term":[{"taxonomy":"product_brand","embeddable":true,"href":"https:\/\/ceramicart.be\/nl\/wp-json\/wp\/v2\/product_brand?post=6432"},{"taxonomy":"product_cat","embeddable":true,"href":"https:\/\/ceramicart.be\/nl\/wp-json\/wp\/v2\/product_cat?post=6432"},{"taxonomy":"product_tag","embeddable":true,"href":"https:\/\/ceramicart.be\/nl\/wp-json\/wp\/v2\/product_tag?post=6432"}],"curies":[{"name":"wp","href":"https:\/\/api.w.org\/{rel}","templated":true}]}}