{"id":6447,"date":"2021-10-12T13:48:37","date_gmt":"2021-10-12T12:48:37","guid":{"rendered":"https:\/\/ceramicart.be\/?post_type=product&#038;p=6447"},"modified":"2024-06-16T17:03:07","modified_gmt":"2024-06-16T16:03:07","slug":"tasse-cafe-coll-north-sea","status":"publish","type":"product","link":"https:\/\/ceramicart.be\/nl\/shop-standard\/art-de-la-table\/tasse-cafe-coll-north-sea\/","title":{"rendered":"Tasse Caf\u00e9- Coll NORTH SEA"},"content":{"rendered":"<p>La collection NORTH SEA est une collection de c\u00e9ramiques artisanales avec de jolies variations de gris et de bleu. Cette collection est cr\u00e9\u00e9e \u00e0 partir de gr\u00e8s blanc provenant de Belgique. Elle fait r\u00e9f\u00e9rence \u00e0 la mer du nord avec son va et vient incessant. Cette collection m&rsquo;a \u00e9t\u00e9 inspir\u00e9e par la lecture du livre de Jacqueline Harpman \u00ab\u00a0La plage d&rsquo;Ostende\u00a0\u00bb qui d\u00e9crit si bien l&rsquo;infinit\u00e9 des nuances de couleurs que la mer nous offre.<\/p>","protected":false},"excerpt":{"rendered":"<p>Tasse \u00e0 caf\u00e9 en gr\u00e8s blanc belge de la collection NORTH SEA.<\/p>\n<p>Diam\u00e8tre de la tasse:\u00a0 7 cm. Hauteur de 8,5 cm<\/p>\n<p>Contenance 225 ml (approx)<\/p>\n<p>Ces informations peuvent l\u00e9g\u00e8rement varier \u00e9tant donn\u00e9 le c\u00f4t\u00e9 artisanal du produit.<\/p>","protected":false},"featured_media":6443,"template":"","meta":{"jetpack_publicize_message":"","jetpack_publicize_feature_enabled":true,"jetpack_social_post_already_shared":true,"jetpack_social_options":{"image_generator_settings":{"template":"highway","enabled":false},"version":2}},"product_brand":[],"product_cat":[45,241,54],"product_tag":[171,213,169,172,207,166],"class_list":{"0":"post-6447","1":"product","2":"type-product","3":"status-publish","4":"has-post-thumbnail","6":"product_cat-art-de-la-table","7":"product_cat-collection-north-sea","8":"product_cat-mugs-tasses","9":"product_tag-cuisine","10":"product_tag-expresso","11":"product_tag-gres-blanc","12":"product_tag-gris-mat","13":"product_tag-tasse","14":"product_tag-vaisselle","16":"first","17":"outofstock","18":"shipping-taxable","19":"purchasable","20":"product-type-simple"},"jetpack_publicize_connections":[],"jetpack_sharing_enabled":true,"_links":{"self":[{"href":"https:\/\/ceramicart.be\/nl\/wp-json\/wp\/v2\/product\/6447"}],"collection":[{"href":"https:\/\/ceramicart.be\/nl\/wp-json\/wp\/v2\/product"}],"about":[{"href":"https:\/\/ceramicart.be\/nl\/wp-json\/wp\/v2\/types\/product"}],"wp:featuredmedia":[{"embeddable":true,"href":"https:\/\/ceramicart.be\/nl\/wp-json\/wp\/v2\/media\/6443"}],"wp:attachment":[{"href":"https:\/\/ceramicart.be\/nl\/wp-json\/wp\/v2\/media?parent=6447"}],"wp:term":[{"taxonomy":"product_brand","embeddable":true,"href":"https:\/\/ceramicart.be\/nl\/wp-json\/wp\/v2\/product_brand?post=6447"},{"taxonomy":"product_cat","embeddable":true,"href":"https:\/\/ceramicart.be\/nl\/wp-json\/wp\/v2\/product_cat?post=6447"},{"taxonomy":"product_tag","embeddable":true,"href":"https:\/\/ceramicart.be\/nl\/wp-json\/wp\/v2\/product_tag?post=6447"}],"curies":[{"name":"wp","href":"https:\/\/api.w.org\/{rel}","templated":true}]}}