{"id":6469,"date":"2021-10-12T19:31:01","date_gmt":"2021-10-12T18:31:01","guid":{"rendered":"https:\/\/ceramicart.be\/?post_type=product&#038;p=6469"},"modified":"2023-03-09T10:31:40","modified_gmt":"2023-03-09T09:31:40","slug":"tasse-expresso-coll-volcano-2","status":"publish","type":"product","link":"https:\/\/ceramicart.be\/nl\/shop-standard\/art-de-la-table\/tasse-expresso-coll-volcano-2\/","title":{"rendered":"Tasse Expresso &#8211; Coll VOLCANO"},"content":{"rendered":"<p>La collection VOLCANO est une collection de c\u00e9ramiques artisanales de couleur noir intense avec des variations de gris. Cette collection est cr\u00e9\u00e9e \u00e0 partir de gr\u00e8s gris. Il fait r\u00e9f\u00e9rence \u00e0 l&rsquo;intensit\u00e9 volcanique de certaines de nos \u00e9motions passag\u00e8res.<\/p>","protected":false},"excerpt":{"rendered":"<p>Tasse \u00e0 expresso en gr\u00e8s gris de la collection VOLCANO.<\/p>\n<p>Diam\u00e8tre de la tasse:\u00a0 6,5 cm. Hauteur de 6,5 cm<\/p>\n<p>Contenance 125 ml (approx)<\/p>\n<p>Ces informations peuvent l\u00e9g\u00e8rement varier \u00e9tant donn\u00e9 le c\u00f4t\u00e9 artisanal du produit.<\/p>","protected":false},"featured_media":6554,"template":"","meta":{"jetpack_publicize_message":"","jetpack_publicize_feature_enabled":true,"jetpack_social_post_already_shared":true,"jetpack_social_options":{"image_generator_settings":{"template":"highway","enabled":false},"version":2}},"product_brand":[],"product_cat":[45,228,54],"product_tag":[171,213,176,125,207,166],"class_list":{"0":"post-6469","1":"product","2":"type-product","3":"status-publish","4":"has-post-thumbnail","6":"product_cat-art-de-la-table","7":"product_cat-collection-volcan","8":"product_cat-mugs-tasses","9":"product_tag-cuisine","10":"product_tag-expresso","11":"product_tag-gres-gris","12":"product_tag-noir","13":"product_tag-tasse","14":"product_tag-vaisselle","16":"first","17":"outofstock","18":"shipping-taxable","19":"purchasable","20":"product-type-simple"},"jetpack_publicize_connections":[],"jetpack_sharing_enabled":true,"_links":{"self":[{"href":"https:\/\/ceramicart.be\/nl\/wp-json\/wp\/v2\/product\/6469"}],"collection":[{"href":"https:\/\/ceramicart.be\/nl\/wp-json\/wp\/v2\/product"}],"about":[{"href":"https:\/\/ceramicart.be\/nl\/wp-json\/wp\/v2\/types\/product"}],"wp:featuredmedia":[{"embeddable":true,"href":"https:\/\/ceramicart.be\/nl\/wp-json\/wp\/v2\/media\/6554"}],"wp:attachment":[{"href":"https:\/\/ceramicart.be\/nl\/wp-json\/wp\/v2\/media?parent=6469"}],"wp:term":[{"taxonomy":"product_brand","embeddable":true,"href":"https:\/\/ceramicart.be\/nl\/wp-json\/wp\/v2\/product_brand?post=6469"},{"taxonomy":"product_cat","embeddable":true,"href":"https:\/\/ceramicart.be\/nl\/wp-json\/wp\/v2\/product_cat?post=6469"},{"taxonomy":"product_tag","embeddable":true,"href":"https:\/\/ceramicart.be\/nl\/wp-json\/wp\/v2\/product_tag?post=6469"}],"curies":[{"name":"wp","href":"https:\/\/api.w.org\/{rel}","templated":true}]}}