{"id":6595,"date":"2021-10-26T19:13:48","date_gmt":"2021-10-26T18:13:48","guid":{"rendered":"https:\/\/ceramicart.be\/?post_type=product&#038;p=6595"},"modified":"2023-01-24T14:35:56","modified_gmt":"2023-01-24T13:35:56","slug":"plat-decoratif-coll-lichen","status":"publish","type":"product","link":"https:\/\/ceramicart.be\/nl\/shop-standard\/art-de-la-table\/plat-decoratif-coll-lichen\/","title":{"rendered":"Plat d\u00e9coratif &#8211; Coll LICHEN"},"content":{"rendered":"<p>La collection LICHEN est une collection de c\u00e9ramiques artisanales aux couleurs douces. Cette collection est cr\u00e9\u00e9e \u00e0 partir de gr\u00e8s blanc provenant de Belgique. Elle fait r\u00e9f\u00e9rence \u00e0 la douceur et la finesse de la mousse trouv\u00e9e sur les cailloux en bord de rivi\u00e8re et dans la lisi\u00e8re des bois. Cette collection m\u2019a \u00e9t\u00e9 inspir\u00e9e par mes nombreuses ballades dans la for\u00eat o\u00f9 je ne peux m\u2019emp\u00eacher de m\u2019\u00e9merveiller devant ces tr\u00e9sors g\u00e9n\u00e9reusement offerts par dame Nature.<\/p>","protected":false},"excerpt":{"rendered":"<p>Plat d\u00e9coratif oval de la collection LICHEN. Id\u00e9al pour un plat de pr\u00e9sentation de g\u00e2teaux, pour y d\u00e9poser ses bijoux\u2026Dimensions approximatives: 20 cm de longueur, 16 cm de large 3 cm de hauteur.<\/p>\n<p>Chaque pi\u00e8ce est unique et peut avoir de l\u00e9g\u00e8res variations de forme, de couleur et d\u2019\u00e9paisseur. Votre plat peut aller au lave vaisselle.<\/p>\n<p>&nbsp;<\/p>","protected":false},"featured_media":6590,"template":"","meta":{"jetpack_publicize_message":"Plat d\u00e9coratif de la collection LICHEN","jetpack_publicize_feature_enabled":true,"jetpack_social_post_already_shared":true,"jetpack_social_options":{"image_generator_settings":{"template":"highway","enabled":false},"version":2}},"product_brand":[],"product_cat":[45,242,48],"product_tag":[],"class_list":{"0":"post-6595","1":"product","2":"type-product","3":"status-publish","4":"has-post-thumbnail","6":"product_cat-art-de-la-table","7":"product_cat-collection-lichen","8":"product_cat-decoration","10":"first","11":"outofstock","12":"sale","13":"shipping-taxable","14":"purchasable","15":"product-type-simple"},"jetpack_publicize_connections":[],"jetpack_sharing_enabled":true,"_links":{"self":[{"href":"https:\/\/ceramicart.be\/nl\/wp-json\/wp\/v2\/product\/6595"}],"collection":[{"href":"https:\/\/ceramicart.be\/nl\/wp-json\/wp\/v2\/product"}],"about":[{"href":"https:\/\/ceramicart.be\/nl\/wp-json\/wp\/v2\/types\/product"}],"wp:featuredmedia":[{"embeddable":true,"href":"https:\/\/ceramicart.be\/nl\/wp-json\/wp\/v2\/media\/6590"}],"wp:attachment":[{"href":"https:\/\/ceramicart.be\/nl\/wp-json\/wp\/v2\/media?parent=6595"}],"wp:term":[{"taxonomy":"product_brand","embeddable":true,"href":"https:\/\/ceramicart.be\/nl\/wp-json\/wp\/v2\/product_brand?post=6595"},{"taxonomy":"product_cat","embeddable":true,"href":"https:\/\/ceramicart.be\/nl\/wp-json\/wp\/v2\/product_cat?post=6595"},{"taxonomy":"product_tag","embeddable":true,"href":"https:\/\/ceramicart.be\/nl\/wp-json\/wp\/v2\/product_tag?post=6595"}],"curies":[{"name":"wp","href":"https:\/\/api.w.org\/{rel}","templated":true}]}}