{"id":6633,"date":"2021-06-07T13:30:59","date_gmt":"2021-06-07T12:30:59","guid":{"rendered":"https:\/\/ceramicart.be\/?post_type=product&#038;p=6633"},"modified":"2026-04-02T16:25:00","modified_gmt":"2026-04-02T15:25:00","slug":"mini-cycle-datelier-ceramique-mardi-soir","status":"publish","type":"product","link":"https:\/\/ceramicart.be\/nl\/shop-standard\/ateliers\/mini-cycle-datelier-ceramique-mardi-soir\/","title":{"rendered":"Mini-cyclus keramiekworkshop \u2013 Maandagavond"},"content":{"rendered":"<p><strong>Praktische informatie :<\/strong><\/p>\n<ul>\n<li>Van 19u tot 21u<\/li>\n<li>Data:\n<ul>\n<li><strong>Sept-Dec 2025: <\/strong>8-15-22-29\/09, 6-13\/10, 3-17-24\/11, 1-8\/12<\/li>\n<li><strong>Jan-Avril 2026:<\/strong> 12-19-26\/01, 2-9\/02, 2-9-16-23-30\/03, 20\/04<\/li>\n<\/ul>\n<\/li>\n<li>Locatie: Gemeenschapscentrum Nohva Peter Benoitplein 22, 1120 Brussel<\/li>\n<li>Inbegrepen: Klei en eerste bakbeurt<\/li>\n<li>Niet inbegrepen: glazuur en 2de bakbeurt<\/li>\n<li><span style=\"font-weight: 400;\">Aantal deelnemers: 6-12 pers<\/span><\/li>\n<li>Kansentarief mogelijk <a href=\"https:\/\/www.gcnohva.be\/contact\">(contact GC Nohva)<\/a><\/li>\n<li>Duur : 2u<\/li>\n<li>Leeftijd: Iedereen<\/li>\n<li>Voorkennis: geen<\/li>\n<\/ul>\n<p>Minimum 6 personen om deze workshopcyclus te kunnen laten doorgaan.<\/p>","protected":false},"excerpt":{"rendered":"<p><span style=\"font-weight: 400;\">Klei is het ideale medium om jezelf te verankeren en terug te keren naar de basis. Voel de heilzame werking van handwerk om eindelijk die gekke hamster in jou uit zijn kooi te krijgen.<\/span><\/p>\n<p>Bied je dierbaren of jezelf een minicyclus keramiek workshops aan om de verschillende technieken van het boetseren met klei te ontdekken of te vervolmaken (techniek van de kleiworstjes, -platen, of de geknepen pot).<\/p>\n<p>&nbsp;<\/p>\n<p><strong>Dit is hoe de cursus werkt:<\/strong><\/p>\n<ul>\n<li>De eerste 5 lessen zijn gewijd aan het leren van verschillende boetseertechnieken zonder de draaischijf.<\/li>\n<li>Je ontdekt het gevoel van het aanraken van de klei<\/li>\n<li>De laatste 5 lessen zijn gewijd aan het cre\u00ebren van je persoonlijke project.<\/li>\n<li>De stukken moeten volledig drogen voor de eerste biscuitbak in de oven.<\/li>\n<li>Het glazuren van de stukken gebeurt ongeveer 1,5 maand na de cyclus. Maak een afspraak met mij.<\/li>\n<li>Je komt naar de studio om de stukken op te halen zodra de 2e bakbeurt afgelopen is.<\/li>\n<\/ul>","protected":false},"featured_media":7258,"template":"","meta":{"jetpack_publicize_message":"Envie de s\u2019octroyer un peu de temps, juste pour soi,  juste pour se faire plaisir\u2026 Offrez-vous quelques heures par semaine o\u00f9 vous vous \u00e9vadez gr\u00e2ce \u00e0 la c\u00e9ramique. Cette formule vous permet de cr\u00e9er un ou plusieurs petits projets qui ne pourraient pas \u00eatre r\u00e9alis\u00e9s en un seul cours.","jetpack_publicize_feature_enabled":true,"jetpack_social_post_already_shared":true,"jetpack_social_options":{"image_generator_settings":{"template":"highway","enabled":false},"version":2}},"product_brand":[],"product_cat":[144],"product_tag":[259,260],"class_list":{"0":"post-6633","1":"product","2":"type-product","3":"status-publish","4":"has-post-thumbnail","6":"product_cat-ateliers","7":"product_tag-atelier-ceramique","8":"product_tag-mini-cycle","10":"first","11":"instock","12":"shipping-taxable","13":"purchasable","14":"product-type-variable"},"jetpack_publicize_connections":[],"jetpack_sharing_enabled":true,"_links":{"self":[{"href":"https:\/\/ceramicart.be\/nl\/wp-json\/wp\/v2\/product\/6633"}],"collection":[{"href":"https:\/\/ceramicart.be\/nl\/wp-json\/wp\/v2\/product"}],"about":[{"href":"https:\/\/ceramicart.be\/nl\/wp-json\/wp\/v2\/types\/product"}],"wp:featuredmedia":[{"embeddable":true,"href":"https:\/\/ceramicart.be\/nl\/wp-json\/wp\/v2\/media\/7258"}],"wp:attachment":[{"href":"https:\/\/ceramicart.be\/nl\/wp-json\/wp\/v2\/media?parent=6633"}],"wp:term":[{"taxonomy":"product_brand","embeddable":true,"href":"https:\/\/ceramicart.be\/nl\/wp-json\/wp\/v2\/product_brand?post=6633"},{"taxonomy":"product_cat","embeddable":true,"href":"https:\/\/ceramicart.be\/nl\/wp-json\/wp\/v2\/product_cat?post=6633"},{"taxonomy":"product_tag","embeddable":true,"href":"https:\/\/ceramicart.be\/nl\/wp-json\/wp\/v2\/product_tag?post=6633"}],"curies":[{"name":"wp","href":"https:\/\/api.w.org\/{rel}","templated":true}]}}