{"id":6640,"date":"2021-11-04T12:31:38","date_gmt":"2021-11-04T11:31:38","guid":{"rendered":"https:\/\/ceramicart.be\/?post_type=product&#038;p=6640"},"modified":"2021-12-18T13:30:26","modified_gmt":"2021-12-18T12:30:26","slug":"bol-ramen-decoratif-turquoise","status":"publish","type":"product","link":"https:\/\/ceramicart.be\/nl\/shop-standard\/decoration\/bol-ramen-decoratif-turquoise\/","title":{"rendered":"Bol Ramen d\u00e9coratif &#8211; Turquoise"},"content":{"rendered":"<p>Diam\u00e8tre 16 cm, hauteur: 7-8 cm, contenance 900 ml (approx).Ces informations peuvent l\u00e9g\u00e8rement varier \u00e9tant donn\u00e9 le c\u00f4t\u00e9 artisanal du produit.<\/p>\n<p>Envie d\u2019en savoir plus sur le processus de cr\u00e9ation?\u00a0 Lisez les explications dans\u00a0<a href=\"https:\/\/ceramicart.be\/nl\/faq\/\">FAQ.<\/a><\/p>","protected":false},"excerpt":{"rendered":"<p>Bol turquoise avec une finition goutte qui lui donne un rendu original et unique. Id\u00e9al pour sublimer vos ap\u00e9ros entre amis ou pour d\u00e9corer votre int\u00e9rieur.<\/p>\n<p>Chaque pi\u00e8ce est unique et peut avoir de l\u00e9g\u00e8res variations de forme, de couleur et d\u2019\u00e9paisseur. Votre plat peut aller au lave-vaisselle.<\/p>\n<p>&nbsp;<\/p>","protected":false},"featured_media":6609,"template":"","meta":{"jetpack_publicize_message":"Bol d\u00e9coratif - Int\u00e9rieur turquoise, ext\u00e9rieur goutte. Id\u00e9al pour sublimer vos ap\u00e9ros entre amis ou pour d\u00e9corer votre int\u00e9rieur.\u00a0","jetpack_publicize_feature_enabled":true,"jetpack_social_post_already_shared":true,"jetpack_social_options":{"image_generator_settings":{"template":"highway","enabled":false},"version":2}},"product_brand":[],"product_cat":[50,285,48],"product_tag":[],"class_list":{"0":"post-6640","1":"product","2":"type-product","3":"status-publish","4":"has-post-thumbnail","6":"product_cat-bols","7":"product_cat-collection-drops","8":"product_cat-decoration","10":"first","11":"outofstock","12":"shipping-taxable","13":"purchasable","14":"product-type-simple"},"jetpack_publicize_connections":[],"jetpack_sharing_enabled":true,"_links":{"self":[{"href":"https:\/\/ceramicart.be\/nl\/wp-json\/wp\/v2\/product\/6640"}],"collection":[{"href":"https:\/\/ceramicart.be\/nl\/wp-json\/wp\/v2\/product"}],"about":[{"href":"https:\/\/ceramicart.be\/nl\/wp-json\/wp\/v2\/types\/product"}],"wp:featuredmedia":[{"embeddable":true,"href":"https:\/\/ceramicart.be\/nl\/wp-json\/wp\/v2\/media\/6609"}],"wp:attachment":[{"href":"https:\/\/ceramicart.be\/nl\/wp-json\/wp\/v2\/media?parent=6640"}],"wp:term":[{"taxonomy":"product_brand","embeddable":true,"href":"https:\/\/ceramicart.be\/nl\/wp-json\/wp\/v2\/product_brand?post=6640"},{"taxonomy":"product_cat","embeddable":true,"href":"https:\/\/ceramicart.be\/nl\/wp-json\/wp\/v2\/product_cat?post=6640"},{"taxonomy":"product_tag","embeddable":true,"href":"https:\/\/ceramicart.be\/nl\/wp-json\/wp\/v2\/product_tag?post=6640"}],"curies":[{"name":"wp","href":"https:\/\/api.w.org\/{rel}","templated":true}]}}