{"id":6649,"date":"2021-11-04T15:08:52","date_gmt":"2021-11-04T14:08:52","guid":{"rendered":"https:\/\/ceramicart.be\/?post_type=product&#038;p=6649"},"modified":"2022-10-03T19:43:39","modified_gmt":"2022-10-03T18:43:39","slug":"petite-assiette-ronde-champetre","status":"publish","type":"product","link":"https:\/\/ceramicart.be\/nl\/shop-standard\/art-de-la-table\/petite-assiette-ronde-champetre\/","title":{"rendered":"Petite assiette ronde champ\u00eatre"},"content":{"rendered":"<p>Plat rond en c\u00e9ramique de 16 cm de diam\u00e8tre, 2 cm de hauteur avec une empreinte d&rsquo;herbe sauvage de bord de champs<\/p>","protected":false},"excerpt":{"rendered":"<p><span style=\"font-weight: 400;\">Plat d\u00e9coratif avec une empreinte d\u2019herbe sauvage trouv\u00e9e aux abords des champs pour immortaliser les jolis cadeaux de dame nature. Id\u00e9al pour un plat de pr\u00e9sentation de g\u00e2teaux, pour y d\u00e9poser ses bijoux\u2026<\/span><\/p>\n<p><span style=\"font-weight: 400;\">Chaque pi\u00e8ce est unique et peut avoir de l\u00e9g\u00e8res variations de forme, de couleur et d\u2019\u00e9paisseur. Votre plat peut aller au lave-vaisselle.<\/span><\/p>","protected":false},"featured_media":6647,"template":"","meta":{"jetpack_publicize_message":"Petite assiette ronde champ\u00eatre de la collection LICHEN.","jetpack_publicize_feature_enabled":true,"jetpack_social_post_already_shared":true,"jetpack_social_options":{"image_generator_settings":{"template":"highway","enabled":false},"version":2}},"product_brand":[],"product_cat":[45,242,48],"product_tag":[],"class_list":{"0":"post-6649","1":"product","2":"type-product","3":"status-publish","4":"has-post-thumbnail","6":"product_cat-art-de-la-table","7":"product_cat-collection-lichen","8":"product_cat-decoration","10":"first","11":"outofstock","12":"shipping-taxable","13":"purchasable","14":"product-type-simple"},"jetpack_publicize_connections":[],"jetpack_sharing_enabled":true,"_links":{"self":[{"href":"https:\/\/ceramicart.be\/nl\/wp-json\/wp\/v2\/product\/6649"}],"collection":[{"href":"https:\/\/ceramicart.be\/nl\/wp-json\/wp\/v2\/product"}],"about":[{"href":"https:\/\/ceramicart.be\/nl\/wp-json\/wp\/v2\/types\/product"}],"wp:featuredmedia":[{"embeddable":true,"href":"https:\/\/ceramicart.be\/nl\/wp-json\/wp\/v2\/media\/6647"}],"wp:attachment":[{"href":"https:\/\/ceramicart.be\/nl\/wp-json\/wp\/v2\/media?parent=6649"}],"wp:term":[{"taxonomy":"product_brand","embeddable":true,"href":"https:\/\/ceramicart.be\/nl\/wp-json\/wp\/v2\/product_brand?post=6649"},{"taxonomy":"product_cat","embeddable":true,"href":"https:\/\/ceramicart.be\/nl\/wp-json\/wp\/v2\/product_cat?post=6649"},{"taxonomy":"product_tag","embeddable":true,"href":"https:\/\/ceramicart.be\/nl\/wp-json\/wp\/v2\/product_tag?post=6649"}],"curies":[{"name":"wp","href":"https:\/\/api.w.org\/{rel}","templated":true}]}}