{"id":6703,"date":"2021-11-21T18:26:57","date_gmt":"2021-11-21T17:26:57","guid":{"rendered":"https:\/\/ceramicart.be\/?post_type=product&#038;p=6703"},"modified":"2022-11-06T16:07:59","modified_gmt":"2022-11-06T15:07:59","slug":"beurrier-a-eau-taille-m-turquoise","status":"publish","type":"product","link":"https:\/\/ceramicart.be\/nl\/shop-standard\/beurriers\/beurrier-a-eau-taille-m-turquoise\/","title":{"rendered":"BEURRIER \u00c0 EAU \u2013 TAILLE M \u2013 Turquoise"},"content":{"rendered":"<p>Botervloot maat M - inhoud ca. 200g boter. Elk stuk is uniek en kan lichte variaties vertonen in vorm, kleur en dikte.<\/p>\n<p>Gebruiksaanwijzing:<\/p>\n<ul>\n<li><span class=\"JsGRdQ\">Vul de onderkant van de boterpot met water<\/span><\/li>\n<li><span class=\"JsGRdQ\">Voeg een snufje zout toe (optioneel)<\/span><\/li>\n<li><span class=\"JsGRdQ\">Druk het deksel in de boter zodat deze zo goed mogelijk gevuld is<\/span><\/li>\n<li><span class=\"JsGRdQ\">Plaats het deksel boven de gootsteen in de met watergevulde onderkant<\/span><\/li>\n<li><span class=\"JsGRdQ\">Geniet van je heerlijke hoeveboter<\/span><\/li>\n<li><span class=\"JsGRdQ\">Ververs het water om de 2-3 dagen<\/span><\/li>\n<li><span class=\"JsGRdQ\">Was je botervloot af in de vaatwasser<\/span><\/li>\n<\/ul>","protected":false},"excerpt":{"rendered":"<p class=\"_04xlpA direction-ltr align-center para-style-subtitle\"><span class=\"JsGRdQ\">Een echte must om boter buiten de koelkast te bewaren. De boter blijft zacht.\u00a0<\/span><span class=\"JsGRdQ\">Geen kapotte boterhammen meer!<\/span><\/p>\n<p>Het contact met water voorkomt dat de boter ranzig wordt.<\/p>\n<p>Geweldig alternatief voor plastic bakjes voor wie zero waste bewust is!<\/p>\n<p>Elk stuk is uniek en kan lichte variaties vertonen in vorm, kleur en dikte.<\/p>","protected":false},"featured_media":6698,"template":"","meta":{"jetpack_publicize_message":"Beurrier \u00e0 eau. La couleur de la terre grise influence le turquoise de l'\u00e9mail et lui conf\u00e8re une \u00e9nergie plus Yin.","jetpack_publicize_feature_enabled":true,"jetpack_social_post_already_shared":true,"jetpack_social_options":{"image_generator_settings":{"template":"highway","enabled":false},"version":2}},"product_brand":[],"product_cat":[52],"product_tag":[165,171,166],"class_list":{"0":"post-6703","1":"product","2":"type-product","3":"status-publish","4":"has-post-thumbnail","6":"product_cat-beurriers","7":"product_tag-beurrier","8":"product_tag-cuisine","9":"product_tag-vaisselle","11":"first","12":"outofstock","13":"shipping-taxable","14":"purchasable","15":"product-type-simple"},"jetpack_publicize_connections":[],"jetpack_sharing_enabled":true,"_links":{"self":[{"href":"https:\/\/ceramicart.be\/nl\/wp-json\/wp\/v2\/product\/6703"}],"collection":[{"href":"https:\/\/ceramicart.be\/nl\/wp-json\/wp\/v2\/product"}],"about":[{"href":"https:\/\/ceramicart.be\/nl\/wp-json\/wp\/v2\/types\/product"}],"wp:featuredmedia":[{"embeddable":true,"href":"https:\/\/ceramicart.be\/nl\/wp-json\/wp\/v2\/media\/6698"}],"wp:attachment":[{"href":"https:\/\/ceramicart.be\/nl\/wp-json\/wp\/v2\/media?parent=6703"}],"wp:term":[{"taxonomy":"product_brand","embeddable":true,"href":"https:\/\/ceramicart.be\/nl\/wp-json\/wp\/v2\/product_brand?post=6703"},{"taxonomy":"product_cat","embeddable":true,"href":"https:\/\/ceramicart.be\/nl\/wp-json\/wp\/v2\/product_cat?post=6703"},{"taxonomy":"product_tag","embeddable":true,"href":"https:\/\/ceramicart.be\/nl\/wp-json\/wp\/v2\/product_tag?post=6703"}],"curies":[{"name":"wp","href":"https:\/\/api.w.org\/{rel}","templated":true}]}}