{"id":6823,"date":"2021-12-02T14:08:48","date_gmt":"2021-12-02T13:08:48","guid":{"rendered":"https:\/\/ceramicart.be\/?post_type=product&#038;p=6823"},"modified":"2021-12-16T20:45:47","modified_gmt":"2021-12-16T19:45:47","slug":"vase-coll-north-sea","status":"publish","type":"product","link":"https:\/\/ceramicart.be\/nl\/shop-standard\/decoration\/vase-coll-north-sea\/","title":{"rendered":"VASE &#8211; Coll North Sea"},"content":{"rendered":"<p>La collection NORTH SEA est une collection de c\u00e9ramiques artisanales avec de jolies variations de gris et de bleu. Cette collection est cr\u00e9\u00e9e \u00e0 partir de gr\u00e8s blanc provenant de Belgique. Elle fait r\u00e9f\u00e9rence \u00e0 la mer du nord avec son va et vient incessant. Cette collection m\u2019a \u00e9t\u00e9 inspir\u00e9e par la lecture du livre de Jacqueline Harpman \u00ab\u00a0La plage d\u2019Ostende\u00a0\u00bb qui d\u00e9crit si bien l\u2019infinit\u00e9 des nuances de couleurs que la mer nous offre.<\/p>","protected":false},"excerpt":{"rendered":"<p>Vase pour sublimer vos plus jolis bouquets de fleurs. Vous pouvez aussi l&rsquo;utiliser pour y d\u00e9poser vos ustensiles de cuisine. Il convient au lave-vaisselle.<\/p>","protected":false},"featured_media":7107,"template":"","meta":{"jetpack_publicize_message":"Vase avec de nombreuses variation de couleurs allant du bleu au gris gris clair en passant par des nuance de gris tr\u00e8s profond. C'est comme si vous ameniez l'ambiance de la mer dans votre foyer.","jetpack_publicize_feature_enabled":true,"jetpack_social_post_already_shared":true,"jetpack_social_options":{"image_generator_settings":{"template":"highway","enabled":false},"version":2}},"product_brand":[],"product_cat":[241,48],"product_tag":[171,169,172,166,33],"class_list":{"0":"post-6823","1":"product","2":"type-product","3":"status-publish","4":"has-post-thumbnail","6":"product_cat-collection-north-sea","7":"product_cat-decoration","8":"product_tag-cuisine","9":"product_tag-gres-blanc","10":"product_tag-gris-mat","11":"product_tag-vaisselle","12":"product_tag-vase","14":"first","15":"outofstock","16":"shipping-taxable","17":"purchasable","18":"product-type-simple"},"jetpack_publicize_connections":[],"jetpack_sharing_enabled":true,"_links":{"self":[{"href":"https:\/\/ceramicart.be\/nl\/wp-json\/wp\/v2\/product\/6823"}],"collection":[{"href":"https:\/\/ceramicart.be\/nl\/wp-json\/wp\/v2\/product"}],"about":[{"href":"https:\/\/ceramicart.be\/nl\/wp-json\/wp\/v2\/types\/product"}],"wp:featuredmedia":[{"embeddable":true,"href":"https:\/\/ceramicart.be\/nl\/wp-json\/wp\/v2\/media\/7107"}],"wp:attachment":[{"href":"https:\/\/ceramicart.be\/nl\/wp-json\/wp\/v2\/media?parent=6823"}],"wp:term":[{"taxonomy":"product_brand","embeddable":true,"href":"https:\/\/ceramicart.be\/nl\/wp-json\/wp\/v2\/product_brand?post=6823"},{"taxonomy":"product_cat","embeddable":true,"href":"https:\/\/ceramicart.be\/nl\/wp-json\/wp\/v2\/product_cat?post=6823"},{"taxonomy":"product_tag","embeddable":true,"href":"https:\/\/ceramicart.be\/nl\/wp-json\/wp\/v2\/product_tag?post=6823"}],"curies":[{"name":"wp","href":"https:\/\/api.w.org\/{rel}","templated":true}]}}