{"id":6825,"date":"2021-12-02T14:12:56","date_gmt":"2021-12-02T13:12:56","guid":{"rendered":"https:\/\/ceramicart.be\/?post_type=product&#038;p=6825"},"modified":"2022-06-13T19:16:48","modified_gmt":"2022-06-13T18:16:48","slug":"plat-noir-collection-drops","status":"publish","type":"product","link":"https:\/\/ceramicart.be\/nl\/shop-standard\/art-de-la-table\/plat-noir-collection-drops\/","title":{"rendered":"Plat noir &#8211; Collection DROPS"},"content":{"rendered":"<p>De DROPS collectie is een collectie van ambachtelijke keramiek met prachtige druppels aan de buitenkant. De textuur vraagt erom aangeraakt te worden. De binnenkant van het stuk is geglazuurd met verschillende kleuren.<\/p>\n<p>Deze collectie is gemaakt met :<\/p>\n<ul>\n<li>Wit steengoed uit Belgi\u00eb. De kleuren zijn dan levendiger.<\/li>\n<li>Grijs steengoed, de kleuren zijn zachter.<\/li>\n<\/ul>\n<p>De DROPS collectie is ge\u00efnspireerd op de westerse Feng Shui beweging. Daar leerde ik de betekenissen van de verschillende kleuren en hun invloed op onze stemming. Deze collectie brengt u dus de energie die bij deze kleur hoort.<\/p>","protected":false},"excerpt":{"rendered":"<p>Grand plat d\u00e9coratif qui met en valeurs vos fruits sur votre plan de travail. Vous \u00e9paterez aussi vos invit\u00e9s lors des ap\u00e9ros chics et tendances.<\/p>\n<p>Grand plat de pr\u00e9sentation en gr\u00e8s gris avec un \u00e9mail goutte \u00e0 l&rsquo;ext\u00e9rieur et un \u00e9mail noir \u00e0 l&rsquo;int\u00e9rieur.<\/p>\n<p>22,5 cm de diam\u00e8tre, 10 cm de hauteur. Ces informations peuvent l\u00e9g\u00e8rement varier \u00e9tant donn\u00e9 le c\u00f4t\u00e9 artisanal du produit.<\/p>\n<p>Psssst, votre plat peut aller au lave-vaisselle!<\/p>\n<p>Wil je meer weten over het creatieproces?  Lees de uitleg in onze <a href=\"https:\/\/ceramicart.be\/nl\/faq\/\">FAQ.<\/a><\/p>","protected":false},"featured_media":7094,"template":"","meta":{"jetpack_publicize_message":"Saladier de la collection NORTH SEA pour sublimer vos plus d\u00e9licieuses salades","jetpack_publicize_feature_enabled":true,"jetpack_social_post_already_shared":true,"jetpack_social_options":{"image_generator_settings":{"template":"highway","enabled":false},"version":2}},"product_brand":[],"product_cat":[45,285,48],"product_tag":[131,125,278,279,277],"class_list":{"0":"post-6825","1":"product","2":"type-product","3":"status-publish","4":"has-post-thumbnail","6":"product_cat-art-de-la-table","7":"product_cat-collection-drops","8":"product_cat-decoration","9":"product_tag-goutte","10":"product_tag-noir","11":"product_tag-plat-a-fruits","12":"product_tag-plat-apero","13":"product_tag-plat-de-presentation","15":"first","16":"outofstock","17":"shipping-taxable","18":"purchasable","19":"product-type-simple"},"jetpack_publicize_connections":[],"jetpack_sharing_enabled":true,"_links":{"self":[{"href":"https:\/\/ceramicart.be\/nl\/wp-json\/wp\/v2\/product\/6825"}],"collection":[{"href":"https:\/\/ceramicart.be\/nl\/wp-json\/wp\/v2\/product"}],"about":[{"href":"https:\/\/ceramicart.be\/nl\/wp-json\/wp\/v2\/types\/product"}],"wp:featuredmedia":[{"embeddable":true,"href":"https:\/\/ceramicart.be\/nl\/wp-json\/wp\/v2\/media\/7094"}],"wp:attachment":[{"href":"https:\/\/ceramicart.be\/nl\/wp-json\/wp\/v2\/media?parent=6825"}],"wp:term":[{"taxonomy":"product_brand","embeddable":true,"href":"https:\/\/ceramicart.be\/nl\/wp-json\/wp\/v2\/product_brand?post=6825"},{"taxonomy":"product_cat","embeddable":true,"href":"https:\/\/ceramicart.be\/nl\/wp-json\/wp\/v2\/product_cat?post=6825"},{"taxonomy":"product_tag","embeddable":true,"href":"https:\/\/ceramicart.be\/nl\/wp-json\/wp\/v2\/product_tag?post=6825"}],"curies":[{"name":"wp","href":"https:\/\/api.w.org\/{rel}","templated":true}]}}