{"id":6828,"date":"2021-12-02T14:30:12","date_gmt":"2021-12-02T13:30:12","guid":{"rendered":"https:\/\/ceramicart.be\/?post_type=product&#038;p=6828"},"modified":"2022-10-03T19:43:39","modified_gmt":"2022-10-03T18:43:39","slug":"pplat-carre-moyen-coll-volcan","status":"publish","type":"product","link":"https:\/\/ceramicart.be\/nl\/shop-standard\/art-de-la-table\/pplat-carre-moyen-coll-volcan\/","title":{"rendered":"Plat carr\u00e9 &#8211; Moyen &#8211; Coll Volcan"},"content":{"rendered":"<p>La collection VOLCANO est une collection de c\u00e9ramiques artisanales de couleur noir intense avec des variations de gris. Cette collection est cr\u00e9\u00e9e \u00e0 partir de gr\u00e8s gris. Il fait r\u00e9f\u00e9rence \u00e0 l\u2019intensit\u00e9 volcanique de certaines de nos \u00e9motions passag\u00e8res.<\/p>","protected":false},"excerpt":{"rendered":"<p>Plat de pr\u00e9sentation de forme carr\u00e9 mesurant 20 cm de c\u00f4t\u00e9, 5,5 cm de hauteur (sur les bords), gr\u00e8s gris, \u00e9mail noir avec de l\u00e9g\u00e8res \u00e9claboussures beiges.<\/p>\n<p>Vous aimez inviter des amis? Pensez \u00e0 la touche d\u00e9co avec ce joli plat de pr\u00e9sentation.<\/p>\n<p>Petit d\u00e9tail pratique, il peut aller au lave vaisselle.<\/p>\n<p>Wil je meer weten over het creatieproces?  Lees de uitleg in onze <a href=\"https:\/\/ceramicart.be\/nl\/faq\/\">FAQ.<\/a><\/p>","protected":false},"featured_media":7089,"template":"","meta":{"jetpack_publicize_message":"Plat carr\u00e9 de la collection Volcan mesurant 20 cm de c\u00f4t\u00e9","jetpack_publicize_feature_enabled":true,"jetpack_social_post_already_shared":true,"jetpack_social_options":{"image_generator_settings":{"template":"highway","enabled":false},"version":2}},"product_brand":[],"product_cat":[45,228,48],"product_tag":[],"class_list":{"0":"post-6828","1":"product","2":"type-product","3":"status-publish","4":"has-post-thumbnail","6":"product_cat-art-de-la-table","7":"product_cat-collection-volcan","8":"product_cat-decoration","10":"first","11":"outofstock","12":"shipping-taxable","13":"purchasable","14":"product-type-simple"},"jetpack_publicize_connections":[],"jetpack_sharing_enabled":true,"_links":{"self":[{"href":"https:\/\/ceramicart.be\/nl\/wp-json\/wp\/v2\/product\/6828"}],"collection":[{"href":"https:\/\/ceramicart.be\/nl\/wp-json\/wp\/v2\/product"}],"about":[{"href":"https:\/\/ceramicart.be\/nl\/wp-json\/wp\/v2\/types\/product"}],"wp:featuredmedia":[{"embeddable":true,"href":"https:\/\/ceramicart.be\/nl\/wp-json\/wp\/v2\/media\/7089"}],"wp:attachment":[{"href":"https:\/\/ceramicart.be\/nl\/wp-json\/wp\/v2\/media?parent=6828"}],"wp:term":[{"taxonomy":"product_brand","embeddable":true,"href":"https:\/\/ceramicart.be\/nl\/wp-json\/wp\/v2\/product_brand?post=6828"},{"taxonomy":"product_cat","embeddable":true,"href":"https:\/\/ceramicart.be\/nl\/wp-json\/wp\/v2\/product_cat?post=6828"},{"taxonomy":"product_tag","embeddable":true,"href":"https:\/\/ceramicart.be\/nl\/wp-json\/wp\/v2\/product_tag?post=6828"}],"curies":[{"name":"wp","href":"https:\/\/api.w.org\/{rel}","templated":true}]}}