{"id":6831,"date":"2021-12-02T19:00:24","date_gmt":"2021-12-02T18:00:24","guid":{"rendered":"https:\/\/ceramicart.be\/?post_type=product&#038;p=6831"},"modified":"2022-06-24T13:39:49","modified_gmt":"2022-06-24T12:39:49","slug":"plat-champetre-blanc-marguerite","status":"publish","type":"product","link":"https:\/\/ceramicart.be\/nl\/shop-standard\/art-de-la-table\/plat-champetre-blanc-marguerite\/","title":{"rendered":"Vegetale schotel - Marguerite"},"content":{"rendered":"<p>Plat oval en c\u00e9ramique de 20 cm de longueur, 16 cm de large 3 cm de hauteur avec une empreinte de feuille (ici marguerite)<\/p>\n<p>La collection BELGIAN SKY est une collection intemporelle de c\u00e9ramiques artisanales qui utilise du gr\u00e8s gris et un \u00e9mail blanc. Il fait r\u00e9f\u00e9rence \u00e0 la couleur de notre ciel belge.<\/p>","protected":false},"excerpt":{"rendered":"<p>Plat d\u00e9coratif avec une empreinte florale de marguerite pour immortaliser les jolis cadeaux de dame nature. Id\u00e9al pour un plat de pr\u00e9sentation de g\u00e2teaux, pour y d\u00e9poser ses bijoux\u2026<\/p>\n<p>Chaque pi\u00e8ce est unique et peut avoir de l\u00e9g\u00e8res variations de forme, de couleur et d\u2019\u00e9paisseur. Votre plat peut aller au lave vaisselle.<\/p>","protected":false},"featured_media":6998,"template":"","meta":{"jetpack_publicize_message":"Plat champ\u00eatre gris - Marguerite","jetpack_publicize_feature_enabled":true,"jetpack_social_post_already_shared":true,"jetpack_social_options":{"image_generator_settings":{"template":"highway","enabled":false},"version":2}},"product_brand":[],"product_cat":[45,239,48],"product_tag":[],"class_list":{"0":"post-6831","1":"product","2":"type-product","3":"status-publish","4":"has-post-thumbnail","6":"product_cat-art-de-la-table","7":"product_cat-collection-belgian-sky","8":"product_cat-decoration","10":"first","11":"outofstock","12":"shipping-taxable","13":"purchasable","14":"product-type-simple"},"jetpack_publicize_connections":[],"jetpack_sharing_enabled":true,"_links":{"self":[{"href":"https:\/\/ceramicart.be\/nl\/wp-json\/wp\/v2\/product\/6831"}],"collection":[{"href":"https:\/\/ceramicart.be\/nl\/wp-json\/wp\/v2\/product"}],"about":[{"href":"https:\/\/ceramicart.be\/nl\/wp-json\/wp\/v2\/types\/product"}],"wp:featuredmedia":[{"embeddable":true,"href":"https:\/\/ceramicart.be\/nl\/wp-json\/wp\/v2\/media\/6998"}],"wp:attachment":[{"href":"https:\/\/ceramicart.be\/nl\/wp-json\/wp\/v2\/media?parent=6831"}],"wp:term":[{"taxonomy":"product_brand","embeddable":true,"href":"https:\/\/ceramicart.be\/nl\/wp-json\/wp\/v2\/product_brand?post=6831"},{"taxonomy":"product_cat","embeddable":true,"href":"https:\/\/ceramicart.be\/nl\/wp-json\/wp\/v2\/product_cat?post=6831"},{"taxonomy":"product_tag","embeddable":true,"href":"https:\/\/ceramicart.be\/nl\/wp-json\/wp\/v2\/product_tag?post=6831"}],"curies":[{"name":"wp","href":"https:\/\/api.w.org\/{rel}","templated":true}]}}