{"id":6845,"date":"2021-12-06T11:13:26","date_gmt":"2021-12-06T10:13:26","guid":{"rendered":"https:\/\/ceramicart.be\/?post_type=product&#038;p=6845"},"modified":"2022-06-13T19:14:28","modified_gmt":"2022-06-13T18:14:28","slug":"assiette-plate-petite-coll-north-sea","status":"publish","type":"product","link":"https:\/\/ceramicart.be\/nl\/shop-standard\/art-de-la-table\/assiette-plate-petite-coll-north-sea\/","title":{"rendered":"Assiette plate &#8211; Petite Coll North Sea"},"content":{"rendered":"<p>Klein plat bord, 20 cm diameter, 1,5 cm hoog<\/p>\n<p>Sur les photos ci-dessus, assiette en gr\u00e8s blanc de Belgique, \u00e9mail gris mat ave des nuances plus claires<\/p>","protected":false},"excerpt":{"rendered":"<p>Ces assiettes \u00e0 d\u00e9jeuner, faites \u00e0 la main, sont uniques. Elles ont un diam\u00e8tre de 20 cm et peuvent avoir de l\u00e9g\u00e8res variations de forme, de couleur et d&rsquo;\u00e9paisseur. A combiner avec les tasses \u00e0 <a href=\"https:\/\/ceramicart.be\/nl\/shop-standard\/art-de-la-table\/tasse-cafe-coll-north-sea\/\">caf\u00e9<\/a> ou <a href=\"https:\/\/ceramicart.be\/nl\/shop-standard\/art-de-la-table\/tasse-expresso-coll-north-sea\/\">expresso<\/a> de la m\u00eame collection.<\/p>\n<p>Vos assiettes peuvent aller au lave vaisselle.<\/p>","protected":false},"featured_media":7130,"template":"","meta":{"jetpack_publicize_message":"Petite assiette plate de la collection North Sea. Id\u00e9al pour votre petit d\u00e9jeuner ou vos desserts gourmands","jetpack_publicize_feature_enabled":true,"jetpack_social_post_already_shared":true,"jetpack_social_options":{"image_generator_settings":{"template":"highway","enabled":false},"version":2}},"product_brand":[],"product_cat":[45,241],"product_tag":[275,276],"class_list":{"0":"post-6845","1":"product","2":"type-product","3":"status-publish","4":"has-post-thumbnail","6":"product_cat-art-de-la-table","7":"product_cat-collection-north-sea","8":"product_tag-assiette","9":"product_tag-dejeuner","11":"first","12":"outofstock","13":"shipping-taxable","14":"purchasable","15":"product-type-simple"},"jetpack_publicize_connections":[],"jetpack_sharing_enabled":true,"_links":{"self":[{"href":"https:\/\/ceramicart.be\/nl\/wp-json\/wp\/v2\/product\/6845"}],"collection":[{"href":"https:\/\/ceramicart.be\/nl\/wp-json\/wp\/v2\/product"}],"about":[{"href":"https:\/\/ceramicart.be\/nl\/wp-json\/wp\/v2\/types\/product"}],"wp:featuredmedia":[{"embeddable":true,"href":"https:\/\/ceramicart.be\/nl\/wp-json\/wp\/v2\/media\/7130"}],"wp:attachment":[{"href":"https:\/\/ceramicart.be\/nl\/wp-json\/wp\/v2\/media?parent=6845"}],"wp:term":[{"taxonomy":"product_brand","embeddable":true,"href":"https:\/\/ceramicart.be\/nl\/wp-json\/wp\/v2\/product_brand?post=6845"},{"taxonomy":"product_cat","embeddable":true,"href":"https:\/\/ceramicart.be\/nl\/wp-json\/wp\/v2\/product_cat?post=6845"},{"taxonomy":"product_tag","embeddable":true,"href":"https:\/\/ceramicart.be\/nl\/wp-json\/wp\/v2\/product_tag?post=6845"}],"curies":[{"name":"wp","href":"https:\/\/api.w.org\/{rel}","templated":true}]}}