{"id":6939,"date":"2021-12-09T18:41:43","date_gmt":"2021-12-09T17:41:43","guid":{"rendered":"https:\/\/ceramicart.be\/?post_type=product&#038;p=6939"},"modified":"2022-06-13T19:14:28","modified_gmt":"2022-06-13T18:14:28","slug":"tasse-expresso-bleu-nuit","status":"publish","type":"product","link":"https:\/\/ceramicart.be\/nl\/shop-standard\/art-de-la-table\/tasse-expresso-bleu-nuit\/","title":{"rendered":"Tasse Expresso Bleu Nuit"},"content":{"rendered":"","protected":false},"excerpt":{"rendered":"<p>Tasse \u00e0 expresso en gr\u00e8s blanc belge. Couleur d&rsquo;\u00e9mail Bleu Nuit. L&rsquo;int\u00e9rieur de la tasse est noire.<\/p>\n<p>Diam\u00e8tre de la tasse:\u00a0 6,5 cm. Hauteur de 6,5 cm<\/p>\n<p>Contenance 125 ml (approx)<\/p>\n<p>Ces informations peuvent l\u00e9g\u00e8rement varier \u00e9tant donn\u00e9 le c\u00f4t\u00e9 artisanal du produit.<\/p>","protected":false},"featured_media":7004,"template":"","meta":{"jetpack_publicize_message":"","jetpack_publicize_feature_enabled":true,"jetpack_social_post_already_shared":true,"jetpack_social_options":{"image_generator_settings":{"template":"highway","enabled":false},"version":2}},"product_brand":[],"product_cat":[45,54],"product_tag":[171,213,169,207,166],"class_list":{"0":"post-6939","1":"product","2":"type-product","3":"status-publish","4":"has-post-thumbnail","6":"product_cat-art-de-la-table","7":"product_cat-mugs-tasses","8":"product_tag-cuisine","9":"product_tag-expresso","10":"product_tag-gres-blanc","11":"product_tag-tasse","12":"product_tag-vaisselle","14":"first","15":"outofstock","16":"shipping-taxable","17":"purchasable","18":"product-type-simple"},"jetpack_publicize_connections":[],"jetpack_sharing_enabled":true,"_links":{"self":[{"href":"https:\/\/ceramicart.be\/nl\/wp-json\/wp\/v2\/product\/6939"}],"collection":[{"href":"https:\/\/ceramicart.be\/nl\/wp-json\/wp\/v2\/product"}],"about":[{"href":"https:\/\/ceramicart.be\/nl\/wp-json\/wp\/v2\/types\/product"}],"wp:featuredmedia":[{"embeddable":true,"href":"https:\/\/ceramicart.be\/nl\/wp-json\/wp\/v2\/media\/7004"}],"wp:attachment":[{"href":"https:\/\/ceramicart.be\/nl\/wp-json\/wp\/v2\/media?parent=6939"}],"wp:term":[{"taxonomy":"product_brand","embeddable":true,"href":"https:\/\/ceramicart.be\/nl\/wp-json\/wp\/v2\/product_brand?post=6939"},{"taxonomy":"product_cat","embeddable":true,"href":"https:\/\/ceramicart.be\/nl\/wp-json\/wp\/v2\/product_cat?post=6939"},{"taxonomy":"product_tag","embeddable":true,"href":"https:\/\/ceramicart.be\/nl\/wp-json\/wp\/v2\/product_tag?post=6939"}],"curies":[{"name":"wp","href":"https:\/\/api.w.org\/{rel}","templated":true}]}}