{"id":6942,"date":"2021-12-09T19:03:01","date_gmt":"2021-12-09T18:03:01","guid":{"rendered":"https:\/\/ceramicart.be\/?post_type=product&#038;p=6942"},"modified":"2023-01-24T14:35:56","modified_gmt":"2023-01-24T13:35:56","slug":"plat-champetre-marguerite-coll-lichen","status":"publish","type":"product","link":"https:\/\/ceramicart.be\/nl\/shop-standard\/art-de-la-table\/plat-champetre-marguerite-coll-lichen\/","title":{"rendered":"Plat champ\u00eatre Marguerite &#8211; Coll Lichen"},"content":{"rendered":"<p>Plat d\u00e9coratif avec une empreinte florale de marguerite pour immortaliser les jolis cadeaux de dame nature. Id\u00e9al pour un plat de pr\u00e9sentation de g\u00e2teaux, pour y d\u00e9poser ses bijoux\u2026<\/p>","protected":false},"excerpt":{"rendered":"<p>Plat oval en c\u00e9ramique de 20 cm de longueur, 16 cm de large 3 cm de hauteur avec une empreinte de feuille (ici marguerite)<\/p>\n<p>Chaque pi\u00e8ce est unique et peut avoir de l\u00e9g\u00e8res variations de forme, de couleur et d\u2019\u00e9paisseur. Votre plat peut aller au lave vaisselle.<\/p>","protected":false},"featured_media":7136,"template":"","meta":{"jetpack_publicize_message":"Plat champ\u00eatre gris - Marguerite","jetpack_publicize_feature_enabled":true,"jetpack_social_post_already_shared":true,"jetpack_social_options":{"image_generator_settings":{"template":"highway","enabled":false},"version":2}},"product_brand":[],"product_cat":[45,242,48],"product_tag":[],"class_list":{"0":"post-6942","1":"product","2":"type-product","3":"status-publish","4":"has-post-thumbnail","6":"product_cat-art-de-la-table","7":"product_cat-collection-lichen","8":"product_cat-decoration","10":"first","11":"outofstock","12":"shipping-taxable","13":"purchasable","14":"product-type-simple"},"jetpack_publicize_connections":[],"jetpack_sharing_enabled":true,"_links":{"self":[{"href":"https:\/\/ceramicart.be\/nl\/wp-json\/wp\/v2\/product\/6942"}],"collection":[{"href":"https:\/\/ceramicart.be\/nl\/wp-json\/wp\/v2\/product"}],"about":[{"href":"https:\/\/ceramicart.be\/nl\/wp-json\/wp\/v2\/types\/product"}],"wp:featuredmedia":[{"embeddable":true,"href":"https:\/\/ceramicart.be\/nl\/wp-json\/wp\/v2\/media\/7136"}],"wp:attachment":[{"href":"https:\/\/ceramicart.be\/nl\/wp-json\/wp\/v2\/media?parent=6942"}],"wp:term":[{"taxonomy":"product_brand","embeddable":true,"href":"https:\/\/ceramicart.be\/nl\/wp-json\/wp\/v2\/product_brand?post=6942"},{"taxonomy":"product_cat","embeddable":true,"href":"https:\/\/ceramicart.be\/nl\/wp-json\/wp\/v2\/product_cat?post=6942"},{"taxonomy":"product_tag","embeddable":true,"href":"https:\/\/ceramicart.be\/nl\/wp-json\/wp\/v2\/product_tag?post=6942"}],"curies":[{"name":"wp","href":"https:\/\/api.w.org\/{rel}","templated":true}]}}