{"id":6951,"date":"2021-12-09T19:58:12","date_gmt":"2021-12-09T18:58:12","guid":{"rendered":"https:\/\/ceramicart.be\/?post_type=product&#038;p=6951"},"modified":"2022-06-13T19:41:31","modified_gmt":"2022-06-13T18:41:31","slug":"vase-etroit-rose-pale","status":"publish","type":"product","link":"https:\/\/ceramicart.be\/nl\/shop-standard\/decoration\/vase-etroit-rose-pale\/","title":{"rendered":"VASE \u00e9troit rose p\u00e2le"},"content":{"rendered":"<p>Ce vase en gr\u00e8s blanc de Belgique est \u00e9maill\u00e9 en couleur rose tr\u00e8s p\u00e2le. Il est satin\u00e9 au toucher.<\/p>\n<p>Cet \u00e9l\u00e9ment de d\u00e9coration est r\u00e9solument intemporel et tr\u00e8s design.<\/p>","protected":false},"excerpt":{"rendered":"<p>Vase pour sublimer vos plus jolis bouquets de fleurs. Vous pouvez aussi l&rsquo;utiliser pour y d\u00e9poser vos ustensiles de cuisine. Il convient au lave-vaisselle.<\/p>","protected":false},"featured_media":7054,"template":"","meta":{"jetpack_publicize_message":"Vase \u00e9troit rose p\u00e2le. Hauteur 18 cm, diam\u00e8tre 8,5 cm","jetpack_publicize_feature_enabled":true,"jetpack_social_post_already_shared":true,"jetpack_social_options":{"image_generator_settings":{"template":"highway","enabled":false},"version":2}},"product_brand":[],"product_cat":[48],"product_tag":[171,169,166,33],"class_list":{"0":"post-6951","1":"product","2":"type-product","3":"status-publish","4":"has-post-thumbnail","6":"product_cat-decoration","7":"product_tag-cuisine","8":"product_tag-gres-blanc","9":"product_tag-vaisselle","10":"product_tag-vase","12":"first","13":"outofstock","14":"sale","15":"shipping-taxable","16":"purchasable","17":"product-type-simple"},"jetpack_publicize_connections":[],"jetpack_sharing_enabled":true,"_links":{"self":[{"href":"https:\/\/ceramicart.be\/nl\/wp-json\/wp\/v2\/product\/6951"}],"collection":[{"href":"https:\/\/ceramicart.be\/nl\/wp-json\/wp\/v2\/product"}],"about":[{"href":"https:\/\/ceramicart.be\/nl\/wp-json\/wp\/v2\/types\/product"}],"wp:featuredmedia":[{"embeddable":true,"href":"https:\/\/ceramicart.be\/nl\/wp-json\/wp\/v2\/media\/7054"}],"wp:attachment":[{"href":"https:\/\/ceramicart.be\/nl\/wp-json\/wp\/v2\/media?parent=6951"}],"wp:term":[{"taxonomy":"product_brand","embeddable":true,"href":"https:\/\/ceramicart.be\/nl\/wp-json\/wp\/v2\/product_brand?post=6951"},{"taxonomy":"product_cat","embeddable":true,"href":"https:\/\/ceramicart.be\/nl\/wp-json\/wp\/v2\/product_cat?post=6951"},{"taxonomy":"product_tag","embeddable":true,"href":"https:\/\/ceramicart.be\/nl\/wp-json\/wp\/v2\/product_tag?post=6951"}],"curies":[{"name":"wp","href":"https:\/\/api.w.org\/{rel}","templated":true}]}}