{"id":6955,"date":"2021-12-09T20:43:02","date_gmt":"2021-12-09T19:43:02","guid":{"rendered":"https:\/\/ceramicart.be\/?post_type=product&#038;p=6955"},"modified":"2022-05-17T12:42:16","modified_gmt":"2022-05-17T11:42:16","slug":"petit-vase-boule-en-gres-noir-coll-drops","status":"publish","type":"product","link":"https:\/\/ceramicart.be\/nl\/shop-standard\/decoration\/petit-vase-boule-en-gres-noir-coll-drops\/","title":{"rendered":"Petit vase boule en gr\u00e8s noir- Coll DROPS"},"content":{"rendered":"<p>La collection DROPS est une collection de c\u00e9ramiques artisanales avec de jolies gouttes \u00e0 l\u2019ext\u00e9rieur. Sa texture invite vraiment au toucher.<\/p>\n<p>Cette version Black &amp; White utilise un gr\u00e8s tr\u00e8s noir qui contraste joliment avec les gouttes blanches.<\/p>","protected":false},"excerpt":{"rendered":"<p>Petit vase de forme boule pour une d\u00e9co design et unique. Il convient au lave-vaisselle.<\/p>","protected":false},"featured_media":7032,"template":"","meta":{"jetpack_publicize_message":"Ce mignon petit vase en forme de boule a une hauteur de 8,5 cm. Effet goutte sur l'ext\u00e9rieur.","jetpack_publicize_feature_enabled":true,"jetpack_social_post_already_shared":true,"jetpack_social_options":{"image_generator_settings":{"template":"highway","enabled":false},"version":2}},"product_brand":[],"product_cat":[285,48],"product_tag":[171,287,166,33],"class_list":{"0":"post-6955","1":"product","2":"type-product","3":"status-publish","4":"has-post-thumbnail","6":"product_cat-collection-drops","7":"product_cat-decoration","8":"product_tag-cuisine","9":"product_tag-gres-noir","10":"product_tag-vaisselle","11":"product_tag-vase","13":"first","14":"outofstock","15":"shipping-taxable","16":"purchasable","17":"product-type-simple"},"jetpack_publicize_connections":[],"jetpack_sharing_enabled":true,"_links":{"self":[{"href":"https:\/\/ceramicart.be\/nl\/wp-json\/wp\/v2\/product\/6955"}],"collection":[{"href":"https:\/\/ceramicart.be\/nl\/wp-json\/wp\/v2\/product"}],"about":[{"href":"https:\/\/ceramicart.be\/nl\/wp-json\/wp\/v2\/types\/product"}],"wp:featuredmedia":[{"embeddable":true,"href":"https:\/\/ceramicart.be\/nl\/wp-json\/wp\/v2\/media\/7032"}],"wp:attachment":[{"href":"https:\/\/ceramicart.be\/nl\/wp-json\/wp\/v2\/media?parent=6955"}],"wp:term":[{"taxonomy":"product_brand","embeddable":true,"href":"https:\/\/ceramicart.be\/nl\/wp-json\/wp\/v2\/product_brand?post=6955"},{"taxonomy":"product_cat","embeddable":true,"href":"https:\/\/ceramicart.be\/nl\/wp-json\/wp\/v2\/product_cat?post=6955"},{"taxonomy":"product_tag","embeddable":true,"href":"https:\/\/ceramicart.be\/nl\/wp-json\/wp\/v2\/product_tag?post=6955"}],"curies":[{"name":"wp","href":"https:\/\/api.w.org\/{rel}","templated":true}]}}