{"id":6959,"date":"2021-12-09T21:05:03","date_gmt":"2021-12-09T20:05:03","guid":{"rendered":"https:\/\/ceramicart.be\/?post_type=product&#038;p=6959"},"modified":"2022-06-20T11:24:10","modified_gmt":"2022-06-20T10:24:10","slug":"bouteille-en-gres-noir-001","status":"publish","type":"product","link":"https:\/\/ceramicart.be\/nl\/shop-standard\/decoration\/bouteille-en-gres-noir-001\/","title":{"rendered":"Bouteille en gr\u00e8s noir &#8211; 001"},"content":{"rendered":"","protected":false},"excerpt":{"rendered":"<p>Vase de forme bouteille en gr\u00e8s noir, \u00e9maill\u00e9 \u00e0 l&rsquo;int\u00e9rieur.<\/p>\n<p>Le goulot a 2,5cm de diam\u00e8tre. La base est de 10 cm de diam\u00e8tre. Hauteur 17,5 cm<\/p>\n<p>Mettez-y quelques fleurs fraiches ou s\u00e9ch\u00e9es pour sublimer votre d\u00e9coration int\u00e9rieure.<\/p>\n<p>Il convient au lave-vaisselle.<\/p>","protected":false},"featured_media":7100,"template":"","meta":{"jetpack_publicize_message":"Jolie bouteille en gr\u00e8s noir. Elle est \u00e9maill\u00e9e \u00e0 l'int\u00e9rieur donc elle est totalement \u00e9tanche. Peut-\u00eatre le cadeau pour votre amie, soeur, maman, belle-m\u00e8re?","jetpack_publicize_feature_enabled":true,"jetpack_social_post_already_shared":true,"jetpack_social_options":{"image_generator_settings":{"template":"highway","enabled":false},"version":2}},"product_brand":[],"product_cat":[285,48],"product_tag":[171,287,166,33],"class_list":{"0":"post-6959","1":"product","2":"type-product","3":"status-publish","4":"has-post-thumbnail","6":"product_cat-collection-drops","7":"product_cat-decoration","8":"product_tag-cuisine","9":"product_tag-gres-noir","10":"product_tag-vaisselle","11":"product_tag-vase","13":"first","14":"outofstock","15":"shipping-taxable","16":"purchasable","17":"product-type-simple"},"jetpack_publicize_connections":[],"jetpack_sharing_enabled":true,"_links":{"self":[{"href":"https:\/\/ceramicart.be\/nl\/wp-json\/wp\/v2\/product\/6959"}],"collection":[{"href":"https:\/\/ceramicart.be\/nl\/wp-json\/wp\/v2\/product"}],"about":[{"href":"https:\/\/ceramicart.be\/nl\/wp-json\/wp\/v2\/types\/product"}],"wp:featuredmedia":[{"embeddable":true,"href":"https:\/\/ceramicart.be\/nl\/wp-json\/wp\/v2\/media\/7100"}],"wp:attachment":[{"href":"https:\/\/ceramicart.be\/nl\/wp-json\/wp\/v2\/media?parent=6959"}],"wp:term":[{"taxonomy":"product_brand","embeddable":true,"href":"https:\/\/ceramicart.be\/nl\/wp-json\/wp\/v2\/product_brand?post=6959"},{"taxonomy":"product_cat","embeddable":true,"href":"https:\/\/ceramicart.be\/nl\/wp-json\/wp\/v2\/product_cat?post=6959"},{"taxonomy":"product_tag","embeddable":true,"href":"https:\/\/ceramicart.be\/nl\/wp-json\/wp\/v2\/product_tag?post=6959"}],"curies":[{"name":"wp","href":"https:\/\/api.w.org\/{rel}","templated":true}]}}