{"id":6970,"date":"2021-12-09T21:14:53","date_gmt":"2021-12-09T20:14:53","guid":{"rendered":"https:\/\/ceramicart.be\/?post_type=product&#038;p=6970"},"modified":"2022-01-24T17:40:30","modified_gmt":"2022-01-24T16:40:30","slug":"bouteille-goutte-en-gres-noir-coll-drops-001","status":"publish","type":"product","link":"https:\/\/ceramicart.be\/nl\/shop-standard\/decoration\/bouteille-goutte-en-gres-noir-coll-drops-001\/","title":{"rendered":"Bouteille goutte en gr\u00e8s noir- Coll DROPS &#8211; 001"},"content":{"rendered":"<p>La collection DROPS est une collection de c\u00e9ramiques artisanales avec de jolies gouttes \u00e0 l\u2019ext\u00e9rieur. Sa texture invite vraiment au toucher.<\/p>\n<p>Cette version Black &amp; White utilise un gr\u00e8s tr\u00e8s noir qui contraste joliment avec les gouttes blanches.<\/p>","protected":false},"excerpt":{"rendered":"<p>Vase de forme bouteille en gr\u00e8s noir, \u00e9maill\u00e9 \u00e0 l&rsquo;int\u00e9rieur, effet goutte \u00e0 l&rsquo;ext\u00e9rieur. Mettez-y quelques fleurs fraiches ou s\u00e9ch\u00e9es pour sublimer votre d\u00e9coration int\u00e9rieure.<\/p>\n<p>La base est de 9,5cm de diam\u00e8tre. Hauteur 14,5 cm. Le goulot a 2,5cm de diam\u00e8tre et\u00a0permet d&rsquo;ins\u00e9rer un embout pour transformer la bouteille en lampe \u00e0 huile. Embout non livr\u00e9 avec la bouteille. Il peut \u00eatre command\u00e9 s\u00e9par\u00e9ment.<\/p>\n<p>Il convient au lave-vaisselle.<\/p>","protected":false},"featured_media":7062,"template":"","meta":{"jetpack_publicize_message":"Bouteille d\u00e9corative pour accueillir vos bouquets. Peut se transformer en bouteille \u00e0 huile.","jetpack_publicize_feature_enabled":true,"jetpack_social_post_already_shared":true,"jetpack_social_options":{"image_generator_settings":{"template":"highway","enabled":false},"version":2}},"product_brand":[],"product_cat":[285,48],"product_tag":[171,287,166,33],"class_list":{"0":"post-6970","1":"product","2":"type-product","3":"status-publish","4":"has-post-thumbnail","6":"product_cat-collection-drops","7":"product_cat-decoration","8":"product_tag-cuisine","9":"product_tag-gres-noir","10":"product_tag-vaisselle","11":"product_tag-vase","13":"first","14":"instock","15":"shipping-taxable","16":"purchasable","17":"product-type-simple"},"jetpack_publicize_connections":[],"jetpack_sharing_enabled":true,"_links":{"self":[{"href":"https:\/\/ceramicart.be\/nl\/wp-json\/wp\/v2\/product\/6970"}],"collection":[{"href":"https:\/\/ceramicart.be\/nl\/wp-json\/wp\/v2\/product"}],"about":[{"href":"https:\/\/ceramicart.be\/nl\/wp-json\/wp\/v2\/types\/product"}],"wp:featuredmedia":[{"embeddable":true,"href":"https:\/\/ceramicart.be\/nl\/wp-json\/wp\/v2\/media\/7062"}],"wp:attachment":[{"href":"https:\/\/ceramicart.be\/nl\/wp-json\/wp\/v2\/media?parent=6970"}],"wp:term":[{"taxonomy":"product_brand","embeddable":true,"href":"https:\/\/ceramicart.be\/nl\/wp-json\/wp\/v2\/product_brand?post=6970"},{"taxonomy":"product_cat","embeddable":true,"href":"https:\/\/ceramicart.be\/nl\/wp-json\/wp\/v2\/product_cat?post=6970"},{"taxonomy":"product_tag","embeddable":true,"href":"https:\/\/ceramicart.be\/nl\/wp-json\/wp\/v2\/product_tag?post=6970"}],"curies":[{"name":"wp","href":"https:\/\/api.w.org\/{rel}","templated":true}]}}