{"id":6972,"date":"2021-12-09T21:22:49","date_gmt":"2021-12-09T20:22:49","guid":{"rendered":"https:\/\/ceramicart.be\/?post_type=product&#038;p=6972"},"modified":"2022-05-17T12:42:16","modified_gmt":"2022-05-17T11:42:16","slug":"bouteille-goutte-en-gres-noir-coll-drops-003","status":"publish","type":"product","link":"https:\/\/ceramicart.be\/nl\/shop-standard\/decoration\/bouteille-goutte-en-gres-noir-coll-drops-003\/","title":{"rendered":"Bouteille goutte en gr\u00e8s noir- Coll DROPS &#8211; 003"},"content":{"rendered":"<p>La collection DROPS est une collection de c\u00e9ramiques artisanales avec de jolies gouttes \u00e0 l\u2019ext\u00e9rieur. Sa texture invite vraiment au toucher.<\/p>\n<p>Cette version Black &amp; White utilise un gr\u00e8s tr\u00e8s noir qui contraste joliment avec les gouttes blanches.<\/p>","protected":false},"excerpt":{"rendered":"<p>Vase de forme bouteille en gr\u00e8s noir, \u00e9maill\u00e9 \u00e0 l&rsquo;int\u00e9rieur, effet goutte \u00e0 l&rsquo;ext\u00e9rieur.<\/p>\n<p>Le goulot a 4 cm de diam\u00e8tre. La base est de 10 cm de diam\u00e8tre. Hauteur 16 cm<\/p>\n<p>Mettez-y quelques fleurs fraiches ou s\u00e9ch\u00e9es pour sublimer votre d\u00e9coration int\u00e9rieure.<\/p>\n<p>Il convient au lave-vaisselle.<\/p>","protected":false},"featured_media":7063,"template":"","meta":{"jetpack_publicize_message":"Bouteille en gr\u00e8s noir. Coul\u00e9es d'\u00e9mail goutte. Id\u00e9al pour accueillir quelques jolies fleurs glan\u00e9es dans la nature.","jetpack_publicize_feature_enabled":true,"jetpack_social_post_already_shared":true,"jetpack_social_options":{"image_generator_settings":{"template":"highway","enabled":false},"version":2}},"product_brand":[],"product_cat":[285,48],"product_tag":[171,287,166,33],"class_list":{"0":"post-6972","1":"product","2":"type-product","3":"status-publish","4":"has-post-thumbnail","6":"product_cat-collection-drops","7":"product_cat-decoration","8":"product_tag-cuisine","9":"product_tag-gres-noir","10":"product_tag-vaisselle","11":"product_tag-vase","13":"first","14":"outofstock","15":"shipping-taxable","16":"purchasable","17":"product-type-simple"},"jetpack_publicize_connections":[],"jetpack_sharing_enabled":true,"_links":{"self":[{"href":"https:\/\/ceramicart.be\/nl\/wp-json\/wp\/v2\/product\/6972"}],"collection":[{"href":"https:\/\/ceramicart.be\/nl\/wp-json\/wp\/v2\/product"}],"about":[{"href":"https:\/\/ceramicart.be\/nl\/wp-json\/wp\/v2\/types\/product"}],"wp:featuredmedia":[{"embeddable":true,"href":"https:\/\/ceramicart.be\/nl\/wp-json\/wp\/v2\/media\/7063"}],"wp:attachment":[{"href":"https:\/\/ceramicart.be\/nl\/wp-json\/wp\/v2\/media?parent=6972"}],"wp:term":[{"taxonomy":"product_brand","embeddable":true,"href":"https:\/\/ceramicart.be\/nl\/wp-json\/wp\/v2\/product_brand?post=6972"},{"taxonomy":"product_cat","embeddable":true,"href":"https:\/\/ceramicart.be\/nl\/wp-json\/wp\/v2\/product_cat?post=6972"},{"taxonomy":"product_tag","embeddable":true,"href":"https:\/\/ceramicart.be\/nl\/wp-json\/wp\/v2\/product_tag?post=6972"}],"curies":[{"name":"wp","href":"https:\/\/api.w.org\/{rel}","templated":true}]}}