{"id":7256,"date":"2022-02-17T09:46:17","date_gmt":"2022-02-17T08:46:17","guid":{"rendered":"https:\/\/ceramicart.be\/?post_type=product&#038;p=7256"},"modified":"2024-07-18T08:46:52","modified_gmt":"2024-07-18T07:46:52","slug":"modelage-ceramique","status":"publish","type":"product","link":"https:\/\/ceramicart.be\/nl\/shop-standard\/ateliers\/modelage-ceramique\/","title":{"rendered":"Keramiek boetseren"},"content":{"rendered":"<p><strong>Praktische informatie :<\/strong><\/p>\n<ul>\n<li>Plaats: Gemeenschapscentrum Heembeek-Mutsaard<\/li>\n<li>Aantal deelnemers: 6-12 pers<\/li>\n<li>Duur : 2u<\/li>\n<li>Leeftijd: Iedereen<\/li>\n<li>Voorkennis: geen<\/li>\n<\/ul>\n<p>Minimum 6 personen om deze workshopcyclus te kunnen laten doorgaan.<\/p>","protected":false},"excerpt":{"rendered":"<p>La terre est le m\u00e9dium id\u00e9al pour vous ancrer et revenir \u00e0 l\u2019essentiel. Laissez libre cours \u00e0 votre cr\u00e9ativit\u00e9 et fabriquez un joli soliflore, une tasse pour le caf\u00e9 du matin ou un petit bol de pr\u00e9sentation pour vos ap\u00e9ritifs entre amis.<\/p>\n<p>Durant cet atelier, vous vous initierez \u00e0 la technique du colombin pour donner vie \u00e0 votre cr\u00e9ation personnalis\u00e9e. C&rsquo;est une technique qui consiste \u00e0 monter une pi\u00e8ce de poterie en formant des boudins d&rsquo;argile. Cet atelier est l&rsquo;occasion de d\u00e9couvrir un savoir-faire ancien, de l\u00e2cher prise le temps de quelques heures et cr\u00e9er un objet de d\u00e9co pour embellir votre int\u00e9rieur !<\/p>\n<p>Ik zorg voor het bakken en glazuren van je stuk. Kom ze enkele weken later in het atelier ophalen!<\/p>\n<p>&nbsp;<\/p>\n<p><strong>Wil je je vriend(in) deze workshop cadeau doen? Je ontvangt een downloadbare cadeaubon in je mailbox zodra de betaling binnen is.<\/strong><\/p>","protected":false},"featured_media":7958,"template":"","meta":{"jetpack_publicize_message":"Je cr\u00e9\u00e9 mon soliflore en c\u00e9ramique. Il sera unique. Ca c'est certain! Psssst c'est aussi une chouette id\u00e9e cadeau...","jetpack_publicize_feature_enabled":true,"jetpack_social_post_already_shared":true,"jetpack_social_options":{"image_generator_settings":{"template":"highway","enabled":false},"version":2}},"product_brand":[],"product_cat":[144],"product_tag":[259,292,291,293],"class_list":{"0":"post-7256","1":"product","2":"type-product","3":"status-publish","4":"has-post-thumbnail","6":"product_cat-ateliers","7":"product_tag-atelier-ceramique","8":"product_tag-colombin","9":"product_tag-modelage","10":"product_tag-soliflore","12":"first","13":"instock","14":"shipping-taxable","15":"purchasable","16":"product-type-variable"},"jetpack_publicize_connections":[],"jetpack_sharing_enabled":true,"_links":{"self":[{"href":"https:\/\/ceramicart.be\/nl\/wp-json\/wp\/v2\/product\/7256"}],"collection":[{"href":"https:\/\/ceramicart.be\/nl\/wp-json\/wp\/v2\/product"}],"about":[{"href":"https:\/\/ceramicart.be\/nl\/wp-json\/wp\/v2\/types\/product"}],"wp:featuredmedia":[{"embeddable":true,"href":"https:\/\/ceramicart.be\/nl\/wp-json\/wp\/v2\/media\/7958"}],"wp:attachment":[{"href":"https:\/\/ceramicart.be\/nl\/wp-json\/wp\/v2\/media?parent=7256"}],"wp:term":[{"taxonomy":"product_brand","embeddable":true,"href":"https:\/\/ceramicart.be\/nl\/wp-json\/wp\/v2\/product_brand?post=7256"},{"taxonomy":"product_cat","embeddable":true,"href":"https:\/\/ceramicart.be\/nl\/wp-json\/wp\/v2\/product_cat?post=7256"},{"taxonomy":"product_tag","embeddable":true,"href":"https:\/\/ceramicart.be\/nl\/wp-json\/wp\/v2\/product_tag?post=7256"}],"curies":[{"name":"wp","href":"https:\/\/api.w.org\/{rel}","templated":true}]}}