{"id":7447,"date":"2022-06-01T17:27:48","date_gmt":"2022-06-01T16:27:48","guid":{"rendered":"https:\/\/ceramicart.be\/?post_type=product&#038;p=7447"},"modified":"2022-06-13T19:26:14","modified_gmt":"2022-06-13T18:26:14","slug":"mug-super-papa-3","status":"publish","type":"product","link":"https:\/\/ceramicart.be\/nl\/shop-standard\/mugs-tasses\/mug-super-papa-3\/","title":{"rendered":"Mug-Super Papa"},"content":{"rendered":"<p>Chaque pi\u00e8ce est unique et peut avoir de l\u00e9g\u00e8res variations de forme, de couleur et d\u2019\u00e9paisseur. Votre mug peut aller au lave-vaisselle.<\/p>","protected":false},"excerpt":{"rendered":"<p>Un papa, on n\u2019en a qu\u2019un. Dites-lui que vous l\u2019aimez avec ce super mug.<\/p>\n<p>Chaque pi\u00e8ce est unique et peut avoir de l\u00e9g\u00e8res variations de forme, de couleur et d\u2019\u00e9paisseur. Votre mug peut aller au lave-vaisselle.<\/p>","protected":false},"featured_media":7507,"template":"","meta":{"jetpack_publicize_message":"","jetpack_publicize_feature_enabled":true,"jetpack_social_post_already_shared":true,"jetpack_social_options":{"image_generator_settings":{"template":"highway","enabled":false},"version":2}},"product_brand":[],"product_cat":[54],"product_tag":[289,266,348],"class_list":{"0":"post-7447","1":"product","2":"type-product","3":"status-publish","4":"has-post-thumbnail","6":"product_cat-mugs-tasses","7":"product_tag-fete-des-peres","8":"product_tag-idee-cadeau","9":"product_tag-super-papa","11":"first","12":"outofstock","13":"shipping-taxable","14":"purchasable","15":"product-type-variable"},"jetpack_publicize_connections":[],"jetpack_sharing_enabled":true,"_links":{"self":[{"href":"https:\/\/ceramicart.be\/nl\/wp-json\/wp\/v2\/product\/7447"}],"collection":[{"href":"https:\/\/ceramicart.be\/nl\/wp-json\/wp\/v2\/product"}],"about":[{"href":"https:\/\/ceramicart.be\/nl\/wp-json\/wp\/v2\/types\/product"}],"wp:featuredmedia":[{"embeddable":true,"href":"https:\/\/ceramicart.be\/nl\/wp-json\/wp\/v2\/media\/7507"}],"wp:attachment":[{"href":"https:\/\/ceramicart.be\/nl\/wp-json\/wp\/v2\/media?parent=7447"}],"wp:term":[{"taxonomy":"product_brand","embeddable":true,"href":"https:\/\/ceramicart.be\/nl\/wp-json\/wp\/v2\/product_brand?post=7447"},{"taxonomy":"product_cat","embeddable":true,"href":"https:\/\/ceramicart.be\/nl\/wp-json\/wp\/v2\/product_cat?post=7447"},{"taxonomy":"product_tag","embeddable":true,"href":"https:\/\/ceramicart.be\/nl\/wp-json\/wp\/v2\/product_tag?post=7447"}],"curies":[{"name":"wp","href":"https:\/\/api.w.org\/{rel}","templated":true}]}}