{"id":7510,"date":"2022-06-09T12:36:49","date_gmt":"2022-06-09T11:36:49","guid":{"rendered":"https:\/\/ceramicart.be\/?post_type=product&#038;p=7510"},"modified":"2022-06-09T11:34:37","modified_gmt":"2022-06-09T10:34:37","slug":"mug-super-prof","status":"publish","type":"product","link":"https:\/\/ceramicart.be\/nl\/shop-standard\/mugs-tasses\/mug-super-prof\/","title":{"rendered":"Mug Super Prof"},"content":{"rendered":"<p>Chaque pi\u00e8ce est unique et peut avoir de l\u00e9g\u00e8res variations de forme, de couleur et d\u2019\u00e9paisseur. Votre mug peut aller au lave-vaisselle.<br \/>\nContenance approximative 300ml<\/p>","protected":false},"excerpt":{"rendered":"<p>Quelques enseignants ont marqu\u00e9 ma m\u00e9moire jusqu&rsquo;\u00e0 aujourd&rsquo;hui. Certains \u00e9taient passionn\u00e9s, d&rsquo;autres \u00e9taient exigeants.<\/p>\n<p>Pendant une ann\u00e9e, ils accompagnent nos enfants et c&rsquo;est aussi l&rsquo;occasion de les remercier avec ce joli mug \u00ab\u00a0made in Belgium\u00a0\u00bb<\/p>","protected":false},"featured_media":7343,"template":"","meta":{"jetpack_publicize_message":"Quand on a un prof qui a marqu\u00e9 notre m\u00e9moire, on a aussi envie de lui offrir un cadeau qui perdurera dans le temps. \r\nMug Super Prof","jetpack_publicize_feature_enabled":true,"jetpack_social_post_already_shared":true,"jetpack_social_options":{"image_generator_settings":{"template":"highway","enabled":false},"version":2}},"product_brand":[],"product_cat":[54],"product_tag":[],"class_list":{"0":"post-7510","1":"product","2":"type-product","3":"status-publish","4":"has-post-thumbnail","6":"product_cat-mugs-tasses","8":"first","9":"outofstock","10":"shipping-taxable","11":"purchasable","12":"product-type-simple"},"jetpack_publicize_connections":[],"jetpack_sharing_enabled":true,"_links":{"self":[{"href":"https:\/\/ceramicart.be\/nl\/wp-json\/wp\/v2\/product\/7510"}],"collection":[{"href":"https:\/\/ceramicart.be\/nl\/wp-json\/wp\/v2\/product"}],"about":[{"href":"https:\/\/ceramicart.be\/nl\/wp-json\/wp\/v2\/types\/product"}],"wp:featuredmedia":[{"embeddable":true,"href":"https:\/\/ceramicart.be\/nl\/wp-json\/wp\/v2\/media\/7343"}],"wp:attachment":[{"href":"https:\/\/ceramicart.be\/nl\/wp-json\/wp\/v2\/media?parent=7510"}],"wp:term":[{"taxonomy":"product_brand","embeddable":true,"href":"https:\/\/ceramicart.be\/nl\/wp-json\/wp\/v2\/product_brand?post=7510"},{"taxonomy":"product_cat","embeddable":true,"href":"https:\/\/ceramicart.be\/nl\/wp-json\/wp\/v2\/product_cat?post=7510"},{"taxonomy":"product_tag","embeddable":true,"href":"https:\/\/ceramicart.be\/nl\/wp-json\/wp\/v2\/product_tag?post=7510"}],"curies":[{"name":"wp","href":"https:\/\/api.w.org\/{rel}","templated":true}]}}