{"id":7511,"date":"2022-06-11T18:10:12","date_gmt":"2022-06-11T17:10:12","guid":{"rendered":"https:\/\/ceramicart.be\/?post_type=product&#038;p=7511"},"modified":"2022-06-11T17:07:22","modified_gmt":"2022-06-11T16:07:22","slug":"mug-merci-2","status":"publish","type":"product","link":"https:\/\/ceramicart.be\/nl\/shop-standard\/mugs-tasses\/mug-merci-2\/","title":{"rendered":"Mug Merci"},"content":{"rendered":"<p>Chaque pi\u00e8ce est unique et peut avoir de l\u00e9g\u00e8res variations de forme, de couleur et d\u2019\u00e9paisseur. Votre mug peut aller au lave-vaisselle.<br \/>\nContenance approximative 300ml<\/p>","protected":false},"excerpt":{"rendered":"<p>Merci &#8211; petit mot compos\u00e9 de 5 lettres qui fait souvent la diff\u00e9rence.<br \/>\nUn Merci qui vous accompagnera tous les matins.<br \/>\nQuoi de mieux pour commencer sa journ\u00e9e?<\/p>","protected":false},"featured_media":7512,"template":"","meta":{"jetpack_publicize_message":"Quand on a envie de dire \"Merci\"d'une mani\u00e8re originale.\r\nChouette id\u00e9e cadeau pour remercier les instituteurs en cette fin d'ann\u00e9e.","jetpack_publicize_feature_enabled":true,"jetpack_social_post_already_shared":true,"jetpack_social_options":{"image_generator_settings":{"template":"highway","enabled":false},"version":2}},"product_brand":[],"product_cat":[54],"product_tag":[],"class_list":{"0":"post-7511","1":"product","2":"type-product","3":"status-publish","4":"has-post-thumbnail","6":"product_cat-mugs-tasses","8":"first","9":"instock","10":"shipping-taxable","11":"purchasable","12":"product-type-simple"},"jetpack_publicize_connections":[],"jetpack_sharing_enabled":true,"_links":{"self":[{"href":"https:\/\/ceramicart.be\/nl\/wp-json\/wp\/v2\/product\/7511"}],"collection":[{"href":"https:\/\/ceramicart.be\/nl\/wp-json\/wp\/v2\/product"}],"about":[{"href":"https:\/\/ceramicart.be\/nl\/wp-json\/wp\/v2\/types\/product"}],"wp:featuredmedia":[{"embeddable":true,"href":"https:\/\/ceramicart.be\/nl\/wp-json\/wp\/v2\/media\/7512"}],"wp:attachment":[{"href":"https:\/\/ceramicart.be\/nl\/wp-json\/wp\/v2\/media?parent=7511"}],"wp:term":[{"taxonomy":"product_brand","embeddable":true,"href":"https:\/\/ceramicart.be\/nl\/wp-json\/wp\/v2\/product_brand?post=7511"},{"taxonomy":"product_cat","embeddable":true,"href":"https:\/\/ceramicart.be\/nl\/wp-json\/wp\/v2\/product_cat?post=7511"},{"taxonomy":"product_tag","embeddable":true,"href":"https:\/\/ceramicart.be\/nl\/wp-json\/wp\/v2\/product_tag?post=7511"}],"curies":[{"name":"wp","href":"https:\/\/api.w.org\/{rel}","templated":true}]}}