{"id":7751,"date":"2024-06-16T15:53:35","date_gmt":"2024-06-16T14:53:35","guid":{"rendered":"https:\/\/ceramicart.be\/?post_type=product&#038;p=7751"},"modified":"2024-06-16T17:03:14","modified_gmt":"2024-06-16T16:03:14","slug":"saliere-et-poivrier","status":"publish","type":"product","link":"https:\/\/ceramicart.be\/nl\/shop-standard\/uncategorized\/saliere-et-poivrier\/","title":{"rendered":"Sali\u00e8re et Poivrier"},"content":{"rendered":"<p>Duo Sali\u00e8re et Poivrier<\/p>\n<p><span style=\"font-weight: 400;\">Etant donn\u00e9 le caract\u00e8re artisanal des produits, chaque pi\u00e8ce est unique et peut avoir de l\u00e9g\u00e8res variations de forme, de couleur et d\u2019\u00e9paisseur.\u00a0<\/span><\/p>","protected":false},"excerpt":{"rendered":"<p>Ce joli set compos\u00e9 d&rsquo;une sali\u00e8re et d&rsquo;un poivrier est id\u00e9al pour pimenter vos repas. Ouverture ferm\u00e9e par un bouchon en li\u00e8ge.<\/p>","protected":false},"featured_media":8250,"template":"","meta":{"jetpack_publicize_message":"Sali\u00e8re et Poivrier","jetpack_publicize_feature_enabled":true,"jetpack_social_post_already_shared":true,"jetpack_social_options":{"image_generator_settings":{"template":"highway","enabled":false},"version":2}},"product_brand":[],"product_cat":[17,45],"product_tag":[],"class_list":{"0":"post-7751","1":"product","2":"type-product","3":"status-publish","4":"has-post-thumbnail","6":"product_cat-uncategorized","7":"product_cat-art-de-la-table","9":"first","10":"instock","11":"shipping-taxable","12":"purchasable","13":"product-type-variable"},"jetpack_publicize_connections":[],"jetpack_sharing_enabled":true,"_links":{"self":[{"href":"https:\/\/ceramicart.be\/nl\/wp-json\/wp\/v2\/product\/7751"}],"collection":[{"href":"https:\/\/ceramicart.be\/nl\/wp-json\/wp\/v2\/product"}],"about":[{"href":"https:\/\/ceramicart.be\/nl\/wp-json\/wp\/v2\/types\/product"}],"wp:featuredmedia":[{"embeddable":true,"href":"https:\/\/ceramicart.be\/nl\/wp-json\/wp\/v2\/media\/8250"}],"wp:attachment":[{"href":"https:\/\/ceramicart.be\/nl\/wp-json\/wp\/v2\/media?parent=7751"}],"wp:term":[{"taxonomy":"product_brand","embeddable":true,"href":"https:\/\/ceramicart.be\/nl\/wp-json\/wp\/v2\/product_brand?post=7751"},{"taxonomy":"product_cat","embeddable":true,"href":"https:\/\/ceramicart.be\/nl\/wp-json\/wp\/v2\/product_cat?post=7751"},{"taxonomy":"product_tag","embeddable":true,"href":"https:\/\/ceramicart.be\/nl\/wp-json\/wp\/v2\/product_tag?post=7751"}],"curies":[{"name":"wp","href":"https:\/\/api.w.org\/{rel}","templated":true}]}}