{"id":8211,"date":"2024-06-14T16:50:07","date_gmt":"2024-06-14T15:50:07","guid":{"rendered":"https:\/\/ceramicart.be\/?post_type=product&#038;p=8211"},"modified":"2024-06-16T16:44:06","modified_gmt":"2024-06-16T15:44:06","slug":"mug-im-strong","status":"publish","type":"product","link":"https:\/\/ceramicart.be\/nl\/shop-standard\/mugs-tasses\/mug-im-strong\/","title":{"rendered":"Mug -I&rsquo;m Strong"},"content":{"rendered":"<p>Chaque pi\u00e8ce est unique et peut avoir de l\u00e9g\u00e8res variations de forme, de couleur et d\u2019\u00e9paisseur. Votre mug peut aller au lave-vaisselle.<\/p>","protected":false},"excerpt":{"rendered":"<div class=\"woocommerce-product-details__short-description\">\n<p>Dites-lui avec ce super mug personnalis\u00e9.<\/p>\n<\/div>\n<div class=\"product_meta\"><\/div>","protected":false},"featured_media":8212,"template":"","meta":{"jetpack_publicize_message":"Le lilas me fait invariablement penser \u00e0 ma maman. Cette fragrance forte et douce \u00e0 la fois me fait repartir des ann\u00e9es en arri\u00e8re. \r\nMUG - dans les yeux de ma m\u00e8re...","jetpack_publicize_feature_enabled":true,"jetpack_social_post_already_shared":true,"jetpack_social_options":{"image_generator_settings":{"template":"highway","enabled":false},"version":2}},"product_brand":[],"product_cat":[54],"product_tag":[265,186],"class_list":{"0":"post-8211","1":"product","2":"type-product","3":"status-publish","4":"has-post-thumbnail","6":"product_cat-mugs-tasses","7":"product_tag-fete-des-meres","8":"product_tag-mug","10":"first","11":"instock","12":"shipping-taxable","13":"purchasable","14":"product-type-simple"},"jetpack_publicize_connections":[],"jetpack_sharing_enabled":true,"_links":{"self":[{"href":"https:\/\/ceramicart.be\/nl\/wp-json\/wp\/v2\/product\/8211"}],"collection":[{"href":"https:\/\/ceramicart.be\/nl\/wp-json\/wp\/v2\/product"}],"about":[{"href":"https:\/\/ceramicart.be\/nl\/wp-json\/wp\/v2\/types\/product"}],"wp:featuredmedia":[{"embeddable":true,"href":"https:\/\/ceramicart.be\/nl\/wp-json\/wp\/v2\/media\/8212"}],"wp:attachment":[{"href":"https:\/\/ceramicart.be\/nl\/wp-json\/wp\/v2\/media?parent=8211"}],"wp:term":[{"taxonomy":"product_brand","embeddable":true,"href":"https:\/\/ceramicart.be\/nl\/wp-json\/wp\/v2\/product_brand?post=8211"},{"taxonomy":"product_cat","embeddable":true,"href":"https:\/\/ceramicart.be\/nl\/wp-json\/wp\/v2\/product_cat?post=8211"},{"taxonomy":"product_tag","embeddable":true,"href":"https:\/\/ceramicart.be\/nl\/wp-json\/wp\/v2\/product_tag?post=8211"}],"curies":[{"name":"wp","href":"https:\/\/api.w.org\/{rel}","templated":true}]}}